{"id":1184,"date":"2018-05-07T12:35:20","date_gmt":"2018-05-07T10:35:20","guid":{"rendered":"http:\/\/wordpress.nibis.de\/gs-berge\/?page_id=1184"},"modified":"2024-04-19T14:47:06","modified_gmt":"2024-04-19T12:47:06","slug":"methodentag","status":"publish","type":"page","link":"https:\/\/wordpress.nibis.de\/gs-berge\/methodentag\/","title":{"rendered":"Methoden-\/Sozialkompetenztag"},"content":{"rendered":"\n<p>Die <strong>1. Klassen<\/strong> der Grundschule Berge haben zum Thema Bremerstadtmusikanten die Teamarbeit erprobt. Zusammen haben sie ein Bild gemalt und danach \u00fcber Regeln bei der Gruppenarbeit gesprochen. Abschlie\u00dfend ist der erste Jahrgang zusammen zum Osterberg gewandert, wo sie gemeinschaftlich gefr\u00fchst\u00fcckt und Tipis gebaut haben. <\/p>\n\n\n\n<p>Die <strong>2. Klasse<\/strong> hat am Methoden-\/Sozialkompetenztag die Partnerarbeit ge\u00fcbt. Daf\u00fcr wurden Regeln besprochen. Ein Verabredungskalender, der im Unterricht ab jetzt eingesetzt wird, wurde entwickelt. <\/p>\n\n\n\n<p>Die <strong>3.Klasse<\/strong> der Grundschule Berge hat ein Gruppenprisma erstellt. Gruppenname und Logo verhalfen den Kindern die Teamarbeit zu festigen und ein Gemeinschaftsgef\u00fchl entstehen zu lassen.  <br>Die Gruppenprismas wurden abschlie\u00dfend besprochen und vorgestellt. <\/p>\n\n\n\n<p>Die <strong>4. Klassen <\/strong>haben am Methoden-\/Sozialkompetenztag zun\u00e4chst eine neue Sitzordnung bestimmt. Dabei wurde geschaut, wie die Sch\u00fcler und Sch\u00fclerinnen zusammenarbeiten k\u00f6nnen. Au\u00dferdem konnten sich die Kinder aussuchen, wer ihr Herz- und Kreis- Partner sein soll. Den Karo-Partner hat die Lehrkraft bestimmt. In einer Gruppenarbeit wurde ein Plakat zum Thema Delfin erstellt. Spione haben beobachtet, wie gut die Kinder zusammengearbeitet haben. Die Gruppen wurden durch die Methode Schneeballschlacht zusammengesetzt. Am Ende des Tages wurden noch ein paar Spiele gespielt. <\/p>\n","protected":false},"excerpt":{"rendered":"<p>Die 1. Klassen der Grundschule Berge haben zum Thema Bremerstadtmusikanten die Teamarbeit erprobt. Zusammen haben sie ein Bild gemalt und danach \u00fcber Regeln bei der Gruppenarbeit gesprochen. Abschlie\u00dfend ist der erste Jahrgang zusammen zum Osterberg gewandert, wo sie gemeinschaftlich gefr\u00fchst\u00fcckt &hellip; <a href=\"https:\/\/wordpress.nibis.de\/gs-berge\/methodentag\/\">Weiterlesen <span class=\"meta-nav\">&rarr;<\/span><\/a><\/p>\n","protected":false},"author":1238,"featured_media":0,"parent":0,"menu_order":0,"comment_status":"closed","ping_status":"closed","template":"","meta":{"footnotes":""},"class_list":["post-1184","page","type-page","status-publish","hentry"],"_links":{"self":[{"href":"https:\/\/wordpress.nibis.de\/gs-berge\/wp-json\/wp\/v2\/pages\/1184","targetHints":{"allow":["GET"]}}],"collection":[{"href":"https:\/\/wordpress.nibis.de\/gs-berge\/wp-json\/wp\/v2\/pages"}],"about":[{"href":"https:\/\/wordpress.nibis.de\/gs-berge\/wp-json\/wp\/v2\/types\/page"}],"author":[{"embeddable":true,"href":"https:\/\/wordpress.nibis.de\/gs-berge\/wp-json\/wp\/v2\/users\/1238"}],"replies":[{"embeddable":true,"href":"https:\/\/wordpress.nibis.de\/gs-berge\/wp-json\/wp\/v2\/comments?post=1184"}],"version-history":[{"count":7,"href":"https:\/\/wordpress.nibis.de\/gs-berge\/wp-json\/wp\/v2\/pages\/1184\/revisions"}],"predecessor-version":[{"id":2480,"href":"https:\/\/wordpress.nibis.de\/gs-berge\/wp-json\/wp\/v2\/pages\/1184\/revisions\/2480"}],"wp:attachment":[{"href":"https:\/\/wordpress.nibis.de\/gs-berge\/wp-json\/wp\/v2\/media?parent=1184"}],"curies":[{"name":"wp","href":"https:\/\/api.w.org\/{rel}","templated":true}]}}