{"id":19,"date":"2015-03-27T20:52:57","date_gmt":"2015-03-27T20:52:57","guid":{"rendered":"http:\/\/wordpress.nibis.de\/gs-berge\/?page_id=19"},"modified":"2026-03-11T05:13:16","modified_gmt":"2026-03-11T04:13:16","slug":"foerderverein","status":"publish","type":"page","link":"https:\/\/wordpress.nibis.de\/gs-berge\/foerderverein\/","title":{"rendered":"F\u00f6rderverein"},"content":{"rendered":"<p><img loading=\"lazy\" decoding=\"async\" class=\"aligncenter wp-image-326\" src=\"http:\/\/wordpress.nibis.de\/gs-berge\/files\/2015\/03\/Logo-F\u00f6rderverein-zusammen-300x56.jpg\" alt=\"logo-foerderverein-zusammen\" width=\"354\" height=\"66\" srcset=\"https:\/\/wordpress.nibis.de\/gs-berge\/files\/2015\/03\/Logo-F\u00f6rderverein-zusammen-300x56.jpg 300w, https:\/\/wordpress.nibis.de\/gs-berge\/files\/2015\/03\/Logo-F\u00f6rderverein-zusammen.jpg 508w\" sizes=\"auto, (max-width: 354px) 100vw, 354px\" \/><\/p>\n<p style=\"text-align: center\"><span style=\"font-family: 'book antiqua', palatino, serif\">Der F\u00f6rderverein der Grundschule Berge begleitet seit seiner Gr\u00fcndung im Jahr 1993 das Schulleben der Grundschule Berge. Sowohl kleinere als auch gr\u00f6\u00dfere Projekte werden finanziell und mit viel Arbeitseinsatz unterst\u00fctzt: <\/span><\/p>\n<ul>\n<li style=\"text-align: left\"><span style=\"font-family: 'book antiqua', palatino, serif\">\u00a0DIGITALES LERNEN: Lizenzkosten diverser Software (z.B. Anton-App, Antolin) werden durch den F\u00f6rderverein getragen und so die Entwicklung des digitalen Lernens an der Grundschule weiterentwickelt. <\/span><\/li>\n<li style=\"text-align: left\"><span style=\"font-family: 'book antiqua', palatino, serif\">ATTRAKTIVER UNTERRICHT: Durch Anschaffungen rund um das Lernen (z.B. Forscherboxen, Schulplaner,&#8230; ) unterst\u00fctzt der F\u00f6rderverein einen abwechslungsreichen Schulalltag . <\/span><\/li>\n<li style=\"text-align: left\"><span style=\"font-family: 'book antiqua', palatino, serif\">SCHULB\u00dcCHEREI: Der Lesestoff wird j\u00e4hrlich durch Mittel des F\u00f6rdervereins um neue B\u00fccher erg\u00e4nzt, um allen Leseratten ein attraktives und motivierendes Leseangebot zur Verf\u00fcgung stellen zu k\u00f6nnen. <\/span><\/li>\n<li style=\"text-align: left\"><span style=\"font-family: 'book antiqua', palatino, serif\">BEWEGUNG F\u00d6RDERN; GESUNDHEIT ST\u00c4RKEN: Sport- und Spielger\u00e4te f\u00fcr Unterricht und Pausen werden durch den F\u00f6rderverein mitfinanziert und sorgen f\u00fcr einen aktiven Ausgleich zum Aufenthalt im Klassenzimmer. <\/span><\/li>\n<li style=\"text-align: left\"><span style=\"font-family: 'book antiqua', palatino, serif\">GEMEINSCHAFT F\u00d6RDERN: Zur Unterst\u00fctzung von Schul- und Klassenausfl\u00fcgen wendet der F\u00f6rderverein regelm\u00e4\u00dfig einen gro\u00dfen Anteil seiner Mittel auf, um allen Kindern die Teilnahme zu erm\u00f6glichen. <\/span><\/li>\n<li style=\"text-align: left\"><span style=\"font-family: 'book antiqua', palatino, serif\">FR\u00dcH- UND SP\u00c4TBETREUUNG: Hier unterst\u00fctzt der F\u00f6rderverein die Anschaffung von Spiel- und Besch\u00e4ftigungsmaterialien, um auch au\u00dferhalb des Stundenplans ein abwechslungsreiches Angebot bieten zu k\u00f6nnen.<\/span><\/li>\n<\/ul>\n<p><span style=\"font-family: 'book antiqua', palatino, serif\">Der F\u00f6rderverein der Grundschule Berge hat jederzeit ein offenes Ohr f\u00fcr Ideen und Vorschl\u00e4ge der Schule und aus der Elternschaft und arbeitet intensiv an deren Umsetzung. F\u00fcr eine wirkungsvolle Unterst\u00fctzung ist der F\u00f6rderverein stets auf der Suche nach neuen Mitgliedern, F\u00f6rderern und aktiven Unterst\u00fctzern. Unter folgenden Links finden Sie den Flyer des F\u00f6rdervereins sowie das Beitrittsformular.<\/span><\/p>\n<p style=\"text-align: center\">Die Grundschule Berge\u00a0freut sich sehr \u00fcber das Engagement des F\u00f6rdervereins und die damit verbundenen Spenden!<\/p>\n<p style=\"text-align: center\">Vielen herzlichen Dank!<\/p>\n<table style=\"height: 116px\" width=\"716\">\n<tbody>\n<tr>\n<td style=\"width: 393px;text-align: left\"><strong>1. Vorsitzende<\/strong><\/td>\n<td style=\"width: 394px;text-align: left\">Corinna Amshove<\/td>\n<\/tr>\n<tr>\n<td style=\"width: 393px;text-align: left\"><strong>2. Vorsitzende<\/strong><\/td>\n<td style=\"width: 394px;text-align: left\">Swetlana Lomp<\/td>\n<\/tr>\n<tr>\n<td style=\"width: 393px;text-align: left\"><strong>Kassierer<\/strong><\/td>\n<td style=\"width: 394px;text-align: left\">Marco K\u00f6tter<\/td>\n<\/tr>\n<tr>\n<td style=\"width: 393px;text-align: left\"><strong>Schriftf\u00fchrerin<\/strong><\/td>\n<td style=\"width: 394px;text-align: left\">Kira Markus<\/td>\n<\/tr>\n<tr>\n<td style=\"width: 393px;text-align: left\"><strong>\u00a01. Beisitzer<\/strong><\/td>\n<td style=\"width: 394px;text-align: left\">Ingo Hanke<\/td>\n<\/tr>\n<tr>\n<td style=\"width: 393px;text-align: left\"><strong>2. Beisitzerin<\/strong><\/td>\n<td style=\"width: 394px;text-align: left\">Anneke L\u00fcbben<\/td>\n<\/tr>\n<\/tbody>\n<\/table>\n<p style=\"text-align: left\"><strong>Anschrift:<\/strong><\/p>\n<p style=\"text-align: left\">Lingener Stra\u00dfe 2a<\/p>\n<p style=\"text-align: left\">49626\u00a0 Berge<\/p>\n<p style=\"text-align: left\">Tel: 05435 9556316<\/p>\n<p style=\"text-align: left\">Email: <a class=\"moz-txt-link-abbreviated\" href=\"&#x6d;&#97;&#x69;&#x6c;&#116;&#x6f;&#x3a;&#102;&#x76;&#x67;&#115;&#x2d;&#x62;e&#x72;&#x67;e&#x40;&#103;m&#x78;&#46;d&#x65;\">&#x66;&#x76;&#x67;&#115;&#45;&#98;er&#x67;&#x65;&#x40;&#x67;&#109;&#120;&#46;d&#x65;<\/a><\/p>\n<p style=\"text-align: left\"><span style=\"font-family: 'book antiqua', palatino, serif;font-size: 16px\"><strong>Den Flyer des F\u00f6rdervereins sowie die Beitrittserkl\u00e4rung finden Sie hier:<\/strong><\/span><\/p>\n<p style=\"text-align: left\"><a href=\"http:\/\/wordpress.nibis.de\/gs-berge\/files\/2015\/03\/Beitritterkl\u00e4rung.pdf\">Beitritterkl\u00e4rung<\/a><\/p>\n<p style=\"text-align: left\"><a href=\"https:\/\/wordpress.nibis.de\/gs-berge\/files\/2022\/04\/Ansprechpartner-und-Kontaktdaten.pdf\">Ansprechpartner und Kontaktdaten<\/a><\/p>\n\n\n\n","protected":false},"excerpt":{"rendered":"<p>Der F\u00f6rderverein der Grundschule Berge begleitet seit seiner Gr\u00fcndung im Jahr 1993 das Schulleben der Grundschule Berge. Sowohl kleinere als auch gr\u00f6\u00dfere Projekte werden finanziell und mit viel Arbeitseinsatz unterst\u00fctzt: \u00a0DIGITALES LERNEN: Lizenzkosten diverser Software (z.B. Anton-App, Antolin) werden durch &hellip; <a href=\"https:\/\/wordpress.nibis.de\/gs-berge\/foerderverein\/\">Weiterlesen <span class=\"meta-nav\">&rarr;<\/span><\/a><\/p>\n","protected":false},"author":9193825,"featured_media":0,"parent":0,"menu_order":0,"comment_status":"closed","ping_status":"closed","template":"","meta":{"footnotes":""},"class_list":["post-19","page","type-page","status-publish","hentry"],"_links":{"self":[{"href":"https:\/\/wordpress.nibis.de\/gs-berge\/wp-json\/wp\/v2\/pages\/19","targetHints":{"allow":["GET"]}}],"collection":[{"href":"https:\/\/wordpress.nibis.de\/gs-berge\/wp-json\/wp\/v2\/pages"}],"about":[{"href":"https:\/\/wordpress.nibis.de\/gs-berge\/wp-json\/wp\/v2\/types\/page"}],"author":[{"embeddable":true,"href":"https:\/\/wordpress.nibis.de\/gs-berge\/wp-json\/wp\/v2\/users\/9193825"}],"replies":[{"embeddable":true,"href":"https:\/\/wordpress.nibis.de\/gs-berge\/wp-json\/wp\/v2\/comments?post=19"}],"version-history":[{"count":21,"href":"https:\/\/wordpress.nibis.de\/gs-berge\/wp-json\/wp\/v2\/pages\/19\/revisions"}],"predecessor-version":[{"id":3150,"href":"https:\/\/wordpress.nibis.de\/gs-berge\/wp-json\/wp\/v2\/pages\/19\/revisions\/3150"}],"wp:attachment":[{"href":"https:\/\/wordpress.nibis.de\/gs-berge\/wp-json\/wp\/v2\/media?parent=19"}],"curies":[{"name":"wp","href":"https:\/\/api.w.org\/{rel}","templated":true}]}}