{"id":786,"date":"2017-11-20T12:28:49","date_gmt":"2017-11-20T11:28:49","guid":{"rendered":"http:\/\/wordpress.nibis.de\/gs-berge\/?page_id=786"},"modified":"2026-03-24T14:30:12","modified_gmt":"2026-03-24T13:30:12","slug":"projekte","status":"publish","type":"page","link":"https:\/\/wordpress.nibis.de\/gs-berge\/projekte\/","title":{"rendered":"Schulregeln"},"content":{"rendered":"\n<p>\u00a0<\/p>\n<div class=\"wp-block-image\">\n<figure class=\"aligncenter\"><img loading=\"lazy\" decoding=\"async\" class=\"wp-image-177\" src=\"http:\/\/wordpress.nibis.de\/gs-berge\/files\/2016\/11\/kinder2-300x232.jpg\" alt=\"kinder2\" width=\"300\" height=\"232\" srcset=\"https:\/\/wordpress.nibis.de\/gs-berge\/files\/2016\/11\/kinder2-300x232.jpg 300w, https:\/\/wordpress.nibis.de\/gs-berge\/files\/2016\/11\/kinder2.jpg 622w\" sizes=\"auto, (max-width: 300px) 100vw, 300px\" \/><\/figure>\n<\/div>\n<ol class=\"wp-block-list\">\n<li>Wir gehen freundlich miteinander um und sind hilfsbereit zu anderen.<\/li>\n<li>Wir gr\u00fc\u00dfen Erwachsene und Mitsch\u00fcler.<\/li>\n<li>Wir wollen einander nicht wehtun, nicht mit F\u00fc\u00dfen, H\u00e4nden, Gegenst\u00e4nden oder Schimpfw\u00f6rtern.<br \/>Auch Auslachen tut sehr weh.<\/li>\n<li>In den gro\u00dfen Pausen spielen wir drau\u00dfen und schonen die Anlagen.<\/li>\n<li>Die Regenpausen verbringen wir in der Klasse.<\/li>\n<li>Wenn es schneit, werfen wir nicht mit Schneeb\u00e4llen.<\/li>\n<li>Toiletten sind kein Spielplatz. Sie m\u00fcssen sauber und ordentlich verlassen werden.<\/li>\n<li>In den Fluren gehen wir ruhig und unterhalten uns leise.<\/li>\n<li>Nach Schulschluss verlassen wir den Klassenraum aufger\u00e4umt.<\/li>\n<\/ol>\n\n\n\n<p>&nbsp;<\/p>\n\n\n\n<p>&nbsp;<\/p>\n","protected":false},"excerpt":{"rendered":"<p>\u00a0 Wir gehen freundlich miteinander um und sind hilfsbereit zu anderen. Wir gr\u00fc\u00dfen Erwachsene und Mitsch\u00fcler. Wir wollen einander nicht wehtun, nicht mit F\u00fc\u00dfen, H\u00e4nden, Gegenst\u00e4nden oder Schimpfw\u00f6rtern.Auch Auslachen tut sehr weh. In den gro\u00dfen Pausen spielen wir drau\u00dfen und &hellip; <a href=\"https:\/\/wordpress.nibis.de\/gs-berge\/projekte\/\">Weiterlesen <span class=\"meta-nav\">&rarr;<\/span><\/a><\/p>\n","protected":false},"author":1238,"featured_media":0,"parent":0,"menu_order":0,"comment_status":"closed","ping_status":"closed","template":"","meta":{"footnotes":""},"class_list":["post-786","page","type-page","status-publish","hentry"],"_links":{"self":[{"href":"https:\/\/wordpress.nibis.de\/gs-berge\/wp-json\/wp\/v2\/pages\/786","targetHints":{"allow":["GET"]}}],"collection":[{"href":"https:\/\/wordpress.nibis.de\/gs-berge\/wp-json\/wp\/v2\/pages"}],"about":[{"href":"https:\/\/wordpress.nibis.de\/gs-berge\/wp-json\/wp\/v2\/types\/page"}],"author":[{"embeddable":true,"href":"https:\/\/wordpress.nibis.de\/gs-berge\/wp-json\/wp\/v2\/users\/1238"}],"replies":[{"embeddable":true,"href":"https:\/\/wordpress.nibis.de\/gs-berge\/wp-json\/wp\/v2\/comments?post=786"}],"version-history":[{"count":11,"href":"https:\/\/wordpress.nibis.de\/gs-berge\/wp-json\/wp\/v2\/pages\/786\/revisions"}],"predecessor-version":[{"id":3173,"href":"https:\/\/wordpress.nibis.de\/gs-berge\/wp-json\/wp\/v2\/pages\/786\/revisions\/3173"}],"wp:attachment":[{"href":"https:\/\/wordpress.nibis.de\/gs-berge\/wp-json\/wp\/v2\/media?parent=786"}],"curies":[{"name":"wp","href":"https:\/\/api.w.org\/{rel}","templated":true}]}}