{"id":821,"date":"2017-11-20T20:04:19","date_gmt":"2017-11-20T19:04:19","guid":{"rendered":"http:\/\/wordpress.nibis.de\/gs-berge\/?page_id=821"},"modified":"2024-06-26T14:14:45","modified_gmt":"2024-06-26T12:14:45","slug":"vorlesetag-am-17-11-2017","status":"publish","type":"page","link":"https:\/\/wordpress.nibis.de\/gs-berge\/vorlesetag-am-17-11-2017\/","title":{"rendered":"LiesA\/Vorlesetag"},"content":{"rendered":"\n<p><strong>LiesA<\/strong><\/p>\n<p>Es handelt sich hierbei um ein Projekt, an dem eine Referentin den Sch\u00fclerinnen und Sch\u00fclern verschiedene B\u00fccher vorstellt und ihnen aus diesen vorliest. Diese Referentin kam jetzt schon das vierte Mal, h\u00e4ufig am Rosenmontag, zu uns. Die Kosten \u00fcbernahm das Regionale Landesamt f\u00fcr Schule und Bildung oder der F\u00f6rderverein der Grundschule Berge. Die Kinder haben immer viel Spa\u00df neue B\u00fccher kennenzulernen. Die Schule schafft einige der vorgestellten B\u00fccher f\u00fcr die Bibliothek an.<\/p>\n<p><img loading=\"lazy\" decoding=\"async\" class=\"alignnone  wp-image-2080\" src=\"https:\/\/wordpress.nibis.de\/gs-berge\/files\/2022\/02\/IMG_7123-300x225.jpg\" alt=\"\" width=\"365\" height=\"274\" srcset=\"https:\/\/wordpress.nibis.de\/gs-berge\/files\/2022\/02\/IMG_7123-300x225.jpg 300w, https:\/\/wordpress.nibis.de\/gs-berge\/files\/2022\/02\/IMG_7123-800x600.jpg 800w, https:\/\/wordpress.nibis.de\/gs-berge\/files\/2022\/02\/IMG_7123-768x576.jpg 768w, https:\/\/wordpress.nibis.de\/gs-berge\/files\/2022\/02\/IMG_7123-1536x1152.jpg 1536w, https:\/\/wordpress.nibis.de\/gs-berge\/files\/2022\/02\/IMG_7123-2048x1536.jpg 2048w\" sizes=\"auto, (max-width: 365px) 100vw, 365px\" \/><\/p>\n<p>\u00a0<\/p>\n\n\n\n<p><strong>Vorlesetag<\/strong><\/p>\n\n\n\n<div class=\"wp-block-image\"><figure class=\"aligncenter\"><a href=\"http:\/\/wordpress.nibis.de\/gs-berge\/files\/2017\/11\/Bibliothek.jpg\"><img loading=\"lazy\" decoding=\"async\" width=\"300\" height=\"244\" src=\"http:\/\/wordpress.nibis.de\/gs-berge\/files\/2017\/11\/Bibliothek-300x244.jpg\" alt=\"\" class=\"wp-image-781\" srcset=\"https:\/\/wordpress.nibis.de\/gs-berge\/files\/2017\/11\/Bibliothek-300x244.jpg 300w, https:\/\/wordpress.nibis.de\/gs-berge\/files\/2017\/11\/Bibliothek.jpg 590w\" sizes=\"auto, (max-width: 300px) 100vw, 300px\" \/><\/a><\/figure><\/div>\n\n\n\n<p>Am bundesweiten Vorlesetag haben die Kinder der Grundschule Berge aufmerksam die Ohren gespitzt und spannenden Geschichten gelauscht. Hierf\u00fcr wurde in der zweiten Stunde eine Vorlesezeit organisiert. Bereits im Vorfeld konnten sich die Sch\u00fclerinnen und Sch\u00fcler \u00fcber die angebotenen B\u00fccher auf Stellw\u00e4nden in den Fluren informieren. Aufgrund der unterschiedlichen Interessen, gab es f\u00fcr die Jahrgangsstufen 1\/2 und 3\/4 ein separates Angebot. Die Lesungen fanden in kleinen Gruppen statt und wurden von Eltern, LehrerInnen sowie Lesepatinnen gehalten. F\u00fcr diese Unterst\u00fctzung bedanken wir uns herzlich.<\/p>\n\n\n","protected":false},"excerpt":{"rendered":"<p>LiesA Es handelt sich hierbei um ein Projekt, an dem eine Referentin den Sch\u00fclerinnen und Sch\u00fclern verschiedene B\u00fccher vorstellt und ihnen aus diesen vorliest. Diese Referentin kam jetzt schon das vierte Mal, h\u00e4ufig am Rosenmontag, zu uns. Die Kosten \u00fcbernahm &hellip; <a href=\"https:\/\/wordpress.nibis.de\/gs-berge\/vorlesetag-am-17-11-2017\/\">Weiterlesen <span class=\"meta-nav\">&rarr;<\/span><\/a><\/p>\n","protected":false},"author":1238,"featured_media":0,"parent":0,"menu_order":0,"comment_status":"closed","ping_status":"closed","template":"","meta":{"footnotes":""},"class_list":["post-821","page","type-page","status-publish","hentry"],"_links":{"self":[{"href":"https:\/\/wordpress.nibis.de\/gs-berge\/wp-json\/wp\/v2\/pages\/821","targetHints":{"allow":["GET"]}}],"collection":[{"href":"https:\/\/wordpress.nibis.de\/gs-berge\/wp-json\/wp\/v2\/pages"}],"about":[{"href":"https:\/\/wordpress.nibis.de\/gs-berge\/wp-json\/wp\/v2\/types\/page"}],"author":[{"embeddable":true,"href":"https:\/\/wordpress.nibis.de\/gs-berge\/wp-json\/wp\/v2\/users\/1238"}],"replies":[{"embeddable":true,"href":"https:\/\/wordpress.nibis.de\/gs-berge\/wp-json\/wp\/v2\/comments?post=821"}],"version-history":[{"count":8,"href":"https:\/\/wordpress.nibis.de\/gs-berge\/wp-json\/wp\/v2\/pages\/821\/revisions"}],"predecessor-version":[{"id":2501,"href":"https:\/\/wordpress.nibis.de\/gs-berge\/wp-json\/wp\/v2\/pages\/821\/revisions\/2501"}],"wp:attachment":[{"href":"https:\/\/wordpress.nibis.de\/gs-berge\/wp-json\/wp\/v2\/media?parent=821"}],"curies":[{"name":"wp","href":"https:\/\/api.w.org\/{rel}","templated":true}]}}