{"id":91,"date":"2016-11-23T17:10:55","date_gmt":"2016-11-23T16:10:55","guid":{"rendered":"http:\/\/wordpress.nibis.de\/gs-berge\/?page_id=91"},"modified":"2026-03-24T14:34:25","modified_gmt":"2026-03-24T13:34:25","slug":"ueber-uns","status":"publish","type":"page","link":"https:\/\/wordpress.nibis.de\/gs-berge\/ueber-uns\/","title":{"rendered":"\u00dcber uns"},"content":{"rendered":"<div class=\"wp-block-image\">\n<figure class=\"aligncenter\"><img loading=\"lazy\" decoding=\"async\" width=\"300\" height=\"300\" src=\"http:\/\/wordpress.nibis.de\/gs-berge\/files\/2015\/03\/cropped-027-1-1-300x300.jpg\" alt=\"cropped-027-1-1.jpg\" class=\"wp-image-164\" srcset=\"https:\/\/wordpress.nibis.de\/gs-berge\/files\/2015\/03\/cropped-027-1-1-300x300.jpg 300w, https:\/\/wordpress.nibis.de\/gs-berge\/files\/2015\/03\/cropped-027-1-1-150x150.jpg 150w, https:\/\/wordpress.nibis.de\/gs-berge\/files\/2015\/03\/cropped-027-1-1-270x270.jpg 270w, https:\/\/wordpress.nibis.de\/gs-berge\/files\/2015\/03\/cropped-027-1-1-192x192.jpg 192w, https:\/\/wordpress.nibis.de\/gs-berge\/files\/2015\/03\/cropped-027-1-1-180x180.jpg 180w, https:\/\/wordpress.nibis.de\/gs-berge\/files\/2015\/03\/cropped-027-1-1-32x32.jpg 32w, https:\/\/wordpress.nibis.de\/gs-berge\/files\/2015\/03\/cropped-027-1-1.jpg 512w\" sizes=\"auto, (max-width: 300px) 100vw, 300px\" \/><\/figure>\n<\/div>\n\n\n<p class=\"has-text-align-left\"><strong>Wir, die Sch\u00fcler, Lehrer, Eltern und alle Mitarbeiter, formen die Gemeinschaft der Grundschule Berge.<\/strong><\/p>\n\n\n\n<p class=\"has-text-align-left\"><u>Schule<\/u><\/p>\n\n\n\n<p class=\"has-text-align-left\">Wir akzeptieren und wertsch\u00e4tzen jeden in seiner Pers\u00f6nlichkeit.<\/p>\n\n\n\n<p class=\"has-text-align-left\">Wir sorgen f\u00fcr eine kindgerechte und motivierende Lernatmosph\u00e4re.<\/p>\n\n\n\n<p class=\"has-text-align-left\">Wir gestalten unser Schulgeb\u00e4ude und das Umfeld der Schule als Lern- und Lebensraum.<\/p>\n\n\n\n<p class=\"has-text-align-left\">Wir achten auf gesunde Ern\u00e4hrung.<\/p>\n\n\n\n<p class=\"has-text-align-left\"><u>Sch\u00fcler<\/u><\/p>\n\n\n\n<p class=\"has-text-align-left\">Wir arbeiten im Unterricht aktiv mit und halten uns an die vereinbarten Regeln.<\/p>\n\n\n\n<p class=\"has-text-align-left\">Wir helfen uns gegenseitig und respektieren einander.<\/p>\n\n\n\n<p class=\"has-text-align-left\"><u>Lehrer und Mitarbeiter&nbsp; <\/u><\/p>\n\n\n\n<p class=\"has-text-align-left\">Wir f\u00f6rdern jedes Kind nach seinen individuellen M\u00f6glichkeiten.<\/p>\n\n\n\n<p class=\"has-text-align-left\">Wir verstehen uns als ein Team.<\/p>\n\n\n\n<p class=\"has-text-align-left\">Wir entwickeln unsere Bildungs- und Erziehungskompetenz kontinuierlich weiter.<\/p>\n\n\n\n<p class=\"has-text-align-left\"><u>Eltern<\/u><\/p>\n\n\n\n<p class=\"has-text-align-left\"> Wir nehmen aktiv am Schulleben teil. Wir unterst\u00fctzen die Lehrer und schaffen gemeinsam einen Raum f\u00fcr eine positive Pers\u00f6nlichkeitsentwicklung unserer Kinder.<\/p>\n\n\n\n\n\n<p><span style=\"font-size: 20px\"><strong>Unterrichtszeiten<br><\/strong><\/span><\/p>\n\n\n\n<figure class=\"wp-block-table\"><table><tbody><tr><td>07:30- 07:50 Uhr<\/td><td>offener Anfang <\/td><\/tr><tr><td>07:50 &#8211; 08:50 Uhr<\/td><td>1. Stunde<\/td><\/tr><tr><td>08:50 &#8211; 09:00 Uhr<\/td><td>Fr\u00fchst\u00fcckspause<\/td><\/tr><tr><td>09:00 &#8211; 09:20 Uhr<\/td><td>Hofpause<\/td><\/tr><tr><td>09:20 &#8211; 10:05 Uhr<\/td><td>2. Stunde<\/td><\/tr><tr><td>10:05 -10:10 Uhr <\/td><td>5-Minuten-Pause<\/td><\/tr><tr><td>10:10 &#8211; 10:55 Uhr<\/td><td>3. Stunde<\/td><\/tr><tr><td>10:55 &#8211; 11:15 Uhr<\/td><td>Hofpause<\/td><\/tr><tr><td>11:15 &#8211; 12:00 Uhr<\/td><td>4. Stunde<\/td><\/tr><tr><td>12:00 &#8211; 12:05 Uhr<\/td><td>5-Minuten Pause<\/td><\/tr><tr><td>12:05 &#8211; 12:50 Uhr<\/td><td>5. Stunde \/ Betreuung<\/td><\/tr><\/tbody><\/table><\/figure>\n\n\n<div class=\"wp-block-image\">\n<figure class=\"aligncenter\"><img loading=\"lazy\" decoding=\"async\" width=\"251\" height=\"300\" src=\"http:\/\/wordpress.nibis.de\/gs-berge\/files\/2015\/03\/wecker-251x300.jpg\" alt=\"wecker\" class=\"wp-image-189\" srcset=\"https:\/\/wordpress.nibis.de\/gs-berge\/files\/2015\/03\/wecker-251x300.jpg 251w, https:\/\/wordpress.nibis.de\/gs-berge\/files\/2015\/03\/wecker.jpg 402w\" sizes=\"auto, (max-width: 251px) 100vw, 251px\" \/><\/figure>\n<\/div>","protected":false},"excerpt":{"rendered":"<p>Wir, die Sch\u00fcler, Lehrer, Eltern und alle Mitarbeiter, formen die Gemeinschaft der Grundschule Berge. Schule Wir akzeptieren und wertsch\u00e4tzen jeden in seiner Pers\u00f6nlichkeit. Wir sorgen f\u00fcr eine kindgerechte und motivierende Lernatmosph\u00e4re. Wir gestalten unser Schulgeb\u00e4ude und das Umfeld der Schule &hellip; <a href=\"https:\/\/wordpress.nibis.de\/gs-berge\/ueber-uns\/\">Weiterlesen <span class=\"meta-nav\">&rarr;<\/span><\/a><\/p>\n","protected":false},"author":1238,"featured_media":0,"parent":0,"menu_order":0,"comment_status":"closed","ping_status":"closed","template":"","meta":{"footnotes":""},"class_list":["post-91","page","type-page","status-publish","hentry"],"_links":{"self":[{"href":"https:\/\/wordpress.nibis.de\/gs-berge\/wp-json\/wp\/v2\/pages\/91","targetHints":{"allow":["GET"]}}],"collection":[{"href":"https:\/\/wordpress.nibis.de\/gs-berge\/wp-json\/wp\/v2\/pages"}],"about":[{"href":"https:\/\/wordpress.nibis.de\/gs-berge\/wp-json\/wp\/v2\/types\/page"}],"author":[{"embeddable":true,"href":"https:\/\/wordpress.nibis.de\/gs-berge\/wp-json\/wp\/v2\/users\/1238"}],"replies":[{"embeddable":true,"href":"https:\/\/wordpress.nibis.de\/gs-berge\/wp-json\/wp\/v2\/comments?post=91"}],"version-history":[{"count":42,"href":"https:\/\/wordpress.nibis.de\/gs-berge\/wp-json\/wp\/v2\/pages\/91\/revisions"}],"predecessor-version":[{"id":3177,"href":"https:\/\/wordpress.nibis.de\/gs-berge\/wp-json\/wp\/v2\/pages\/91\/revisions\/3177"}],"wp:attachment":[{"href":"https:\/\/wordpress.nibis.de\/gs-berge\/wp-json\/wp\/v2\/media?parent=91"}],"curies":[{"name":"wp","href":"https:\/\/api.w.org\/{rel}","templated":true}]}}