{"id":99,"date":"2016-11-23T17:13:49","date_gmt":"2016-11-23T16:13:49","guid":{"rendered":"http:\/\/wordpress.nibis.de\/gs-berge\/?page_id=99"},"modified":"2026-03-14T22:20:03","modified_gmt":"2026-03-14T21:20:03","slug":"betreuung","status":"publish","type":"page","link":"https:\/\/wordpress.nibis.de\/gs-berge\/betreuung\/","title":{"rendered":"Betreuung"},"content":{"rendered":"\n<p>Der Betreuungsbedarf wird zu Beginn eines jeden Schulhalbjahres \u00fcber einen Elternbrief abgefragt. Die Betreuung findet t\u00e4glich von 12:05-12:50 Uhr f\u00fcr die 1. und 2. Klasse statt. Die Kinder werden in dieser Zeit von Frau H\u00f6mme und Frau Wagner betreut.<\/p>\n\n\n\n\n","protected":false},"excerpt":{"rendered":"<p>Der Betreuungsbedarf wird zu Beginn eines jeden Schulhalbjahres \u00fcber einen Elternbrief abgefragt. Die Betreuung findet t\u00e4glich von 12:05-12:50 Uhr f\u00fcr die 1. und 2. Klasse statt. Die Kinder werden in dieser Zeit von Frau H\u00f6mme und Frau Wagner betreut.<\/p>\n","protected":false},"author":1238,"featured_media":0,"parent":0,"menu_order":0,"comment_status":"closed","ping_status":"closed","template":"","meta":{"footnotes":""},"class_list":["post-99","page","type-page","status-publish","hentry"],"_links":{"self":[{"href":"https:\/\/wordpress.nibis.de\/gs-berge\/wp-json\/wp\/v2\/pages\/99","targetHints":{"allow":["GET"]}}],"collection":[{"href":"https:\/\/wordpress.nibis.de\/gs-berge\/wp-json\/wp\/v2\/pages"}],"about":[{"href":"https:\/\/wordpress.nibis.de\/gs-berge\/wp-json\/wp\/v2\/types\/page"}],"author":[{"embeddable":true,"href":"https:\/\/wordpress.nibis.de\/gs-berge\/wp-json\/wp\/v2\/users\/1238"}],"replies":[{"embeddable":true,"href":"https:\/\/wordpress.nibis.de\/gs-berge\/wp-json\/wp\/v2\/comments?post=99"}],"version-history":[{"count":20,"href":"https:\/\/wordpress.nibis.de\/gs-berge\/wp-json\/wp\/v2\/pages\/99\/revisions"}],"predecessor-version":[{"id":3157,"href":"https:\/\/wordpress.nibis.de\/gs-berge\/wp-json\/wp\/v2\/pages\/99\/revisions\/3157"}],"wp:attachment":[{"href":"https:\/\/wordpress.nibis.de\/gs-berge\/wp-json\/wp\/v2\/media?parent=99"}],"curies":[{"name":"wp","href":"https:\/\/api.w.org\/{rel}","templated":true}]}}