{"id":1065,"date":"2020-08-31T09:13:22","date_gmt":"2020-08-31T07:13:22","guid":{"rendered":"https:\/\/wordpress.nibis.de\/gs-brock\/?page_id=1065"},"modified":"2024-09-06T15:31:11","modified_gmt":"2024-09-06T13:31:11","slug":"team-foto","status":"publish","type":"page","link":"https:\/\/wordpress.nibis.de\/gs-brock\/unser-team\/team-foto\/","title":{"rendered":"Unser Team im Schuljahr 2022 \/ 2023"},"content":{"rendered":"\n<figure class=\"wp-block-image size-full is-style-default\"><img loading=\"lazy\" decoding=\"async\" width=\"2560\" height=\"1920\" src=\"https:\/\/wordpress.nibis.de\/gs-brock\/files\/2023\/05\/kollegium2022-23-1-scaled.jpg\" alt=\"\" class=\"wp-image-1949\" srcset=\"https:\/\/wordpress.nibis.de\/gs-brock\/files\/2023\/05\/kollegium2022-23-1-scaled.jpg 2560w, https:\/\/wordpress.nibis.de\/gs-brock\/files\/2023\/05\/kollegium2022-23-1-768x576.jpg 768w, https:\/\/wordpress.nibis.de\/gs-brock\/files\/2023\/05\/kollegium2022-23-1-1536x1152.jpg 1536w, https:\/\/wordpress.nibis.de\/gs-brock\/files\/2023\/05\/kollegium2022-23-1-2048x1536.jpg 2048w, https:\/\/wordpress.nibis.de\/gs-brock\/files\/2023\/05\/kollegium2022-23-1-507x380.jpg 507w\" sizes=\"auto, (max-width: 2560px) 100vw, 2560px\" \/><\/figure>\n\n\n\n<p><strong>Kollegium der Grundschule Brockdorf im Schuljahr 2022\/23<\/strong><\/p>\n\n\n\n<p>Schulleiterin Frau Kolbeck<\/p>\n\n\n\n<p>Frau Albers<\/p>\n\n\n\n<p>Frau Heuer<\/p>\n\n\n\n<p>Frau H\u00f6hle<\/p>\n\n\n\n<p>Herr Holtvogt<\/p>\n\n\n\n<p>Frau Kohl<\/p>\n\n\n\n<p>Frau S. Kolbeck<\/p>\n\n\n\n<p>Frau K\u00fcmper (z.Zt. in Elternzeit)<\/p>\n\n\n\n<p>Frau Meyer<\/p>\n\n\n\n<p>Frau M\u00fcller<\/p>\n\n\n\n<p>Frau Neumann<\/p>\n\n\n\n<p>Frau Rie\u00dfelmann<\/p>\n\n\n\n<p>Frau Schulz<\/p>\n\n\n\n<p>Frau Voth<\/p>\n\n\n\n<p>Frau Bornhorst <\/p>\n\n\n\n<p>Frau W\u00fcbbelmann (F\u00f6rderschullehrkraft)<\/p>\n\n\n\n<p>Frau St\u00f6ver (Schulsozialarbeiterin)<\/p>\n\n\n\n<p>Frau Hermsen (Betreuungskraft)<\/p>\n\n\n\n<p>Frau Willenborg (Betreuungskraft)<\/p>\n\n\n\n<p>Frau Tegenkamp (Betreuungskraft)<\/p>\n\n\n\n<p>Frau Sarah Kohl (PM)<\/p>\n\n\n\n<p>Frau Marina Sprehe (PM)<\/p>\n\n\n\n<p>Frau Pauline Osterhus (PM)<\/p>\n\n\n\n<p>Herr Jonas Fangmann (FSJ)<\/p>\n\n\n\n<p>Frau Linda Garvels (FSJ)<\/p>\n\n\n\n<p>Frau Niedfeld (Sektret\u00e4rin)<\/p>\n\n\n\n<p>Frank Sieve (Hausmeister)<\/p>\n\n\n\n<p><\/p>\n\n\n<p><img loading=\"lazy\" decoding=\"async\" class=\"alignnone size-medium wp-image-1568\" src=\"https:\/\/wordpress.nibis.de\/gs-brock\/files\/2022\/05\/Kollegium2021-22-850x478.jpg\" alt=\"\" width=\"850\" height=\"478\" srcset=\"https:\/\/wordpress.nibis.de\/gs-brock\/files\/2022\/05\/Kollegium2021-22-850x478.jpg 850w, https:\/\/wordpress.nibis.de\/gs-brock\/files\/2022\/05\/Kollegium2021-22-1200x675.jpg 1200w, https:\/\/wordpress.nibis.de\/gs-brock\/files\/2022\/05\/Kollegium2021-22-250x141.jpg 250w\" sizes=\"auto, (max-width: 850px) 100vw, 850px\" \/><\/p>\n<p><strong>Kollegium der Grundschule Brockdorf im Schuljahr 2021\/22<\/strong><\/p>\n<p>\u00a0<\/p>\n<p><span style=\"color: #ff6600\"><strong>Postkarte zu Ostern 2020<\/strong><\/span><\/p>\n<p><img loading=\"lazy\" decoding=\"async\" class=\"alignnone size-full wp-image-500\" src=\"https:\/\/wordpress.nibis.de\/gs-brock\/files\/2020\/04\/Lehrerteam.jpg\" alt=\"\" width=\"600\" height=\"450\" srcset=\"https:\/\/wordpress.nibis.de\/gs-brock\/files\/2020\/04\/Lehrerteam.jpg 600w, https:\/\/wordpress.nibis.de\/gs-brock\/files\/2020\/04\/Lehrerteam-507x380.jpg 507w\" sizes=\"auto, (max-width: 600px) 100vw, 600px\" \/><\/p>","protected":false},"excerpt":{"rendered":"<p>Kollegium der Grundschule Brockdorf im Schuljahr 2022\/23 Schulleiterin Frau Kolbeck Frau Albers Frau Heuer Frau H\u00f6hle Herr Holtvogt Frau Kohl Frau S. Kolbeck Frau K\u00fcmper (z.Zt. in Elternzeit) Frau Meyer Frau M\u00fcller Frau Neumann Frau Rie\u00dfelmann Frau Schulz Frau Voth Frau Bornhorst Frau W\u00fcbbelmann (F\u00f6rderschullehrkraft) Frau St\u00f6ver (Schulsozialarbeiterin) Frau Hermsen (Betreuungskraft) Frau Willenborg (Betreuungskraft) Frau &hellip; <a href=\"https:\/\/wordpress.nibis.de\/gs-brock\/unser-team\/team-foto\/\" class=\"more-link\">Weiterlesen <span class=\"screen-reader-text\">Unser Team im Schuljahr 2022 \/ 2023<\/span><\/a><\/p>\n","protected":false},"author":9193281,"featured_media":0,"parent":1573,"menu_order":1,"comment_status":"closed","ping_status":"closed","template":"","meta":{"footnotes":""},"class_list":["post-1065","page","type-page","status-publish","hentry","without-featured-image"],"_links":{"self":[{"href":"https:\/\/wordpress.nibis.de\/gs-brock\/wp-json\/wp\/v2\/pages\/1065","targetHints":{"allow":["GET"]}}],"collection":[{"href":"https:\/\/wordpress.nibis.de\/gs-brock\/wp-json\/wp\/v2\/pages"}],"about":[{"href":"https:\/\/wordpress.nibis.de\/gs-brock\/wp-json\/wp\/v2\/types\/page"}],"author":[{"embeddable":true,"href":"https:\/\/wordpress.nibis.de\/gs-brock\/wp-json\/wp\/v2\/users\/9193281"}],"replies":[{"embeddable":true,"href":"https:\/\/wordpress.nibis.de\/gs-brock\/wp-json\/wp\/v2\/comments?post=1065"}],"version-history":[{"count":15,"href":"https:\/\/wordpress.nibis.de\/gs-brock\/wp-json\/wp\/v2\/pages\/1065\/revisions"}],"predecessor-version":[{"id":2163,"href":"https:\/\/wordpress.nibis.de\/gs-brock\/wp-json\/wp\/v2\/pages\/1065\/revisions\/2163"}],"up":[{"embeddable":true,"href":"https:\/\/wordpress.nibis.de\/gs-brock\/wp-json\/wp\/v2\/pages\/1573"}],"wp:attachment":[{"href":"https:\/\/wordpress.nibis.de\/gs-brock\/wp-json\/wp\/v2\/media?parent=1065"}],"curies":[{"name":"wp","href":"https:\/\/api.w.org\/{rel}","templated":true}]}}