{"id":1146,"date":"2020-10-12T10:55:00","date_gmt":"2020-10-12T08:55:00","guid":{"rendered":"https:\/\/wordpress.nibis.de\/gs-brock\/?page_id=1146"},"modified":"2025-10-22T09:43:48","modified_gmt":"2025-10-22T07:43:48","slug":"mathematikolympiade","status":"publish","type":"page","link":"https:\/\/wordpress.nibis.de\/gs-brock\/unterrichtsfaecher\/kraniche-in-brockdorf\/mathematikolympiade\/","title":{"rendered":"Mathematikolympiade"},"content":{"rendered":"<p>Auch im Jahr 2025\/26\u00a0 nehmen wir wieder an der Mathematikolympiade Niedersachsen teil.<\/p>\n<p>\u00a0<\/p>\n<p>\u00a0<\/p>\n<p>R\u00fcckblick<\/p>\n<p>Die Klassen 3 und 4 haben im Schuljahr 2022 \/ 23 an der Mathematikolympiade teilgenommen.<\/p>\n\n\n<figure class=\"wp-block-image size-large is-style-default\"><img loading=\"lazy\" decoding=\"async\" width=\"1024\" height=\"675\" src=\"https:\/\/wordpress.nibis.de\/gs-brock\/files\/2023\/07\/MoNi2023-1024x675.jpg\" alt=\"\" class=\"wp-image-2004\" \/><figcaption>Die Urkunden f\u00fcr die erfolgreichen Kinder wurden im Wochenabschlusskreis im Juni 2023 von Mathematiklehrerin Frau H\u00f6hle \u00fcberreicht.<\/figcaption><\/figure>\n","protected":false},"excerpt":{"rendered":"<p>Auch im Jahr 2025\/26\u00a0 nehmen wir wieder an der Mathematikolympiade Niedersachsen teil. \u00a0 \u00a0 R\u00fcckblick Die Klassen 3 und 4 haben im Schuljahr 2022 \/ 23 an der Mathematikolympiade teilgenommen.<\/p>\n","protected":false},"author":9193281,"featured_media":0,"parent":395,"menu_order":0,"comment_status":"closed","ping_status":"closed","template":"","meta":{"footnotes":""},"class_list":["post-1146","page","type-page","status-publish","hentry","without-featured-image"],"_links":{"self":[{"href":"https:\/\/wordpress.nibis.de\/gs-brock\/wp-json\/wp\/v2\/pages\/1146","targetHints":{"allow":["GET"]}}],"collection":[{"href":"https:\/\/wordpress.nibis.de\/gs-brock\/wp-json\/wp\/v2\/pages"}],"about":[{"href":"https:\/\/wordpress.nibis.de\/gs-brock\/wp-json\/wp\/v2\/types\/page"}],"author":[{"embeddable":true,"href":"https:\/\/wordpress.nibis.de\/gs-brock\/wp-json\/wp\/v2\/users\/9193281"}],"replies":[{"embeddable":true,"href":"https:\/\/wordpress.nibis.de\/gs-brock\/wp-json\/wp\/v2\/comments?post=1146"}],"version-history":[{"count":5,"href":"https:\/\/wordpress.nibis.de\/gs-brock\/wp-json\/wp\/v2\/pages\/1146\/revisions"}],"predecessor-version":[{"id":2219,"href":"https:\/\/wordpress.nibis.de\/gs-brock\/wp-json\/wp\/v2\/pages\/1146\/revisions\/2219"}],"up":[{"embeddable":true,"href":"https:\/\/wordpress.nibis.de\/gs-brock\/wp-json\/wp\/v2\/pages\/395"}],"wp:attachment":[{"href":"https:\/\/wordpress.nibis.de\/gs-brock\/wp-json\/wp\/v2\/media?parent=1146"}],"curies":[{"name":"wp","href":"https:\/\/api.w.org\/{rel}","templated":true}]}}