{"id":1455,"date":"2021-09-29T15:44:59","date_gmt":"2021-09-29T13:44:59","guid":{"rendered":"https:\/\/wordpress.nibis.de\/gs-brock\/?page_id=1455"},"modified":"2025-10-22T09:56:22","modified_gmt":"2025-10-22T07:56:22","slug":"projektwoche-mobilitaet","status":"publish","type":"page","link":"https:\/\/wordpress.nibis.de\/gs-brock\/herzlich-willkommen\/projektwoche-mobilitaet\/","title":{"rendered":"Projektwoche: Mobilit\u00e4t"},"content":{"rendered":"\n<p><\/p>\n\n\n\n<p>Im September 2025 fand das Projekt &#8222;Mobilit\u00e4t&#8220; statt.<\/p>\n\n\n\n<p>Auf dem Parkplatz bei der Kirche wurde ein Parcours aufgebaut. Alle Klassen trainierten hier t\u00e4glich das Fahrrad fahren. Die Viertkl\u00e4ssler \u00fcbten au\u00dferdem in Kleingruppen f\u00fcr die Radfahrpr\u00fcfung.<\/p>\n\n\n\n<p>Die Polizei kontrollierte die Fahrr\u00e4der der Kinder auf Verkehrssicherheit.<\/p>\n\n\n\n<figure class=\"wp-block-gallery has-nested-images columns-default is-cropped is-style-tw-img-frame wp-block-gallery-1 is-layout-flex wp-block-gallery-is-layout-flex\"><\/figure>\n\n\n\n<p> <\/p>\n","protected":false},"excerpt":{"rendered":"<p>Im September 2025 fand das Projekt &#8222;Mobilit\u00e4t&#8220; statt. Auf dem Parkplatz bei der Kirche wurde ein Parcours aufgebaut. Alle Klassen trainierten hier t\u00e4glich das Fahrrad fahren. Die Viertkl\u00e4ssler \u00fcbten au\u00dferdem in Kleingruppen f\u00fcr die Radfahrpr\u00fcfung. Die Polizei kontrollierte die Fahrr\u00e4der der Kinder auf Verkehrssicherheit.<\/p>\n","protected":false},"author":9193281,"featured_media":0,"parent":28,"menu_order":0,"comment_status":"closed","ping_status":"closed","template":"","meta":{"footnotes":""},"class_list":["post-1455","page","type-page","status-publish","hentry","without-featured-image"],"_links":{"self":[{"href":"https:\/\/wordpress.nibis.de\/gs-brock\/wp-json\/wp\/v2\/pages\/1455","targetHints":{"allow":["GET"]}}],"collection":[{"href":"https:\/\/wordpress.nibis.de\/gs-brock\/wp-json\/wp\/v2\/pages"}],"about":[{"href":"https:\/\/wordpress.nibis.de\/gs-brock\/wp-json\/wp\/v2\/types\/page"}],"author":[{"embeddable":true,"href":"https:\/\/wordpress.nibis.de\/gs-brock\/wp-json\/wp\/v2\/users\/9193281"}],"replies":[{"embeddable":true,"href":"https:\/\/wordpress.nibis.de\/gs-brock\/wp-json\/wp\/v2\/comments?post=1455"}],"version-history":[{"count":4,"href":"https:\/\/wordpress.nibis.de\/gs-brock\/wp-json\/wp\/v2\/pages\/1455\/revisions"}],"predecessor-version":[{"id":2225,"href":"https:\/\/wordpress.nibis.de\/gs-brock\/wp-json\/wp\/v2\/pages\/1455\/revisions\/2225"}],"up":[{"embeddable":true,"href":"https:\/\/wordpress.nibis.de\/gs-brock\/wp-json\/wp\/v2\/pages\/28"}],"wp:attachment":[{"href":"https:\/\/wordpress.nibis.de\/gs-brock\/wp-json\/wp\/v2\/media?parent=1455"}],"curies":[{"name":"wp","href":"https:\/\/api.w.org\/{rel}","templated":true}]}}