{"id":1894,"date":"2023-02-10T17:19:44","date_gmt":"2023-02-10T16:19:44","guid":{"rendered":"https:\/\/wordpress.nibis.de\/gs-brock\/?page_id=1894"},"modified":"2023-02-10T17:23:45","modified_gmt":"2023-02-10T16:23:45","slug":"sportwoche-2023","status":"publish","type":"page","link":"https:\/\/wordpress.nibis.de\/gs-brock\/unterrichtsfaecher\/sport\/sportwoche-2023\/","title":{"rendered":"Sportwoche 2023"},"content":{"rendered":"\n<figure class=\"wp-block-image size-large is-style-default\"><img loading=\"lazy\" decoding=\"async\" width=\"1200\" height=\"675\" src=\"https:\/\/wordpress.nibis.de\/gs-brock\/files\/2023\/02\/Sportwoche3-2-1200x675.jpg\" alt=\"\" class=\"wp-image-1908\" srcset=\"https:\/\/wordpress.nibis.de\/gs-brock\/files\/2023\/02\/Sportwoche3-2-1200x675.jpg 1200w, https:\/\/wordpress.nibis.de\/gs-brock\/files\/2023\/02\/Sportwoche3-2-850x478.jpg 850w, https:\/\/wordpress.nibis.de\/gs-brock\/files\/2023\/02\/Sportwoche3-2-250x141.jpg 250w\" sizes=\"auto, (max-width: 1200px) 100vw, 1200px\" \/><\/figure>\n\n\n\n<p>In der Woche vom 6. &#8211; 10. Februar 2023 fand an unserer Schule eine Sportwoche statt.<\/p>\n\n\n\n<p>Jeden Tag wurden den Sch\u00fclerinnen und Sch\u00fclern verschiedene Sportarten (Volleyball, Handball, Tennis, Turnen und Tischtennis) n\u00e4her gebracht. Ein gro\u00dfer Dank gilt unserer FSJlerin Linda Garvels, die diese Aktion organisiert hat.<\/p>\n\n\n\n<p>Au\u00dferdem bedanken wir uns bei allen ehrenamtlichen \u00dcbungsleitern und den beteiligten Sportvereinen.<\/p>\n\n\n\n<figure class=\"wp-block-gallery has-nested-images columns-default is-cropped is-style-tw-img-rounded wp-block-gallery-1 is-layout-flex wp-block-gallery-is-layout-flex\">\n<figure class=\"wp-block-image size-large\"><img loading=\"lazy\" decoding=\"async\" width=\"1200\" height=\"675\" data-id=\"1898\" src=\"https:\/\/wordpress.nibis.de\/gs-brock\/files\/2023\/02\/Sportwoche5-1200x675.jpg\" alt=\"\" class=\"wp-image-1898\" srcset=\"https:\/\/wordpress.nibis.de\/gs-brock\/files\/2023\/02\/Sportwoche5-1200x675.jpg 1200w, https:\/\/wordpress.nibis.de\/gs-brock\/files\/2023\/02\/Sportwoche5-850x478.jpg 850w, https:\/\/wordpress.nibis.de\/gs-brock\/files\/2023\/02\/Sportwoche5-250x141.jpg 250w\" sizes=\"auto, (max-width: 1200px) 100vw, 1200px\" \/><\/figure>\n\n\n\n<figure class=\"wp-block-image size-large is-style-default\"><img loading=\"lazy\" decoding=\"async\" width=\"1200\" height=\"675\" data-id=\"1896\" src=\"https:\/\/wordpress.nibis.de\/gs-brock\/files\/2023\/02\/Sportwoche4-1200x675.jpg\" alt=\"\" class=\"wp-image-1896\" srcset=\"https:\/\/wordpress.nibis.de\/gs-brock\/files\/2023\/02\/Sportwoche4-1200x675.jpg 1200w, https:\/\/wordpress.nibis.de\/gs-brock\/files\/2023\/02\/Sportwoche4-850x478.jpg 850w, https:\/\/wordpress.nibis.de\/gs-brock\/files\/2023\/02\/Sportwoche4-250x141.jpg 250w\" sizes=\"auto, (max-width: 1200px) 100vw, 1200px\" \/><\/figure>\n<\/figure>\n\n\n\n<div class=\"wp-block-columns are-vertically-aligned-top is-layout-flex wp-container-core-columns-is-layout-abceabcf wp-block-columns-is-layout-flex\">\n<div class=\"wp-block-column is-vertically-aligned-top is-layout-flow wp-block-column-is-layout-flow\" style=\"--col-width:100%;flex-basis:100%\">\n<figure class=\"wp-block-gallery has-nested-images columns-default is-cropped is-style-tw-img-rounded wp-block-gallery-2 is-layout-flex wp-block-gallery-is-layout-flex\">\n<figure class=\"wp-block-image size-large is-style-default\"><img loading=\"lazy\" decoding=\"async\" width=\"1024\" height=\"565\" data-id=\"1901\" src=\"https:\/\/wordpress.nibis.de\/gs-brock\/files\/2023\/02\/Sportwoche8.jpg\" alt=\"\" class=\"wp-image-1901\" srcset=\"https:\/\/wordpress.nibis.de\/gs-brock\/files\/2023\/02\/Sportwoche8.jpg 1024w, https:\/\/wordpress.nibis.de\/gs-brock\/files\/2023\/02\/Sportwoche8-768x424.jpg 768w, https:\/\/wordpress.nibis.de\/gs-brock\/files\/2023\/02\/Sportwoche8-689x380.jpg 689w\" sizes=\"auto, (max-width: 1024px) 100vw, 1024px\" \/><\/figure>\n\n\n\n<figure class=\"wp-block-image size-large is-style-default\"><img loading=\"lazy\" decoding=\"async\" width=\"1024\" height=\"675\" data-id=\"1902\" src=\"https:\/\/wordpress.nibis.de\/gs-brock\/files\/2023\/02\/Sportwoche7-1024x675.jpg\" alt=\"\" class=\"wp-image-1902\" \/><\/figure>\n<\/figure>\n<\/div>\n<\/div>\n\n\n\n<figure class=\"wp-block-gallery has-nested-images columns-default is-cropped is-style-tw-img-rounded wp-block-gallery-3 is-layout-flex wp-block-gallery-is-layout-flex\"><\/figure>\n\n\n\n<div class=\"wp-block-image is-style-tw-rounded-corners\"><figure class=\"aligncenter size-full is-resized\"><img loading=\"lazy\" decoding=\"async\" src=\"https:\/\/wordpress.nibis.de\/gs-brock\/files\/2023\/02\/Sportwoche9-2.jpg\" alt=\"\" class=\"wp-image-1910\" width=\"267\" height=\"263\" \/><\/figure><\/div>\n\n\n\n<p><\/p>\n","protected":false},"excerpt":{"rendered":"<p>In der Woche vom 6. &#8211; 10. Februar 2023 fand an unserer Schule eine Sportwoche statt. Jeden Tag wurden den Sch\u00fclerinnen und Sch\u00fclern verschiedene Sportarten (Volleyball, Handball, Tennis, Turnen und Tischtennis) n\u00e4her gebracht. Ein gro\u00dfer Dank gilt unserer FSJlerin Linda Garvels, die diese Aktion organisiert hat. Au\u00dferdem bedanken wir uns bei allen ehrenamtlichen \u00dcbungsleitern und &hellip; <a href=\"https:\/\/wordpress.nibis.de\/gs-brock\/unterrichtsfaecher\/sport\/sportwoche-2023\/\" class=\"more-link\">Weiterlesen <span class=\"screen-reader-text\">Sportwoche 2023<\/span><\/a><\/p>\n","protected":false},"author":9193281,"featured_media":0,"parent":358,"menu_order":0,"comment_status":"closed","ping_status":"closed","template":"","meta":{"footnotes":""},"class_list":["post-1894","page","type-page","status-publish","hentry","without-featured-image"],"_links":{"self":[{"href":"https:\/\/wordpress.nibis.de\/gs-brock\/wp-json\/wp\/v2\/pages\/1894","targetHints":{"allow":["GET"]}}],"collection":[{"href":"https:\/\/wordpress.nibis.de\/gs-brock\/wp-json\/wp\/v2\/pages"}],"about":[{"href":"https:\/\/wordpress.nibis.de\/gs-brock\/wp-json\/wp\/v2\/types\/page"}],"author":[{"embeddable":true,"href":"https:\/\/wordpress.nibis.de\/gs-brock\/wp-json\/wp\/v2\/users\/9193281"}],"replies":[{"embeddable":true,"href":"https:\/\/wordpress.nibis.de\/gs-brock\/wp-json\/wp\/v2\/comments?post=1894"}],"version-history":[{"count":4,"href":"https:\/\/wordpress.nibis.de\/gs-brock\/wp-json\/wp\/v2\/pages\/1894\/revisions"}],"predecessor-version":[{"id":1915,"href":"https:\/\/wordpress.nibis.de\/gs-brock\/wp-json\/wp\/v2\/pages\/1894\/revisions\/1915"}],"up":[{"embeddable":true,"href":"https:\/\/wordpress.nibis.de\/gs-brock\/wp-json\/wp\/v2\/pages\/358"}],"wp:attachment":[{"href":"https:\/\/wordpress.nibis.de\/gs-brock\/wp-json\/wp\/v2\/media?parent=1894"}],"curies":[{"name":"wp","href":"https:\/\/api.w.org\/{rel}","templated":true}]}}