{"id":2011,"date":"2023-07-07T16:03:39","date_gmt":"2023-07-07T14:03:39","guid":{"rendered":"https:\/\/wordpress.nibis.de\/gs-brock\/?page_id=2011"},"modified":"2023-07-07T16:09:20","modified_gmt":"2023-07-07T14:09:20","slug":"schuelervertretung-sv","status":"publish","type":"page","link":"https:\/\/wordpress.nibis.de\/gs-brock\/schule\/schuelervertretung-sv\/","title":{"rendered":"Sch\u00fclervertretung SV"},"content":{"rendered":"\n<figure class=\"wp-block-image size-large is-style-default\"><img loading=\"lazy\" decoding=\"async\" width=\"768\" height=\"675\" src=\"https:\/\/wordpress.nibis.de\/gs-brock\/files\/2023\/07\/SV22-23-768x675.jpg\" alt=\"\" class=\"wp-image-1994\" \/><figcaption><br><br>Frau Neumann trifft sich regelm\u00e4\u00dfig mit den Kindern der Sch\u00fclervertretung.<br>Beim letzten Wochenabschlusskreis vor den Sommerferien 2023 bekamen alle Mitglieder der Sch\u00fclervertretung ein kleines Geschenk.<\/figcaption><\/figure>\n\n\n\n<p><\/p>\n\n\n\n<figure class=\"wp-block-image size-large is-style-default\"><img loading=\"lazy\" decoding=\"async\" width=\"1024\" height=\"675\" src=\"https:\/\/wordpress.nibis.de\/gs-brock\/files\/2023\/07\/SV22-1024x675.jpg\" alt=\"\" class=\"wp-image-2016\" \/><figcaption>SV &#8211; Sitzung im Container im November 2022<\/figcaption><\/figure>\n\n\n\n<p><\/p>\n","protected":false},"excerpt":{"rendered":"","protected":false},"author":9193281,"featured_media":0,"parent":37,"menu_order":0,"comment_status":"closed","ping_status":"closed","template":"","meta":{"footnotes":""},"class_list":["post-2011","page","type-page","status-publish","hentry","without-featured-image"],"_links":{"self":[{"href":"https:\/\/wordpress.nibis.de\/gs-brock\/wp-json\/wp\/v2\/pages\/2011","targetHints":{"allow":["GET"]}}],"collection":[{"href":"https:\/\/wordpress.nibis.de\/gs-brock\/wp-json\/wp\/v2\/pages"}],"about":[{"href":"https:\/\/wordpress.nibis.de\/gs-brock\/wp-json\/wp\/v2\/types\/page"}],"author":[{"embeddable":true,"href":"https:\/\/wordpress.nibis.de\/gs-brock\/wp-json\/wp\/v2\/users\/9193281"}],"replies":[{"embeddable":true,"href":"https:\/\/wordpress.nibis.de\/gs-brock\/wp-json\/wp\/v2\/comments?post=2011"}],"version-history":[{"count":2,"href":"https:\/\/wordpress.nibis.de\/gs-brock\/wp-json\/wp\/v2\/pages\/2011\/revisions"}],"predecessor-version":[{"id":2017,"href":"https:\/\/wordpress.nibis.de\/gs-brock\/wp-json\/wp\/v2\/pages\/2011\/revisions\/2017"}],"up":[{"embeddable":true,"href":"https:\/\/wordpress.nibis.de\/gs-brock\/wp-json\/wp\/v2\/pages\/37"}],"wp:attachment":[{"href":"https:\/\/wordpress.nibis.de\/gs-brock\/wp-json\/wp\/v2\/media?parent=2011"}],"curies":[{"name":"wp","href":"https:\/\/api.w.org\/{rel}","templated":true}]}}