{"id":2131,"date":"2024-05-03T17:33:14","date_gmt":"2024-05-03T15:33:14","guid":{"rendered":"https:\/\/wordpress.nibis.de\/gs-brock\/?page_id=2131"},"modified":"2024-05-03T18:15:08","modified_gmt":"2024-05-03T16:15:08","slug":"besuch-bei-der-feuerwehr-brockdorf","status":"publish","type":"page","link":"https:\/\/wordpress.nibis.de\/gs-brock\/unterrichtsfaecher\/sachunterricht\/besuch-bei-der-feuerwehr-brockdorf\/","title":{"rendered":"Besuch bei der Feuerwehr Brockdorf"},"content":{"rendered":"\n<figure class=\"wp-block-image size-large is-style-default\"><img loading=\"lazy\" decoding=\"async\" width=\"1200\" height=\"675\" src=\"https:\/\/wordpress.nibis.de\/gs-brock\/files\/2024\/05\/FFB24b-1200x675.jpg\" alt=\"\" class=\"wp-image-2141\" srcset=\"https:\/\/wordpress.nibis.de\/gs-brock\/files\/2024\/05\/FFB24b-1200x675.jpg 1200w, https:\/\/wordpress.nibis.de\/gs-brock\/files\/2024\/05\/FFB24b-850x478.jpg 850w, https:\/\/wordpress.nibis.de\/gs-brock\/files\/2024\/05\/FFB24b-250x141.jpg 250w\" sizes=\"auto, (max-width: 1200px) 100vw, 1200px\" \/><\/figure>\n\n\n\n<p>Am 03. Mai 2024 besuchten die 3. Klassen das neue Feuerwehrhaus in Brockdorf.<\/p>\n\n\n\n<p>Der stellvertretende Jugendwart Simon T\u00f6pfel begr\u00fc\u00dfte die Sch\u00fcler und Sch\u00fclerinnen und f\u00fchrte durch die neuen R\u00e4umlichkeiten. Der Rundgang startete im Gruppenraum mit einer ausf\u00fchrlichen digitalen Pr\u00e4sentation, anschlie\u00dfend wurden der Nachbesprechungsraum, die Umkleider\u00e4ume der Jugendfeuerwehr und der aktiven Feuerwehrleute und zum Abschluss die Fahrzeughalle besichtigt.<\/p>\n\n\n\n<p>Alle Kinder durften die pers\u00f6nliche Schutzausr\u00fcstung von Simon anziehen. <\/p>\n\n\n\n<p>Die Kinder konnten in der Fahrzeughalle das MTF, das LF und das TLF anschauen und durften sogar im Tankl\u00f6schfahrzeug sitzen.<\/p>\n\n\n\n<p>Im Mannschaftstransportfahrzeug (MTF) wurden die Kinder anschlie\u00dfend zur\u00fcck zur Schule gefahren.<\/p>\n\n\n\n<p>Ein herzliches Dankesch\u00f6n an Simon T\u00f6pfel f\u00fcr die Vorbereitung und Durchf\u00fchrung dieses tollen Vormittags.<\/p>\n","protected":false},"excerpt":{"rendered":"<p>Am 03. Mai 2024 besuchten die 3. Klassen das neue Feuerwehrhaus in Brockdorf. Der stellvertretende Jugendwart Simon T\u00f6pfel begr\u00fc\u00dfte die Sch\u00fcler und Sch\u00fclerinnen und f\u00fchrte durch die neuen R\u00e4umlichkeiten. Der Rundgang startete im Gruppenraum mit einer ausf\u00fchrlichen digitalen Pr\u00e4sentation, anschlie\u00dfend wurden der Nachbesprechungsraum, die Umkleider\u00e4ume der Jugendfeuerwehr und der aktiven Feuerwehrleute und zum Abschluss die &hellip; <a href=\"https:\/\/wordpress.nibis.de\/gs-brock\/unterrichtsfaecher\/sachunterricht\/besuch-bei-der-feuerwehr-brockdorf\/\" class=\"more-link\">Weiterlesen <span class=\"screen-reader-text\">Besuch bei der Feuerwehr Brockdorf<\/span><\/a><\/p>\n","protected":false},"author":9193281,"featured_media":0,"parent":470,"menu_order":0,"comment_status":"closed","ping_status":"closed","template":"","meta":{"footnotes":""},"class_list":["post-2131","page","type-page","status-publish","hentry","without-featured-image"],"_links":{"self":[{"href":"https:\/\/wordpress.nibis.de\/gs-brock\/wp-json\/wp\/v2\/pages\/2131","targetHints":{"allow":["GET"]}}],"collection":[{"href":"https:\/\/wordpress.nibis.de\/gs-brock\/wp-json\/wp\/v2\/pages"}],"about":[{"href":"https:\/\/wordpress.nibis.de\/gs-brock\/wp-json\/wp\/v2\/types\/page"}],"author":[{"embeddable":true,"href":"https:\/\/wordpress.nibis.de\/gs-brock\/wp-json\/wp\/v2\/users\/9193281"}],"replies":[{"embeddable":true,"href":"https:\/\/wordpress.nibis.de\/gs-brock\/wp-json\/wp\/v2\/comments?post=2131"}],"version-history":[{"count":4,"href":"https:\/\/wordpress.nibis.de\/gs-brock\/wp-json\/wp\/v2\/pages\/2131\/revisions"}],"predecessor-version":[{"id":2145,"href":"https:\/\/wordpress.nibis.de\/gs-brock\/wp-json\/wp\/v2\/pages\/2131\/revisions\/2145"}],"up":[{"embeddable":true,"href":"https:\/\/wordpress.nibis.de\/gs-brock\/wp-json\/wp\/v2\/pages\/470"}],"wp:attachment":[{"href":"https:\/\/wordpress.nibis.de\/gs-brock\/wp-json\/wp\/v2\/media?parent=2131"}],"curies":[{"name":"wp","href":"https:\/\/api.w.org\/{rel}","templated":true}]}}