{"id":318,"date":"2020-03-18T16:55:54","date_gmt":"2020-03-18T15:55:54","guid":{"rendered":"https:\/\/wordpress.nibis.de\/gs-brock\/?page_id=318"},"modified":"2020-03-18T16:56:10","modified_gmt":"2020-03-18T15:56:10","slug":"datenschutz-und-haftungshinweis","status":"publish","type":"page","link":"https:\/\/wordpress.nibis.de\/gs-brock\/beispiel-seite\/datenschutz-und-haftungshinweis\/","title":{"rendered":"Datenschutz und Haftungshinweis"},"content":{"rendered":"\n<p><strong>Liebe Besucherin, lieber Besucher,<br \/><\/strong><\/p>\n<p>der Schutz Ihrer Daten bzw. der Daten Ihres Kindes ist uns sehr wichtig und wir nehmen unsere Verantwortung hinsichtlich der Sicherheit der personenbezogenen Daten sowie des Rechts am eigenen Bild sehr ernst.<\/p>\n<p>\u00a0Trotz sorgf\u00e4ltiger inhaltlicher Kontrolle \u00fcbernehmen wir keine Haftung f\u00fcr die Inhalte externer Links. F\u00fcr den Inhalt der verlinkten Seiten sind ausschlie\u00dflich deren Betreiber verantwortlich.<\/p>\n<p>Die Weiterverbreitung der Inhalte, Fotos und Abbildungen dieses Internetauftritts in jeglicher Form ist &#8211; auch auszugsweise &#8211; nur mit ausdr\u00fccklicher und schriftlicher Genehmigung der Grundschule Brockdorf gestattet.<\/p>\n","protected":false},"excerpt":{"rendered":"<p>Liebe Besucherin, lieber Besucher, der Schutz Ihrer Daten bzw. der Daten Ihres Kindes ist uns sehr wichtig und wir nehmen unsere Verantwortung hinsichtlich der Sicherheit der personenbezogenen Daten sowie des Rechts am eigenen Bild sehr ernst. \u00a0Trotz sorgf\u00e4ltiger inhaltlicher Kontrolle \u00fcbernehmen wir keine Haftung f\u00fcr die Inhalte externer Links. F\u00fcr den Inhalt der verlinkten Seiten &hellip; <a href=\"https:\/\/wordpress.nibis.de\/gs-brock\/beispiel-seite\/datenschutz-und-haftungshinweis\/\" class=\"more-link\">Weiterlesen <span class=\"screen-reader-text\">Datenschutz und Haftungshinweis<\/span><\/a><\/p>\n","protected":false},"author":9193281,"featured_media":0,"parent":2,"menu_order":0,"comment_status":"closed","ping_status":"closed","template":"","meta":{"footnotes":""},"class_list":["post-318","page","type-page","status-publish","hentry","without-featured-image"],"_links":{"self":[{"href":"https:\/\/wordpress.nibis.de\/gs-brock\/wp-json\/wp\/v2\/pages\/318","targetHints":{"allow":["GET"]}}],"collection":[{"href":"https:\/\/wordpress.nibis.de\/gs-brock\/wp-json\/wp\/v2\/pages"}],"about":[{"href":"https:\/\/wordpress.nibis.de\/gs-brock\/wp-json\/wp\/v2\/types\/page"}],"author":[{"embeddable":true,"href":"https:\/\/wordpress.nibis.de\/gs-brock\/wp-json\/wp\/v2\/users\/9193281"}],"replies":[{"embeddable":true,"href":"https:\/\/wordpress.nibis.de\/gs-brock\/wp-json\/wp\/v2\/comments?post=318"}],"version-history":[{"count":1,"href":"https:\/\/wordpress.nibis.de\/gs-brock\/wp-json\/wp\/v2\/pages\/318\/revisions"}],"predecessor-version":[{"id":319,"href":"https:\/\/wordpress.nibis.de\/gs-brock\/wp-json\/wp\/v2\/pages\/318\/revisions\/319"}],"up":[{"embeddable":true,"href":"https:\/\/wordpress.nibis.de\/gs-brock\/wp-json\/wp\/v2\/pages\/2"}],"wp:attachment":[{"href":"https:\/\/wordpress.nibis.de\/gs-brock\/wp-json\/wp\/v2\/media?parent=318"}],"curies":[{"name":"wp","href":"https:\/\/api.w.org\/{rel}","templated":true}]}}