{"id":326,"date":"2020-03-19T11:21:01","date_gmt":"2020-03-19T10:21:01","guid":{"rendered":"https:\/\/wordpress.nibis.de\/gs-brock\/?page_id=326"},"modified":"2025-10-22T09:41:37","modified_gmt":"2025-10-22T07:41:37","slug":"betreuung","status":"publish","type":"page","link":"https:\/\/wordpress.nibis.de\/gs-brock\/schule\/betreuung\/","title":{"rendered":"Betreuung"},"content":{"rendered":"<p class=\"font_8\">F\u00fcr die Sch\u00fclerinnen und Sch\u00fcler der 1. und 2. Klassen findet t\u00e4glich ein Betreuungsangebot in der 5. Unterrichtsstunde statt. Hier k\u00f6nnen die Kinder basteln und spielen.<\/p>\n<p class=\"font_8\">Unsere <a href=\"https:\/\/wordpress.nibis.de\/gs-brock\/unser-team\/paedagogische-mitarbeiter\/\">p\u00e4dagogischen Mitarbeiterinnen Ulrike Willenborg und\u00a0 Stephanie Hermsen<\/a>\u00a0 sorgen t\u00e4glich f\u00fcr ein abwechslungsreiches Angebot, das auf die W\u00fcnsche und Bed\u00fcrfnisse der Kinder abgestimmt ist.<\/p>\n<p><img loading=\"lazy\" decoding=\"async\" class=\"alignnone size-medium wp-image-1129\" src=\"https:\/\/wordpress.nibis.de\/gs-brock\/files\/2020\/09\/20_37_0195_0168_Y0793-850x478.jpg\" alt=\"\" width=\"850\" height=\"478\" srcset=\"https:\/\/wordpress.nibis.de\/gs-brock\/files\/2020\/09\/20_37_0195_0168_Y0793-850x478.jpg 850w, https:\/\/wordpress.nibis.de\/gs-brock\/files\/2020\/09\/20_37_0195_0168_Y0793-1200x675.jpg 1200w, https:\/\/wordpress.nibis.de\/gs-brock\/files\/2020\/09\/20_37_0195_0168_Y0793-250x141.jpg 250w\" sizes=\"auto, (max-width: 850px) 100vw, 850px\" \/><\/p>\n","protected":false},"excerpt":{"rendered":"<p>F\u00fcr die Sch\u00fclerinnen und Sch\u00fcler der 1. und 2. Klassen findet t\u00e4glich ein Betreuungsangebot in der 5. Unterrichtsstunde statt. Hier k\u00f6nnen die Kinder basteln und spielen. Unsere p\u00e4dagogischen Mitarbeiterinnen Ulrike Willenborg und\u00a0 Stephanie Hermsen\u00a0 sorgen t\u00e4glich f\u00fcr ein abwechslungsreiches Angebot, das auf die W\u00fcnsche und Bed\u00fcrfnisse der Kinder abgestimmt ist.<\/p>\n","protected":false},"author":9193281,"featured_media":0,"parent":37,"menu_order":0,"comment_status":"closed","ping_status":"closed","template":"","meta":{"footnotes":""},"class_list":["post-326","page","type-page","status-publish","hentry","without-featured-image"],"_links":{"self":[{"href":"https:\/\/wordpress.nibis.de\/gs-brock\/wp-json\/wp\/v2\/pages\/326","targetHints":{"allow":["GET"]}}],"collection":[{"href":"https:\/\/wordpress.nibis.de\/gs-brock\/wp-json\/wp\/v2\/pages"}],"about":[{"href":"https:\/\/wordpress.nibis.de\/gs-brock\/wp-json\/wp\/v2\/types\/page"}],"author":[{"embeddable":true,"href":"https:\/\/wordpress.nibis.de\/gs-brock\/wp-json\/wp\/v2\/users\/9193281"}],"replies":[{"embeddable":true,"href":"https:\/\/wordpress.nibis.de\/gs-brock\/wp-json\/wp\/v2\/comments?post=326"}],"version-history":[{"count":6,"href":"https:\/\/wordpress.nibis.de\/gs-brock\/wp-json\/wp\/v2\/pages\/326\/revisions"}],"predecessor-version":[{"id":2217,"href":"https:\/\/wordpress.nibis.de\/gs-brock\/wp-json\/wp\/v2\/pages\/326\/revisions\/2217"}],"up":[{"embeddable":true,"href":"https:\/\/wordpress.nibis.de\/gs-brock\/wp-json\/wp\/v2\/pages\/37"}],"wp:attachment":[{"href":"https:\/\/wordpress.nibis.de\/gs-brock\/wp-json\/wp\/v2\/media?parent=326"}],"curies":[{"name":"wp","href":"https:\/\/api.w.org\/{rel}","templated":true}]}}