{"id":41,"date":"2019-11-22T10:09:12","date_gmt":"2019-11-22T09:09:12","guid":{"rendered":"https:\/\/wordpress.nibis.de\/gs-brock\/?page_id=41"},"modified":"2023-05-27T14:26:12","modified_gmt":"2023-05-27T12:26:12","slug":"eltern","status":"publish","type":"page","link":"https:\/\/wordpress.nibis.de\/gs-brock\/eltern\/","title":{"rendered":"Infos f\u00fcr Eltern"},"content":{"rendered":"\n<p><a href=\"https:\/\/publikationen.dguv.de\/uebergreifende-themen\/3052\/schueler-unfallversicherung\">Sch\u00fcler-Unfallversicherung (DGUV) Informationen f\u00fcr Eziehungsberechtigte von Schulanf\u00e4ngerinnen und Schulanf\u00e4ngern<\/a><\/p>\n<p><a href=\"https:\/\/wordpress.nibis.de\/gs-brock\/files\/2023\/05\/Die-Arbeit-in-der-Grundschule-2023.pdf\">Die Arbeit in der Grundschule 2023<\/a><\/p>\n<p>\u00a0<\/p>\n<p><a href=\"https:\/\/wordpress.nibis.de\/gs-brock\/files\/2023\/05\/Eltern-ABC-2023-1.pdf\">Eltern-ABC 2023<\/a><\/p>\n<p>\u00a0<\/p>\n","protected":false},"excerpt":{"rendered":"<p>Sch\u00fcler-Unfallversicherung (DGUV) Informationen f\u00fcr Eziehungsberechtigte von Schulanf\u00e4ngerinnen und Schulanf\u00e4ngern Die Arbeit in der Grundschule 2023 \u00a0 Eltern-ABC 2023 \u00a0<\/p>\n","protected":false},"author":9193281,"featured_media":0,"parent":0,"menu_order":6,"comment_status":"closed","ping_status":"closed","template":"","meta":{"footnotes":""},"class_list":["post-41","page","type-page","status-publish","hentry","without-featured-image"],"_links":{"self":[{"href":"https:\/\/wordpress.nibis.de\/gs-brock\/wp-json\/wp\/v2\/pages\/41","targetHints":{"allow":["GET"]}}],"collection":[{"href":"https:\/\/wordpress.nibis.de\/gs-brock\/wp-json\/wp\/v2\/pages"}],"about":[{"href":"https:\/\/wordpress.nibis.de\/gs-brock\/wp-json\/wp\/v2\/types\/page"}],"author":[{"embeddable":true,"href":"https:\/\/wordpress.nibis.de\/gs-brock\/wp-json\/wp\/v2\/users\/9193281"}],"replies":[{"embeddable":true,"href":"https:\/\/wordpress.nibis.de\/gs-brock\/wp-json\/wp\/v2\/comments?post=41"}],"version-history":[{"count":10,"href":"https:\/\/wordpress.nibis.de\/gs-brock\/wp-json\/wp\/v2\/pages\/41\/revisions"}],"predecessor-version":[{"id":1968,"href":"https:\/\/wordpress.nibis.de\/gs-brock\/wp-json\/wp\/v2\/pages\/41\/revisions\/1968"}],"wp:attachment":[{"href":"https:\/\/wordpress.nibis.de\/gs-brock\/wp-json\/wp\/v2\/media?parent=41"}],"curies":[{"name":"wp","href":"https:\/\/api.w.org\/{rel}","templated":true}]}}