{"id":470,"date":"2020-04-01T08:45:59","date_gmt":"2020-04-01T06:45:59","guid":{"rendered":"https:\/\/wordpress.nibis.de\/gs-brock\/?page_id=470"},"modified":"2024-05-03T17:36:56","modified_gmt":"2024-05-03T15:36:56","slug":"sachunterricht","status":"publish","type":"page","link":"https:\/\/wordpress.nibis.de\/gs-brock\/unterrichtsfaecher\/sachunterricht\/","title":{"rendered":"Sachunterricht"},"content":{"rendered":"\n<p><a href=\"https:\/\/wordpress.nibis.de\/gs-brock\/unterrichtsfaecher\/sachunterricht\/besuch-bei-der-feuerwehr-brockdorf\/\" data-type=\"page\" data-id=\"2131\">Besuch bei der Feuerwehr<\/a><\/p>\n\n\n\n<p><\/p>\n\n\n\n<figure class=\"wp-block-image size-full is-style-default\"><img loading=\"lazy\" decoding=\"async\" width=\"1800\" height=\"1800\" src=\"https:\/\/wordpress.nibis.de\/gs-brock\/files\/2023\/12\/Techniktag2023.jpg\" alt=\"\" class=\"wp-image-2095\" srcset=\"https:\/\/wordpress.nibis.de\/gs-brock\/files\/2023\/12\/Techniktag2023.jpg 1800w, https:\/\/wordpress.nibis.de\/gs-brock\/files\/2023\/12\/Techniktag2023-768x768.jpg 768w, https:\/\/wordpress.nibis.de\/gs-brock\/files\/2023\/12\/Techniktag2023-1536x1536.jpg 1536w, https:\/\/wordpress.nibis.de\/gs-brock\/files\/2023\/12\/Techniktag2023-90x90.jpg 90w, https:\/\/wordpress.nibis.de\/gs-brock\/files\/2023\/12\/Techniktag2023-380x380.jpg 380w\" sizes=\"auto, (max-width: 1800px) 100vw, 1800px\" \/><figcaption>Techniktag im Schuljahr 2023 \/ 24 mit Frau Huhnt<\/figcaption><\/figure>\n\n\n\n<p style=\"text-align: center\">_______________________________________________________<\/p>\n<p><strong>Links zum Thema Sachunterricht<\/strong><\/p>\n<p>\u00a0<\/p>\n<p>Viel Spa\u00df beim Surfen!<\/p>\n<h1><strong><a href=\"http:\/\/radfahrausbildung-zuhause.de\">Radfahrausbildung zu Hause<\/a><\/strong><br \/><br \/><\/h1>\n<h1><a href=\"http:\/\/www.hamsterkiste.de\"><img decoding=\"async\" title=\"Erdkunde (2147 besuche)\" src=\"https:\/\/bidab.nibis.de\/_data\/i\/upload\/2018\/03\/14\/20180314142524-b8fda5dc-sq.jpg\" alt=\"Erdkunde\" \/><strong>Hamsterkiste<\/strong><\/a><\/h1>\n<h1><strong><a href=\"http:\/\/www.physikforkids.de\">Experimente (Physik for kids)<\/a><\/strong><\/h1>\n<h1><strong><a href=\"http:\/\/www.junge-tueftler.de\">Junge T\u00fcftler<\/a><\/strong><\/h1>\n<h1><strong><a href=\"http:\/\/www.meine-forscherwelt.de\">Forscherwelt<\/a><\/strong><\/h1>\n<h1><strong><a href=\"http:\/\/www.niedersachsen.de\/kinder\">Alles \u00fcber Niedersachsen<\/a><\/strong><\/h1>\n<h1><strong><a href=\"http:\/\/www.wdrmaus.de\">Die Maus<\/a><\/strong><\/h1>\n<h1><strong><a href=\"http:\/\/www.max-und-flocke-helferland.de\">Brandschutz, Erste Hilfe, Notruf&#8230;<\/a><\/strong><\/h1>\n<h1><strong><a href=\"http:\/\/www.logo.de\">Nachrichten f\u00fcr Kinder logo<\/a><\/strong><\/h1>\n","protected":false},"excerpt":{"rendered":"<p>Besuch bei der Feuerwehr _______________________________________________________ Links zum Thema Sachunterricht \u00a0 Viel Spa\u00df beim Surfen! Radfahrausbildung zu Hause Hamsterkiste Experimente (Physik for kids) Junge T\u00fcftler Forscherwelt Alles \u00fcber Niedersachsen Die Maus Brandschutz, Erste Hilfe, Notruf&#8230; Nachrichten f\u00fcr Kinder logo<\/p>\n","protected":false},"author":9193281,"featured_media":0,"parent":346,"menu_order":0,"comment_status":"closed","ping_status":"closed","template":"","meta":{"footnotes":""},"class_list":["post-470","page","type-page","status-publish","hentry","without-featured-image"],"_links":{"self":[{"href":"https:\/\/wordpress.nibis.de\/gs-brock\/wp-json\/wp\/v2\/pages\/470","targetHints":{"allow":["GET"]}}],"collection":[{"href":"https:\/\/wordpress.nibis.de\/gs-brock\/wp-json\/wp\/v2\/pages"}],"about":[{"href":"https:\/\/wordpress.nibis.de\/gs-brock\/wp-json\/wp\/v2\/types\/page"}],"author":[{"embeddable":true,"href":"https:\/\/wordpress.nibis.de\/gs-brock\/wp-json\/wp\/v2\/users\/9193281"}],"replies":[{"embeddable":true,"href":"https:\/\/wordpress.nibis.de\/gs-brock\/wp-json\/wp\/v2\/comments?post=470"}],"version-history":[{"count":12,"href":"https:\/\/wordpress.nibis.de\/gs-brock\/wp-json\/wp\/v2\/pages\/470\/revisions"}],"predecessor-version":[{"id":2135,"href":"https:\/\/wordpress.nibis.de\/gs-brock\/wp-json\/wp\/v2\/pages\/470\/revisions\/2135"}],"up":[{"embeddable":true,"href":"https:\/\/wordpress.nibis.de\/gs-brock\/wp-json\/wp\/v2\/pages\/346"}],"wp:attachment":[{"href":"https:\/\/wordpress.nibis.de\/gs-brock\/wp-json\/wp\/v2\/media?parent=470"}],"curies":[{"name":"wp","href":"https:\/\/api.w.org\/{rel}","templated":true}]}}