{"id":699,"date":"2020-05-02T10:00:35","date_gmt":"2020-05-02T08:00:35","guid":{"rendered":"https:\/\/wordpress.nibis.de\/gs-brock\/?page_id=699"},"modified":"2020-05-02T10:14:15","modified_gmt":"2020-05-02T08:14:15","slug":"miteinander-song","status":"publish","type":"page","link":"https:\/\/wordpress.nibis.de\/gs-brock\/unterrichtsfaecher\/religion\/miteinander-song\/","title":{"rendered":"MITEINANDER Song"},"content":{"rendered":"\n<p>\u00a0<\/p>\n<p style=\"text-align: center\"><span style=\"color: #000000\"><strong>MITEINANDER &#8211; ist das Zauberwort, das uns alle in die Zukunft tr\u00e4gt<\/strong><\/span><\/p>\n<p style=\"text-align: center\"><span style=\"color: #000000\"><strong>MITEINANDER &#8211; sp\u00fcren wir sofort, wie uns eine neue Kraft bewegt<\/strong><\/span><\/p>\n<p style=\"text-align: center\"><span style=\"color: #000000\"><strong>&#8230;<\/strong><\/span><\/p>\n<p style=\"text-align: center\"><span style=\"color: #000000\"><strong>Es ist h\u00f6chste Zeit &#8211; f\u00fcr Gemeinsamkeit<\/strong><\/span><\/p>\n<p style=\"text-align: center\"><span style=\"color: #000000\"><strong>Eine neue Art mit anderen umzugehen<\/strong><\/span><\/p>\n<p style=\"text-align: center\"><img decoding=\"async\" src=\"https:\/\/bidab.nibis.de\/_data\/i\/upload\/2018\/03\/14\/20180314142542-fe214da3-sq.jpg\" alt=\"Musik\" \/><\/p>\n<p>\u00a0<\/p>\n<p>Hier findest du das MITEINANDER-Lied. Wenn wir alle wieder in der Schule sind, werden wir es zusammen singen.<\/p>\n<p><a href=\"https:\/\/www.youtube.com\/watch?v=BZI4NpSp-_w\">MITEINANDER-Song (Musikvideo)<\/a><\/p>\n<p><a href=\"https:\/\/wordpress.nibis.de\/gs-brock\/projektwochen-miteinander\/miteinander-songtext\/\">MITEINANDER-Song (Text)<\/a><\/p>\n<p><a href=\"https:\/\/wordpress.nibis.de\/gs-brock\/files\/2020\/04\/MITEINANDER-Song-inkl.-Notenvorlagen.pdf\">MITEINANDER-Song (Text und Notenvorlagen)<\/a><\/p>\n<p><img decoding=\"async\" src=\"https:\/\/wordpress.nibis.de\/gs-brock\/files\/2020\/04\/FAC83E31-3854-4406-9749-15A110DF260A-720x478.png\" \/><\/p>\n","protected":false},"excerpt":{"rendered":"<p>\u00a0 MITEINANDER &#8211; ist das Zauberwort, das uns alle in die Zukunft tr\u00e4gt MITEINANDER &#8211; sp\u00fcren wir sofort, wie uns eine neue Kraft bewegt &#8230; Es ist h\u00f6chste Zeit &#8211; f\u00fcr Gemeinsamkeit Eine neue Art mit anderen umzugehen \u00a0 Hier findest du das MITEINANDER-Lied. Wenn wir alle wieder in der Schule sind, werden wir es &hellip; <a href=\"https:\/\/wordpress.nibis.de\/gs-brock\/unterrichtsfaecher\/religion\/miteinander-song\/\" class=\"more-link\">Weiterlesen <span class=\"screen-reader-text\">MITEINANDER Song<\/span><\/a><\/p>\n","protected":false},"author":9193281,"featured_media":0,"parent":343,"menu_order":0,"comment_status":"closed","ping_status":"closed","template":"","meta":{"footnotes":""},"class_list":["post-699","page","type-page","status-publish","hentry","without-featured-image"],"_links":{"self":[{"href":"https:\/\/wordpress.nibis.de\/gs-brock\/wp-json\/wp\/v2\/pages\/699","targetHints":{"allow":["GET"]}}],"collection":[{"href":"https:\/\/wordpress.nibis.de\/gs-brock\/wp-json\/wp\/v2\/pages"}],"about":[{"href":"https:\/\/wordpress.nibis.de\/gs-brock\/wp-json\/wp\/v2\/types\/page"}],"author":[{"embeddable":true,"href":"https:\/\/wordpress.nibis.de\/gs-brock\/wp-json\/wp\/v2\/users\/9193281"}],"replies":[{"embeddable":true,"href":"https:\/\/wordpress.nibis.de\/gs-brock\/wp-json\/wp\/v2\/comments?post=699"}],"version-history":[{"count":7,"href":"https:\/\/wordpress.nibis.de\/gs-brock\/wp-json\/wp\/v2\/pages\/699\/revisions"}],"predecessor-version":[{"id":709,"href":"https:\/\/wordpress.nibis.de\/gs-brock\/wp-json\/wp\/v2\/pages\/699\/revisions\/709"}],"up":[{"embeddable":true,"href":"https:\/\/wordpress.nibis.de\/gs-brock\/wp-json\/wp\/v2\/pages\/343"}],"wp:attachment":[{"href":"https:\/\/wordpress.nibis.de\/gs-brock\/wp-json\/wp\/v2\/media?parent=699"}],"curies":[{"name":"wp","href":"https:\/\/api.w.org\/{rel}","templated":true}]}}