{"id":902,"date":"2020-06-18T19:33:35","date_gmt":"2020-06-18T17:33:35","guid":{"rendered":"https:\/\/wordpress.nibis.de\/gs-brock\/?page_id=902"},"modified":"2020-07-07T16:28:16","modified_gmt":"2020-07-07T14:28:16","slug":"miteinander-bilder-2","status":"publish","type":"page","link":"https:\/\/wordpress.nibis.de\/gs-brock\/unterrichtsfaecher\/religion\/miteinander-bilder-2\/","title":{"rendered":"MITEINANDER &#8211; Bilder"},"content":{"rendered":"\n<p>Im Juli 2020 sind diese wundersch\u00f6nen Bilder in der &#8222;MITEINANDER-Challenge&#8220; entstanden.<\/p>\n<p>Alle K\u00fcnstlerinnen d\u00fcrfen sich eine kleine Belohnung im Lehrerzimmer abholen.<\/p>\n<p><span style=\"color: #ff0000\"><strong>Siegerbild<\/strong><\/span><\/p>\n<p><img loading=\"lazy\" decoding=\"async\" class=\"alignnone wp-image-909 size-full\" src=\"https:\/\/wordpress.nibis.de\/gs-brock\/files\/2020\/06\/miteinander1-e1592572715451.jpg\" alt=\"\" width=\"600\" height=\"450\" \/>Das MITEINANDER-Siegerbild hat Nele (Klasse 2) gemalt.<\/p>\n<p>\u00a0<\/p>\n<p>Diese Bilder belegten den 2. Platz:<\/p>\n<p><img loading=\"lazy\" decoding=\"async\" class=\"alignnone size-full wp-image-942\" src=\"https:\/\/wordpress.nibis.de\/gs-brock\/files\/2020\/07\/BildSophiaAnna.jpg\" alt=\"\" width=\"600\" height=\"426\" \/>Sophia Anna, Klasse 1<\/p>\n<p>\u00a0<\/p>\n<p><img loading=\"lazy\" decoding=\"async\" class=\"alignnone size-full wp-image-943\" src=\"https:\/\/wordpress.nibis.de\/gs-brock\/files\/2020\/07\/BildLina.jpg\" alt=\"\" width=\"600\" height=\"419\" \/>Lina, Klasse 2<\/p>\n<p>\u00a0<\/p>\n<p><img loading=\"lazy\" decoding=\"async\" class=\"alignnone size-full wp-image-944\" src=\"https:\/\/wordpress.nibis.de\/gs-brock\/files\/2020\/07\/BildAlma.jpg\" alt=\"\" width=\"600\" height=\"426\" \/>Alma, Klasse 2<\/p>\n<p>\u00a0<\/p>\n<p><img loading=\"lazy\" decoding=\"async\" class=\"alignnone size-full wp-image-947\" src=\"https:\/\/wordpress.nibis.de\/gs-brock\/files\/2020\/07\/bild-ellen.jpg\" alt=\"\" width=\"600\" height=\"450\" \/>Ellen, Klasse 4<\/p>\n<p>\u00a0<\/p>\n<p>\u00a0<\/p>\n<p>\u00a0<\/p>\n<p>\u00a0<\/p>\n<p>\u00a0<\/p>\n","protected":false},"excerpt":{"rendered":"<p>Im Juli 2020 sind diese wundersch\u00f6nen Bilder in der &#8222;MITEINANDER-Challenge&#8220; entstanden. Alle K\u00fcnstlerinnen d\u00fcrfen sich eine kleine Belohnung im Lehrerzimmer abholen. Siegerbild Das MITEINANDER-Siegerbild hat Nele (Klasse 2) gemalt. \u00a0 Diese Bilder belegten den 2. Platz: Sophia Anna, Klasse 1 \u00a0 Lina, Klasse 2 \u00a0 Alma, Klasse 2 \u00a0 Ellen, Klasse 4 \u00a0 \u00a0 \u00a0 &hellip; <a href=\"https:\/\/wordpress.nibis.de\/gs-brock\/unterrichtsfaecher\/religion\/miteinander-bilder-2\/\" class=\"more-link\">Weiterlesen <span class=\"screen-reader-text\">MITEINANDER &#8211; Bilder<\/span><\/a><\/p>\n","protected":false},"author":9193281,"featured_media":0,"parent":343,"menu_order":0,"comment_status":"closed","ping_status":"closed","template":"","meta":{"footnotes":""},"class_list":["post-902","page","type-page","status-publish","hentry","without-featured-image"],"_links":{"self":[{"href":"https:\/\/wordpress.nibis.de\/gs-brock\/wp-json\/wp\/v2\/pages\/902","targetHints":{"allow":["GET"]}}],"collection":[{"href":"https:\/\/wordpress.nibis.de\/gs-brock\/wp-json\/wp\/v2\/pages"}],"about":[{"href":"https:\/\/wordpress.nibis.de\/gs-brock\/wp-json\/wp\/v2\/types\/page"}],"author":[{"embeddable":true,"href":"https:\/\/wordpress.nibis.de\/gs-brock\/wp-json\/wp\/v2\/users\/9193281"}],"replies":[{"embeddable":true,"href":"https:\/\/wordpress.nibis.de\/gs-brock\/wp-json\/wp\/v2\/comments?post=902"}],"version-history":[{"count":6,"href":"https:\/\/wordpress.nibis.de\/gs-brock\/wp-json\/wp\/v2\/pages\/902\/revisions"}],"predecessor-version":[{"id":952,"href":"https:\/\/wordpress.nibis.de\/gs-brock\/wp-json\/wp\/v2\/pages\/902\/revisions\/952"}],"up":[{"embeddable":true,"href":"https:\/\/wordpress.nibis.de\/gs-brock\/wp-json\/wp\/v2\/pages\/343"}],"wp:attachment":[{"href":"https:\/\/wordpress.nibis.de\/gs-brock\/wp-json\/wp\/v2\/media?parent=902"}],"curies":[{"name":"wp","href":"https:\/\/api.w.org\/{rel}","templated":true}]}}