{"id":110,"date":"2016-11-07T15:00:21","date_gmt":"2016-11-07T14:00:21","guid":{"rendered":"http:\/\/wordpress.nibis.de\/gs-e\/?page_id=110"},"modified":"2017-06-06T01:22:25","modified_gmt":"2017-06-05T23:22:25","slug":"unsere-schule","status":"publish","type":"page","link":"https:\/\/wordpress.nibis.de\/gs-e\/unsere-schule\/","title":{"rendered":"Unsere Schule"},"content":{"rendered":"<div id='gallery-1' class='gallery galleryid-110 gallery-columns-1 gallery-size-large'><figure class='gallery-item'>\n\t\t\t<div class='gallery-icon landscape'>\n\t\t\t\t<a href='https:\/\/wordpress.nibis.de\/gs-e\/files\/2016\/11\/Eingang.jpg'><img loading=\"lazy\" decoding=\"async\" width=\"800\" height=\"533\" src=\"https:\/\/wordpress.nibis.de\/gs-e\/files\/2016\/11\/Eingang.jpg\" class=\"attachment-large size-large\" alt=\"\" aria-describedby=\"gallery-1-315\" srcset=\"https:\/\/wordpress.nibis.de\/gs-e\/files\/2016\/11\/Eingang.jpg 800w, https:\/\/wordpress.nibis.de\/gs-e\/files\/2016\/11\/Eingang-768x512.jpg 768w\" sizes=\"auto, (max-width: 800px) 100vw, 800px\" \/><\/a>\n\t\t\t<\/div>\n\t\t\t\t<figcaption class='wp-caption-text gallery-caption' id='gallery-1-315'>\n\t\t\t\tEingang\n\t\t\t\t<\/figcaption><\/figure>\n\t\t<\/div>\n\n<p>Die Grundschule Entenfang liegt im Stadtteil Ledeburg im Nordwesten Hannovers und wird derzeit von 245 Sch\u00fclerinnen und Sch\u00fcler aus ca. 22 Nationen besucht. Jeder der vier Jahrg\u00e4nge der Grundschule Entenfang besteht aus drei Parallelklassen.<\/p>\n<p>Im Einzugsbereich der Schule liegen vier Horte, mit denen kooperiert wird. Mit den drei Kitas (St. Katharina, Entenfang, Bodelschwingh) wird im Br\u00fcckenjahr zusammen gearbeitet. Weiterf\u00fchrende Schulen in der N\u00e4he sind die IGS St\u00f6cken sowie das Gymnasium Goetheschule.<\/p>\n<p>Seit dem Schuljahr 2016\/2017 ist die Grundschule Entenfang eine offene Ganztagsschule, die ihren Sch\u00fclerinnen und Sch\u00fclern ein breites Angebot an unterschiedlichen Arbeitsgemeinschaften am Nachmittag bietet.<\/p>\n<div id='gallery-2' class='gallery galleryid-110 gallery-columns-2 gallery-size-medium'><figure class='gallery-item'>\n\t\t\t<div class='gallery-icon landscape'>\n\t\t\t\t<a href='https:\/\/wordpress.nibis.de\/gs-e\/files\/2016\/11\/Entenfang-MT0A1774-Kopie-1.jpg'><img loading=\"lazy\" decoding=\"async\" width=\"850\" height=\"478\" src=\"https:\/\/wordpress.nibis.de\/gs-e\/files\/2016\/11\/Entenfang-MT0A1774-Kopie-1-850x478.jpg\" class=\"attachment-medium size-medium\" alt=\"\" aria-describedby=\"gallery-2-189\" srcset=\"https:\/\/wordpress.nibis.de\/gs-e\/files\/2016\/11\/Entenfang-MT0A1774-Kopie-1-850x478.jpg 850w, https:\/\/wordpress.nibis.de\/gs-e\/files\/2016\/11\/Entenfang-MT0A1774-Kopie-1-250x141.jpg 250w, https:\/\/wordpress.nibis.de\/gs-e\/files\/2016\/11\/Entenfang-MT0A1774-Kopie-1-1200x675.jpg 1200w\" sizes=\"auto, (max-width: 850px) 100vw, 850px\" \/><\/a>\n\t\t\t<\/div>\n\t\t\t\t<figcaption class='wp-caption-text gallery-caption' id='gallery-2-189'>\n\t\t\t\t     Neues Kletterger\u00fcst\n\t\t\t\t<\/figcaption><\/figure><figure class='gallery-item'>\n\t\t\t<div class='gallery-icon landscape'>\n\t\t\t\t<a href='https:\/\/wordpress.nibis.de\/gs-e\/files\/2016\/11\/Entenfang-MT0A1547-1.jpg'><img loading=\"lazy\" decoding=\"async\" width=\"800\" height=\"478\" src=\"https:\/\/wordpress.nibis.de\/gs-e\/files\/2016\/11\/Entenfang-MT0A1547-1-800x478.jpg\" class=\"attachment-medium size-medium\" alt=\"\" aria-describedby=\"gallery-2-298\" \/><\/a>\n\t\t\t<\/div>\n\t\t\t\t<figcaption class='wp-caption-text gallery-caption' id='gallery-2-298'>\n\t\t\t\tKletterwand\n\t\t\t\t<\/figcaption><\/figure>\n\t\t<\/div>\n\n<p style=\"text-align: justify\"><strong>Ausstattung<\/strong><\/p>\n<p>Das rote Bachsteingeb\u00e4ude der Grundschule Entenfang verf\u00fcgt \u00fcber eine sehr gro\u00dfe Hoffl\u00e4che. Hier finden die Sch\u00fclerinnen und Sch\u00fclern viel Platz und Anregungen f\u00fcr ihre Pausengestaltung.<\/p>\n<p>Auf dem asphaltierten Bereich des Schulhofs befinden sich eine gro\u00dfe Kletterwand und ein Basketballfeld. Zwei weitl\u00e4ufige Sportwiesen, umgeben von vielen Hecken und B\u00fcschen, bieten unseren Sch\u00fclerinnen und Sch\u00fclern viel Platz zum Fu\u00dfballspielen, Toben und zum Verstecken. Auf der kleineren Wiese gibt es seit Anfang des Schuljahres 2016\/2017 ein neues Kletterger\u00fcst. Zudem lie\u00df der F\u00f6rderverein auf der gr\u00f6\u00dferen Sportwiese zwei Slacklines anbringen.<br \/>\nF\u00fcr die Pausen gibt es au\u00dferdem eine sch\u00fclerorganisierte Ausleihe mit einem umfangreichen Angebot an Spiel- und Sportger\u00e4ten (z.B. Einr\u00e4der oder Roller).<\/p>\n<p>Die gro\u00dfz\u00fcgige und gut ausgestattete Aula unserer Schule (erbaut 2011) erm\u00f6glicht es den Sch\u00fclerinnen und Sch\u00fclern Musik- oder Theaterst\u00fccke auf der B\u00fchne vorzutragen.<\/p>\n<p>Seit Beginn des Schuljahres 2016\/2017 gibt es eine Mensa auf dem Schulgel\u00e4nde, die neben der Aula erbaut wurde. Hier k\u00f6nnen alle Kinder ein kindgerechtes Mittagessen in einem hellen und gro\u00dfz\u00fcgigen Speisesaal gemeinsam zu sich nehmen.<\/p>\n<div id='gallery-3' class='gallery galleryid-110 gallery-columns-2 gallery-size-medium'><figure class='gallery-item'>\n\t\t\t<div class='gallery-icon landscape'>\n\t\t\t\t<a href='https:\/\/wordpress.nibis.de\/gs-e\/?attachment_id=300'><img loading=\"lazy\" decoding=\"async\" width=\"800\" height=\"478\" src=\"https:\/\/wordpress.nibis.de\/gs-e\/files\/2016\/11\/Entenfang-MT0A1564-1-800x478.jpg\" class=\"attachment-medium size-medium\" alt=\"\" aria-describedby=\"gallery-3-300\" \/><\/a>\n\t\t\t<\/div>\n\t\t\t\t<figcaption class='wp-caption-text gallery-caption' id='gallery-3-300'>\n\t\t\t\tMensa\n\t\t\t\t<\/figcaption><\/figure><figure class='gallery-item'>\n\t\t\t<div class='gallery-icon landscape'>\n\t\t\t\t<a href='https:\/\/wordpress.nibis.de\/gs-e\/startseite\/entenfang-mt0a1607\/'><img loading=\"lazy\" decoding=\"async\" width=\"800\" height=\"478\" src=\"https:\/\/wordpress.nibis.de\/gs-e\/files\/2016\/11\/Entenfang-MT0A1607-800x478.jpg\" class=\"attachment-medium size-medium\" alt=\"\" aria-describedby=\"gallery-3-283\" \/><\/a>\n\t\t\t<\/div>\n\t\t\t\t<figcaption class='wp-caption-text gallery-caption' id='gallery-3-283'>\n\t\t\t\tMensa\n\t\t\t\t<\/figcaption><\/figure>\n\t\t<\/div>\n\n<p>Ein Differenzierungsraum mit verschiedenen F\u00f6rder- und Fordermaterialien (z.B. Material zur F\u00f6rderung der K\u00f6rperkoordination und -wahrnehmung) erm\u00f6glicht es uns, besser auf die unterschiedlichen Leistungsst\u00e4nde der Kinder einzugehen.<\/p>\n<p>Die gut besuchte Sch\u00fclerb\u00fccherei \u201eLesest\u00fcbchen\u201c der Grundschule Entenfang gibt es bereits seit 2001 und bietet ein breites Angebot an Kinderliteratur. Im Computerraum der Schule befinden sich 14 vernetzte PCs mit Internetanschluss. Zus\u00e4tzlich stehen in allen Klassenr\u00e4umen zwei Computer.<br \/>\nDie Turnhalle der Grundschule Entenfang wurde 2016 saniert.<\/p>\n<div id='gallery-4' class='gallery galleryid-110 gallery-columns-2 gallery-size-medium'><figure class='gallery-item'>\n\t\t\t<div class='gallery-icon landscape'>\n\t\t\t\t<a href='https:\/\/wordpress.nibis.de\/gs-e\/startseite\/entenfang-mt0a1720\/'><img loading=\"lazy\" decoding=\"async\" width=\"800\" height=\"478\" src=\"https:\/\/wordpress.nibis.de\/gs-e\/files\/2016\/11\/Entenfang-MT0A1720-800x478.jpg\" class=\"attachment-medium size-medium\" alt=\"\" aria-describedby=\"gallery-4-290\" \/><\/a>\n\t\t\t<\/div>\n\t\t\t\t<figcaption class='wp-caption-text gallery-caption' id='gallery-4-290'>\n\t\t\t\tTurnhalle\n\t\t\t\t<\/figcaption><\/figure><figure class='gallery-item'>\n\t\t\t<div class='gallery-icon landscape'>\n\t\t\t\t<a href='https:\/\/wordpress.nibis.de\/gs-e\/startseite\/entenfang-mt0a1629\/'><img loading=\"lazy\" decoding=\"async\" width=\"800\" height=\"478\" src=\"https:\/\/wordpress.nibis.de\/gs-e\/files\/2016\/11\/Entenfang-MT0A1629-800x478.jpg\" class=\"attachment-medium size-medium\" alt=\"\" aria-describedby=\"gallery-4-286\" \/><\/a>\n\t\t\t<\/div>\n\t\t\t\t<figcaption class='wp-caption-text gallery-caption' id='gallery-4-286'>\n\t\t\t\tAula\n\t\t\t\t<\/figcaption><\/figure>\n\t\t<\/div>\n\n","protected":false},"excerpt":{"rendered":"<p>Die Grundschule Entenfang liegt im Stadtteil Ledeburg im Nordwesten Hannovers und wird derzeit von 245 Sch\u00fclerinnen und Sch\u00fcler aus ca. 22 Nationen besucht. Jeder der vier Jahrg\u00e4nge der Grundschule Entenfang besteht aus drei Parallelklassen. Im Einzugsbereich der Schule liegen vier Horte, mit denen kooperiert wird. Mit den drei Kitas (St. Katharina, Entenfang, Bodelschwingh) wird im [&hellip;]<\/p>\n","protected":false},"author":544,"featured_media":0,"parent":0,"menu_order":0,"comment_status":"closed","ping_status":"closed","template":"","meta":{"footnotes":""},"class_list":["post-110","page","type-page","status-publish","hentry"],"_links":{"self":[{"href":"https:\/\/wordpress.nibis.de\/gs-e\/wp-json\/wp\/v2\/pages\/110","targetHints":{"allow":["GET"]}}],"collection":[{"href":"https:\/\/wordpress.nibis.de\/gs-e\/wp-json\/wp\/v2\/pages"}],"about":[{"href":"https:\/\/wordpress.nibis.de\/gs-e\/wp-json\/wp\/v2\/types\/page"}],"author":[{"embeddable":true,"href":"https:\/\/wordpress.nibis.de\/gs-e\/wp-json\/wp\/v2\/users\/544"}],"replies":[{"embeddable":true,"href":"https:\/\/wordpress.nibis.de\/gs-e\/wp-json\/wp\/v2\/comments?post=110"}],"version-history":[{"count":11,"href":"https:\/\/wordpress.nibis.de\/gs-e\/wp-json\/wp\/v2\/pages\/110\/revisions"}],"predecessor-version":[{"id":456,"href":"https:\/\/wordpress.nibis.de\/gs-e\/wp-json\/wp\/v2\/pages\/110\/revisions\/456"}],"wp:attachment":[{"href":"https:\/\/wordpress.nibis.de\/gs-e\/wp-json\/wp\/v2\/media?parent=110"}],"curies":[{"name":"wp","href":"https:\/\/api.w.org\/{rel}","templated":true}]}}