{"id":113,"date":"2016-11-07T15:00:32","date_gmt":"2016-11-07T14:00:32","guid":{"rendered":"http:\/\/wordpress.nibis.de\/gs-e\/?page_id=113"},"modified":"2016-11-08T18:05:14","modified_gmt":"2016-11-08T17:05:14","slug":"leitbild","status":"publish","type":"page","link":"https:\/\/wordpress.nibis.de\/gs-e\/leitbild\/","title":{"rendered":"Leitbild"},"content":{"rendered":"<h4 style=\"text-align: center\">Unsere Schule ist ein Lebensraum,<br \/>\nin dem Kinder und Erwachsene gemeinsam<br \/>\nlernen, lehren und arbeiten.<\/h4>\n<p>&nbsp;<\/p>\n<ol class=\"leitb\">\n<li>In unserer Schule lernen alle Kinder gemeinsam.\n<ul>\n<li>Wir nehmen die Vielfalt der Kinder wahr.<\/li>\n<li>Wir ber\u00fccksichtigen ihre individuellen St\u00e4rken und Schw\u00e4chen durch entsprechende F\u00f6rderangebote.<\/li>\n<\/ul>\n<p>&nbsp;<\/li>\n<li>Unsere Schule ist ein Ort, an dem wir uns wohl f\u00fchlen.\n<ul>\n<li>Wir achten einander und begegnen uns mit Respekt.<\/li>\n<li>Wir st\u00e4rken unsere Gemeinschaft durch Rituale.<\/li>\n<\/ul>\n<p>&nbsp;<\/li>\n<li>Wir legen besonderen Wert auf eine gute Zusammenarbeit.\n<ul>\n<li>Wir arbeiten partnerschaftlich und vertrauensvoll mit Kindern, Eltern und den Kollegen zusammen.<\/li>\n<li>Wir kooperieren mit anderen Einrichtungen, auch \u00fcber den Stadtteil hinaus.<\/li>\n<\/ul>\n<p>&nbsp;<\/li>\n<li>Wir sind eine Schule, die den musischen, kreativen und sportlichen Bereich unterst\u00fctzt.\n<ul>\n<li>Wir legen Wert auf vielf\u00e4ltige Bewegungsangebote.<\/li>\n<li>Wir organisieren regelm\u00e4\u00dfige musische und kreative Veranstaltungen.<\/li>\n<\/ul>\n<\/li>\n<\/ol>\n<p>&nbsp;<\/p>\n","protected":false},"excerpt":{"rendered":"<p>Unsere Schule ist ein Lebensraum, in dem Kinder und Erwachsene gemeinsam lernen, lehren und arbeiten. &nbsp; In unserer Schule lernen alle Kinder gemeinsam. Wir nehmen die Vielfalt der Kinder wahr. Wir ber\u00fccksichtigen ihre individuellen St\u00e4rken und Schw\u00e4chen durch entsprechende F\u00f6rderangebote. &nbsp; Unsere Schule ist ein Ort, an dem wir uns wohl f\u00fchlen. Wir achten einander [&hellip;]<\/p>\n","protected":false},"author":544,"featured_media":0,"parent":0,"menu_order":0,"comment_status":"closed","ping_status":"closed","template":"","meta":{"footnotes":""},"class_list":["post-113","page","type-page","status-publish","hentry"],"_links":{"self":[{"href":"https:\/\/wordpress.nibis.de\/gs-e\/wp-json\/wp\/v2\/pages\/113","targetHints":{"allow":["GET"]}}],"collection":[{"href":"https:\/\/wordpress.nibis.de\/gs-e\/wp-json\/wp\/v2\/pages"}],"about":[{"href":"https:\/\/wordpress.nibis.de\/gs-e\/wp-json\/wp\/v2\/types\/page"}],"author":[{"embeddable":true,"href":"https:\/\/wordpress.nibis.de\/gs-e\/wp-json\/wp\/v2\/users\/544"}],"replies":[{"embeddable":true,"href":"https:\/\/wordpress.nibis.de\/gs-e\/wp-json\/wp\/v2\/comments?post=113"}],"version-history":[{"count":4,"href":"https:\/\/wordpress.nibis.de\/gs-e\/wp-json\/wp\/v2\/pages\/113\/revisions"}],"predecessor-version":[{"id":337,"href":"https:\/\/wordpress.nibis.de\/gs-e\/wp-json\/wp\/v2\/pages\/113\/revisions\/337"}],"wp:attachment":[{"href":"https:\/\/wordpress.nibis.de\/gs-e\/wp-json\/wp\/v2\/media?parent=113"}],"curies":[{"name":"wp","href":"https:\/\/api.w.org\/{rel}","templated":true}]}}