{"id":129,"date":"2016-11-07T15:02:31","date_gmt":"2016-11-07T14:02:31","guid":{"rendered":"http:\/\/wordpress.nibis.de\/gs-e\/?page_id=129"},"modified":"2025-10-02T12:41:20","modified_gmt":"2025-10-02T10:41:20","slug":"ganztag","status":"publish","type":"page","link":"https:\/\/wordpress.nibis.de\/gs-e\/ganztag\/","title":{"rendered":"Ganztag"},"content":{"rendered":"<p style=\"text-align: justify\">\u00a0<\/p>\n<p style=\"text-align: justify\">\u00a0 \u00a0 \u00a0 \u00a0 \u00a0 \u00a0 \u00a0 \u00a0 \u00a0 \u00a0 \u00a0 \u00a0\u00a0 <img loading=\"lazy\" decoding=\"async\" class=\"aligncenter\" src=\"https:\/\/wordpress.nibis.de\/gs-e\/files\/2020\/09\/SH_Logo_3c_untereinander.jpg\" width=\"169\" height=\"169\" \/><\/p>\n<p style=\"text-align: justify\">Seit dem Schuljahr 2016\/17 ist unsere Schule eine offene Ganztagsschule.<\/p>\n<p style=\"text-align: justify\">Kooperationspartner f\u00fcr die Ganztagsbetreuung ist die Stiftung Help (Freier Tr\u00e4ger der Kinder- und Jugendhilfe). Die Ganztagsbetreuung findet nach dem Unterricht zwischen 13:00 Uhr und 16:00 Uhr statt. Zudem ist eine Fr\u00fchbetreuung zwischen 7:00 Uhr und 8:00 Uhr und eine Sp\u00e4tbetreuung zwischen 16:00 Uhr und 17:00 Uhr gew\u00e4hrleistet.<\/p>\n<p style=\"text-align: left\"><strong>Koordinatorin Ganztag:<\/strong> Stefan Weisser<\/p>\n<p style=\"text-align: left\"><strong>Telefon:<\/strong> 0511 &#8211; 168 31 396 oder 0175 &#8211; 685 52 13<\/p>\n<p style=\"text-align: left\"><strong>eMail:<\/strong>\u00a0<a href=\"&#109;a&#x69;l&#x74;o&#x3a;g&#x73;e&#x6e;t&#x65;&#110;&#x66;&#97;&#x6e;&#103;&#x40;&#115;&#x74;&#105;&#x66;&#116;&#x75;&#110;g&#x2d;h&#x65;l&#x70;&#46;&#x64;e\" target=\"_blank\" rel=\"noopener noreferrer\">gsentenfang(at)stiftung-help.de<\/a><\/p>\n<p><a href=\"https:\/\/www.stiftung-help.de\/ganztag\/ganztag-gs-entenfang-kl-1-jg-25-26\/\">Anmeldung Ganztag 1. Jahrgang Schuljahr 2025_26<\/a>\u00a0 \u00a0 \u00a0 \u00a0<\/p>\n<p><a href=\"https:\/\/www.stiftung-help.de\/ganztag\/ganztag-gs-entenfang-kl-2-4-jg-25-26\/\">Anmeldung Ganztag 2. bis 4. Jahrgang Schuljahr 2025_26<\/a><\/p>\n<p><a href=\"http:\/\/www.stiftung-help.de\/ferien\/\">Ferienangebot der Stiftung HELP<\/a><\/p>\n<p>_____________________________________________________________________________<\/p>\n<p style=\"text-align: left\">\u00a0<\/p>\n\n\n<div class=\"wp-block-image\"><figure class=\"aligncenter size-large is-resized\"><img loading=\"lazy\" decoding=\"async\" src=\"https:\/\/wordpress.nibis.de\/gs-e\/files\/2020\/09\/GRUEN_Sander-Kanteenie-Logo-outline-RGB-e1599993525924.jpg\" alt=\"\" class=\"wp-image-809\" width=\"96\" height=\"126\" \/><\/figure><\/div>\n\n\n\n<p>Sander Catering bietet f\u00fcr unsere Sch\u00fclerinnen und Sch\u00fcler t\u00e4glich eine gesunde und frische Mahlzeit an. Weitere Informationen entnehmen Sie bitte der Infobrosch\u00fcre und den h\u00e4ufig gestellten Fragen.<\/p>\n\n\n\n<p><a href=\"https:\/\/wordpress.nibis.de\/gs-e\/files\/2021\/05\/Sander-Kanteenie-Infobroschuere-Eltern_Stand_Feb-2020.pdf\">Sander-Kanteenie-Infobrosch\u00fcre<\/a><\/p>\n\n\n\n<p><a href=\"https:\/\/wordpress.nibis.de\/gs-e\/files\/2021\/05\/FAQ_Kanteenie-Bestellsystem.pdf\">Fragen und Antworten_Kanteenie-Bestellsystem<\/a><\/p>\n","protected":false},"excerpt":{"rendered":"<p>\u00a0 \u00a0 \u00a0 \u00a0 \u00a0 \u00a0 \u00a0 \u00a0 \u00a0 \u00a0 \u00a0 \u00a0 \u00a0\u00a0 Seit dem Schuljahr 2016\/17 ist unsere Schule eine offene Ganztagsschule. Kooperationspartner f\u00fcr die Ganztagsbetreuung ist die Stiftung Help (Freier Tr\u00e4ger der Kinder- und Jugendhilfe). Die Ganztagsbetreuung findet nach dem Unterricht zwischen 13:00 Uhr und 16:00 Uhr statt. Zudem ist eine Fr\u00fchbetreuung zwischen [&hellip;]<\/p>\n","protected":false},"author":544,"featured_media":0,"parent":0,"menu_order":0,"comment_status":"closed","ping_status":"closed","template":"","meta":{"footnotes":""},"class_list":["post-129","page","type-page","status-publish","hentry"],"_links":{"self":[{"href":"https:\/\/wordpress.nibis.de\/gs-e\/wp-json\/wp\/v2\/pages\/129","targetHints":{"allow":["GET"]}}],"collection":[{"href":"https:\/\/wordpress.nibis.de\/gs-e\/wp-json\/wp\/v2\/pages"}],"about":[{"href":"https:\/\/wordpress.nibis.de\/gs-e\/wp-json\/wp\/v2\/types\/page"}],"author":[{"embeddable":true,"href":"https:\/\/wordpress.nibis.de\/gs-e\/wp-json\/wp\/v2\/users\/544"}],"replies":[{"embeddable":true,"href":"https:\/\/wordpress.nibis.de\/gs-e\/wp-json\/wp\/v2\/comments?post=129"}],"version-history":[{"count":23,"href":"https:\/\/wordpress.nibis.de\/gs-e\/wp-json\/wp\/v2\/pages\/129\/revisions"}],"predecessor-version":[{"id":1219,"href":"https:\/\/wordpress.nibis.de\/gs-e\/wp-json\/wp\/v2\/pages\/129\/revisions\/1219"}],"wp:attachment":[{"href":"https:\/\/wordpress.nibis.de\/gs-e\/wp-json\/wp\/v2\/media?parent=129"}],"curies":[{"name":"wp","href":"https:\/\/api.w.org\/{rel}","templated":true}]}}