{"id":132,"date":"2016-11-07T15:02:44","date_gmt":"2016-11-07T14:02:44","guid":{"rendered":"http:\/\/wordpress.nibis.de\/gs-e\/?page_id=132"},"modified":"2025-10-02T12:43:16","modified_gmt":"2025-10-02T10:43:16","slug":"schulsozialarbeit","status":"publish","type":"page","link":"https:\/\/wordpress.nibis.de\/gs-e\/schulsozialarbeit\/","title":{"rendered":"Schulsozialarbeit"},"content":{"rendered":"<p><img loading=\"lazy\" decoding=\"async\" class=\"alignnone wp-image-167\" src=\"http:\/\/wordpress.nibis.de\/gs-e\/files\/2016\/11\/schulsozialarbeit.jpg\" alt=\"schulsozialarbeit\" width=\"230\" height=\"83\" \/><\/p>\n<p><strong>Kommunaler Sozialdienst Hannover<\/strong><\/p>\n<p><strong>Fachbereich Jugend und Familie<\/strong><\/p>\n<p>Frau Katrin Ladwig (Dipl. Soz.P\u00e4d.\/ Dipl. Soz.Arb.)<\/p>\n<hr \/>\n<p><u>Schulische Sozialarbeit an der GS Entenfang:<\/u><\/p>\n<p>Wenn du als Kind\u2026<br \/>\n\u2022 Ideen hast, die den Schulalltag bereichern<br \/>\n\u2022 Stress mit deinen Mitsch\u00fclerInnen, deinen LehrerInnen, oder zuhause hast<br \/>\n\u2022 mit dem Lernen nicht gut zurechtkommst<br \/>\n\u2022 Schwierigkeiten oder Probleme hast, die dich belasten<br \/>\n\u2022 dich einfach mal ausquatschen willst<br \/>\n\u2022 Fragen hast, die du sonst niemandem stellen kannst<br \/>\n\u2026dann komm zur Schulsozialarbeit und sprich uns an!<\/p>\n<p>Wenn Sie als Eltern\u2026<br \/>\n\u2022 Ihr Kind im Schulalltag unterst\u00fctzen m\u00f6chten<br \/>\n\u2022 sich Sorgen um die Entwicklung Ihres Kindes machen<br \/>\n\u2022 glauben, Ihr Kind kommt in der Schule nicht zurecht<br \/>\n\u2022 f\u00fcrchten, die Erziehung w\u00e4chst Ihnen \u00fcber den Kopf<br \/>\n\u2022 Informationen \u00fcber finanzielle Unterst\u00fctzungsm\u00f6glichkeiten ben\u00f6tigen, die Ihrem Kind im Rahmen von Bildung und Teilhabe zustehen<br \/>\n\u2026dann sprechen Sie die Schulsozialarbeit an!<\/p>\n<p>Als Schulsozialarbeiterinnen<br \/>\n\u2022 bieten wir pers\u00f6nliche und vertrauliche Beratung.<br \/>\n\u2022 suchen wir gemeinsam mit Euch \/Ihnen nach Unterst\u00fctzungsm\u00f6glichkeiten und L\u00f6sungen.<br \/>\n\u2022 vermitteln wir zu weiterf\u00fchrenden Stellen und Diensten.<\/p>\n<p>Schulsozialarbeit<br \/>\n\u2022 arbeitet mit daran, den Schulalltag interessant und lebendig zu gestalten.<br \/>\n\u2022 unterst\u00fctzt Bildung im musischen, sportlichen, k\u00fcnstlerischen und freizeitp\u00e4dagogischen Bereich.<br \/>\n\u2022 f\u00f6rdert das individuelle und soziale Lernen und die Integration aller Kinder und Jugendlichen in der Schule.<\/p>\n<p><strong>Wir haben ein Offenes Ohr f\u00fcr deine\/Ihre Anliegen!<\/strong><\/p>\n<p><strong><br \/>\n<\/strong>Tel.: 0511 \u2013 168 31 347\u00a0 \u00a0 \u00a0 \u00a0 \u00a0 \u00a0 \u00a0 \u00a0 \u00a0 \u00a0 \u00a0 \u00a0 \u00a0 \u00a0 \u00a0 \u00a0 \u00a0 \u00a0 \u00a0\u00a0<strong><br \/>\n<\/strong>Katrin.Ladwig(at)Hannover-Stadt.de<\/p>\n","protected":false},"excerpt":{"rendered":"<p>Kommunaler Sozialdienst Hannover Fachbereich Jugend und Familie Frau Katrin Ladwig (Dipl. Soz.P\u00e4d.\/ Dipl. Soz.Arb.) Schulische Sozialarbeit an der GS Entenfang: Wenn du als Kind\u2026 \u2022 Ideen hast, die den Schulalltag bereichern \u2022 Stress mit deinen Mitsch\u00fclerInnen, deinen LehrerInnen, oder zuhause hast \u2022 mit dem Lernen nicht gut zurechtkommst \u2022 Schwierigkeiten oder Probleme hast, die dich [&hellip;]<\/p>\n","protected":false},"author":544,"featured_media":0,"parent":0,"menu_order":0,"comment_status":"closed","ping_status":"closed","template":"","meta":{"footnotes":""},"class_list":["post-132","page","type-page","status-publish","hentry"],"_links":{"self":[{"href":"https:\/\/wordpress.nibis.de\/gs-e\/wp-json\/wp\/v2\/pages\/132","targetHints":{"allow":["GET"]}}],"collection":[{"href":"https:\/\/wordpress.nibis.de\/gs-e\/wp-json\/wp\/v2\/pages"}],"about":[{"href":"https:\/\/wordpress.nibis.de\/gs-e\/wp-json\/wp\/v2\/types\/page"}],"author":[{"embeddable":true,"href":"https:\/\/wordpress.nibis.de\/gs-e\/wp-json\/wp\/v2\/users\/544"}],"replies":[{"embeddable":true,"href":"https:\/\/wordpress.nibis.de\/gs-e\/wp-json\/wp\/v2\/comments?post=132"}],"version-history":[{"count":14,"href":"https:\/\/wordpress.nibis.de\/gs-e\/wp-json\/wp\/v2\/pages\/132\/revisions"}],"predecessor-version":[{"id":1220,"href":"https:\/\/wordpress.nibis.de\/gs-e\/wp-json\/wp\/v2\/pages\/132\/revisions\/1220"}],"wp:attachment":[{"href":"https:\/\/wordpress.nibis.de\/gs-e\/wp-json\/wp\/v2\/media?parent=132"}],"curies":[{"name":"wp","href":"https:\/\/api.w.org\/{rel}","templated":true}]}}