{"id":144,"date":"2016-11-07T15:04:09","date_gmt":"2016-11-07T14:04:09","guid":{"rendered":"http:\/\/wordpress.nibis.de\/gs-e\/?page_id=144"},"modified":"2024-02-15T10:39:37","modified_gmt":"2024-02-15T09:39:37","slug":"allg-hinweise","status":"publish","type":"page","link":"https:\/\/wordpress.nibis.de\/gs-e\/allg-hinweise\/","title":{"rendered":"Allg. Hinweise"},"content":{"rendered":"<p class=\"left\" style=\"text-align: justify\"><b>\u00c4nderung von Daten:<\/b>\u00a0Wenn sich Ihre\u00a0Anschrift, Telefon-Nummer oder andere wichtige Sch\u00fclerdaten \u00e4ndern,\u00a0bitten wir dies\u00a0umgehend im Sekretariat bekannt zu geben.<\/p>\n<p class=\"left\" style=\"text-align: justify\"><strong>Ankommen und abholen:<\/strong> <span style=\"text-decoration: underline\">Bis zu den Herbstferien der ersten Klasse<\/span> d\u00fcrfen die Kinder bis zum Klassenraum gebracht werden. Danach gehen die Kinder selbstst\u00e4ndig den Weg zu ihrer Klasse. Bei Unterrichtsende werden die Kinder, die abholt werden, vor dem Eingang der Schule in Empfang genommen.<\/p>\n<p><b>Beurlaubungen:<\/b>\u00a0In Notf\u00e4llen kann Ihr Kind durch die Klassenlehrerin bis zu drei Tagen beurlaubt werden, wenn diese Tage\u00a0<u>nicht direkt vor oder im Anschluss an die Ferien liegen<\/u>.<\/p>\n<p><b>Beurlaubungen vor und nach den Ferien<\/b>\u00a0sind laut Schulgesetz nur in besonderen H\u00e4rtef\u00e4llen erlaubt. Der Antrag muss rechtzeitig bei der Schulleitung gestellt werden. <u>Bitte beachten Sie: g\u00fcnstigere Flugtermine und \u2013preise sind keine H\u00e4rtef\u00e4lle!<\/u>\u00a0Bitte bedenken Sie, dass gerade an den letzten Schultagen oft besonders sch\u00f6ne Schulaktivit\u00e4ten unbelastet von Zensurenstress stattfinden. An den ersten Schultagen nach den Ferien geht es oft um f\u00fcr Kinder so wichtige Dinge wie die Sitzordnung und andere Verabredungen.<\/p>\n<p>In der<strong> Datenschutzgrundverodnung<\/strong> ist festgelegt, dass die Schule personenbezogene Daten der Sch\u00fclerinnen und Sch\u00fcler und der Erziehungsberechtigten erhebt und speichert. Welche Daten erhoben und verarbeitet werden, finden Sie in der <a href=\"https:\/\/wordpress.nibis.de\/gs-e\/files\/2019\/05\/Tabelle-\u00dcbersicht-Daten.pdf\">\u00dcbersicht zur Verarbeitung personenbezogener Daten<\/a>.<\/p>\n<p>Bei\u00a0<b>Erkrankungen<\/b>\u00a0sind die Kinder\u00a0<u>innerhalb von 3 Tagen<\/u>\u00a0zu entschuldigen, am einfachsten telefonisch im Sekretariat. Bei ansteckenden Krankheiten (auch bei L\u00e4usen!) besteht Meldepflicht in der Schule.\u00a0<a href=\"http:\/\/wordpress.nibis.de\/gs-e\/files\/2017\/02\/Infektionsschutzgesetz.pdf\">Infektionsschutzgesetz<\/a><\/p>\n<p><b>Fahrr\u00e4der:<\/b>\u00a0Besch\u00e4digungen an Fahrr\u00e4dern auf dem Schulweg oder w\u00e4hrend des Schulvormittages sind nicht versichertet, es sei denn, sie sind f\u00fcr den Unterricht notwendig, z.B. bei der Vorbereitung f\u00fcr die Radfahrpr\u00fcfung im 4. Schuljahr.\u00a0<span style=\"text-decoration: underline\">Vor Ablegen dieser Pr\u00fcfung sollten die Kinder m\u00f6glichst nicht allein mit dem Fahrrad zur Schule kommen.<\/span><\/p>\n<p><b>Versicherungsschutz<\/b>\u00a0besteht f\u00fcr die Sch\u00fcler und Sch\u00fclerinnen von der Haust\u00fcr bis zur Haust\u00fcr. Die Schule muss Unf\u00e4lle innerhalb von 3 Tagen melden. Daher ist es wichtig, dass Sie uns sofort alle Unf\u00e4lle melden, die sich auf dem Schulweg ereignet haben oder von denen die Schule nichts erfahren hat.<br \/>\nVersicherungsschutz f\u00fcr Sachbesch\u00e4digungen und Diebstahl existiert nur f\u00fcr die im engsten Sinne zum Schulgebrauch bestimmten Sachen und Kleidungsst\u00fccke.<\/p>\n<p><b>Waffenerlass:<\/b><br \/>\nEs ist verboten, Waffen und waffen\u00e4hnliche Gegenst\u00e4nde mitzubringen.\u00a0<a href=\"http:\/\/wordpress.nibis.de\/gs-e\/files\/2017\/02\/Waffenverbot.pdf\">Waffenerlass<\/a><\/p>\n<p><b>Schule und Schulveranstaltungen kosten Geld<\/b><br \/>\nVon der Lehrmittelausleihe werden nur Schulb\u00fccher bezahlt, in die nicht hineingeschrieben wird. Sie m\u00fcssen weitere Kosten einkalkulieren:<\/p>\n<ul>\n<li>weiteres Unterrichtsmaterial wie z.B. Arbeitshefte<\/li>\n<li>Kopiergeld (z. Zt. 7,50 \u20ac im Halbjahr)<\/li>\n<li>Klassenkassenbeitrag f\u00fcr die Beschaffung von Bastelmaterial<\/li>\n<li>Schulveranstaltungen wie z. B. Ausfl\u00fcge, Kinobesuche<\/li>\n<li>ggfs. Beitrag f\u00fcr Klasse 2000 (im 1. und 2. Schuljahr ca. 10 \u20ac)<\/li>\n<li>Landheimaufenthalt im 3. oder 4. Schuljahr<\/li>\n<\/ul>\n<p>Wenn Sie Probleme bei der Finanzierung haben, wenden Sie sich bitte an die Klassenlehrerin oder an das Sekretariat. Unterst\u00fctzungsm\u00f6glichkeiten gibt es z. B. durch das Bildungs- und Teilhabepaket (Antr\u00e4ge im Sekretariat) oder auch durch den F\u00f6rderverein.<\/p>\n<p>Ein letzter Hinweis:<b> Handys und alle Arten von elektronischen Ger\u00e4ten wie MP3-Player u.s.w. sind in der Schule nicht erlaubt!\u00a0<\/b>Bei Zuwiderhandeln werden die Ger\u00e4te eingesammelt und m\u00fcssen von Ihnen pers\u00f6nlich abgeholt werden.<\/p>\n","protected":false},"excerpt":{"rendered":"<p>\u00c4nderung von Daten:\u00a0Wenn sich Ihre\u00a0Anschrift, Telefon-Nummer oder andere wichtige Sch\u00fclerdaten \u00e4ndern,\u00a0bitten wir dies\u00a0umgehend im Sekretariat bekannt zu geben. Ankommen und abholen: Bis zu den Herbstferien der ersten Klasse d\u00fcrfen die Kinder bis zum Klassenraum gebracht werden. Danach gehen die Kinder selbstst\u00e4ndig den Weg zu ihrer Klasse. Bei Unterrichtsende werden die Kinder, die abholt werden, vor [&hellip;]<\/p>\n","protected":false},"author":544,"featured_media":0,"parent":0,"menu_order":0,"comment_status":"closed","ping_status":"closed","template":"","meta":{"footnotes":""},"class_list":["post-144","page","type-page","status-publish","hentry"],"_links":{"self":[{"href":"https:\/\/wordpress.nibis.de\/gs-e\/wp-json\/wp\/v2\/pages\/144","targetHints":{"allow":["GET"]}}],"collection":[{"href":"https:\/\/wordpress.nibis.de\/gs-e\/wp-json\/wp\/v2\/pages"}],"about":[{"href":"https:\/\/wordpress.nibis.de\/gs-e\/wp-json\/wp\/v2\/types\/page"}],"author":[{"embeddable":true,"href":"https:\/\/wordpress.nibis.de\/gs-e\/wp-json\/wp\/v2\/users\/544"}],"replies":[{"embeddable":true,"href":"https:\/\/wordpress.nibis.de\/gs-e\/wp-json\/wp\/v2\/comments?post=144"}],"version-history":[{"count":13,"href":"https:\/\/wordpress.nibis.de\/gs-e\/wp-json\/wp\/v2\/pages\/144\/revisions"}],"predecessor-version":[{"id":1174,"href":"https:\/\/wordpress.nibis.de\/gs-e\/wp-json\/wp\/v2\/pages\/144\/revisions\/1174"}],"wp:attachment":[{"href":"https:\/\/wordpress.nibis.de\/gs-e\/wp-json\/wp\/v2\/media?parent=144"}],"curies":[{"name":"wp","href":"https:\/\/api.w.org\/{rel}","templated":true}]}}