{"id":150,"date":"2016-11-07T15:04:35","date_gmt":"2016-11-07T14:04:35","guid":{"rendered":"http:\/\/wordpress.nibis.de\/gs-e\/?page_id=150"},"modified":"2018-10-21T09:07:58","modified_gmt":"2018-10-21T07:07:58","slug":"schulelternrat","status":"publish","type":"page","link":"https:\/\/wordpress.nibis.de\/gs-e\/schulelternrat\/","title":{"rendered":"Schulelternrat"},"content":{"rendered":"<p>Die in den einzelnen Klassen gew\u00e4hlten Elternvertreter (zwei pro Klasse) bilden den Schulelternrat und sind f\u00fcr jeweils zwei Jahre gew\u00e4hlt.<\/p>\n<p>&nbsp;<\/p>\n<p><strong>Unsere Aufgaben<\/strong><\/p>\n<p>Der Schulelternrat vertritt die Interessen der Elternschaft der Schule und ist somit das Bindeglied zwischen Schulleitung und Eltern. Bei Fragen, W\u00fcnschen und Vorschl\u00e4gen ist es Ansprechpartner f\u00fcr beide Seiten.<\/p>\n<p>Mindestens zweimal im Schuljahr gibt es eine Schulelternratssitzung, bei der bauliche, personelle und s\u00e4chliche Belange der Schule sowie Aktuelles besprochen und er\u00f6rtert werden. Die jeweiligen Elternvertreter berichten dann in ihrer Klasse \u00fcber die Informationen aus der Schulelternratssitzung.<\/p>\n<p>Die Mitglieder des Schulelternrats sind zum Teil im Stadtelternrat, Regionselternrat, in den Fachkonferenzen, der Gesamtkonferenz sowie dem Schulvorstand vertreten.<\/p>\n<p>&nbsp;<\/p>\n<p style=\"text-align: center\">Bitte wenden Sie sich an das Schulsekretariat, um Kontakt zu uns aufzunehmen.<\/p>\n<p>&nbsp;<\/p>\n<p><strong>Ihr Schulelternrat<\/strong><\/p>\n","protected":false},"excerpt":{"rendered":"<p>Die in den einzelnen Klassen gew\u00e4hlten Elternvertreter (zwei pro Klasse) bilden den Schulelternrat und sind f\u00fcr jeweils zwei Jahre gew\u00e4hlt. &nbsp; Unsere Aufgaben Der Schulelternrat vertritt die Interessen der Elternschaft der Schule und ist somit das Bindeglied zwischen Schulleitung und Eltern. Bei Fragen, W\u00fcnschen und Vorschl\u00e4gen ist es Ansprechpartner f\u00fcr beide Seiten. Mindestens zweimal im [&hellip;]<\/p>\n","protected":false},"author":544,"featured_media":0,"parent":0,"menu_order":0,"comment_status":"closed","ping_status":"closed","template":"","meta":{"footnotes":""},"class_list":["post-150","page","type-page","status-publish","hentry"],"_links":{"self":[{"href":"https:\/\/wordpress.nibis.de\/gs-e\/wp-json\/wp\/v2\/pages\/150","targetHints":{"allow":["GET"]}}],"collection":[{"href":"https:\/\/wordpress.nibis.de\/gs-e\/wp-json\/wp\/v2\/pages"}],"about":[{"href":"https:\/\/wordpress.nibis.de\/gs-e\/wp-json\/wp\/v2\/types\/page"}],"author":[{"embeddable":true,"href":"https:\/\/wordpress.nibis.de\/gs-e\/wp-json\/wp\/v2\/users\/544"}],"replies":[{"embeddable":true,"href":"https:\/\/wordpress.nibis.de\/gs-e\/wp-json\/wp\/v2\/comments?post=150"}],"version-history":[{"count":4,"href":"https:\/\/wordpress.nibis.de\/gs-e\/wp-json\/wp\/v2\/pages\/150\/revisions"}],"predecessor-version":[{"id":573,"href":"https:\/\/wordpress.nibis.de\/gs-e\/wp-json\/wp\/v2\/pages\/150\/revisions\/573"}],"wp:attachment":[{"href":"https:\/\/wordpress.nibis.de\/gs-e\/wp-json\/wp\/v2\/media?parent=150"}],"curies":[{"name":"wp","href":"https:\/\/api.w.org\/{rel}","templated":true}]}}