{"id":171,"date":"2016-11-07T21:09:15","date_gmt":"2016-11-07T20:09:15","guid":{"rendered":"http:\/\/wordpress.nibis.de\/gs-e\/?page_id=171"},"modified":"2018-10-19T17:35:38","modified_gmt":"2018-10-19T15:35:38","slug":"impressum","status":"publish","type":"page","link":"https:\/\/wordpress.nibis.de\/gs-e\/impressum\/","title":{"rendered":"Impressum"},"content":{"rendered":"<p><strong>Angaben gem\u00e4\u00df \u00a7 5 TMG:<\/strong><\/p>\n<p><strong>Land Niedersachsen (Diensteanbieter im Sinne des Telemediengesetzes)<\/strong><\/p>\n<p><strong>Das Land Niedersachsen ist eine juristische Person des \u00f6ffentlichen Rechts vertreten durch:\u00a0<\/strong><\/p>\n<p><strong>Schulleiterin<\/strong><br \/>\nIsabell Blinda<\/p>\n<p><strong>Grundschule Entenfang<\/strong><br \/>\nEntenfangweg 19<br \/>\n30419 Hannover<\/p>\n<p><strong>Sekretariat<\/strong><br \/>\n<strong>Tel.:<\/strong>\u00a00511 \/ 168 49 341<br \/>\n<strong>Fax:\u00a0<\/strong>0511 \/ 168 49 280<br \/>\n<strong>eMail:\u00a0<\/strong><a href=\"&#x6d;a&#x69;&#108;t&#x6f;&#58;&#x67;&#x73;-&#x65;&#110;t&#x65;&#110;&#x66;&#97;n&#x67;&#64;H&#x61;&#110;&#x6e;&#111;v&#x65;&#114;&#x2d;&#x53;t&#x61;&#100;t&#x2e;&#100;&#x65;\">gs-entenfang(at)Hannover-Stadt.de<\/a><\/p>\n<p>&nbsp;<\/p>\n<p><strong>Haftungsausschluss<\/strong><\/p>\n<p>Diese Webseite beinhaltet externe Links. Deren Inhalte entziehen sich unserer Einflussnahme, sodass eine Gew\u00e4hr f\u00fcr solche Inhalte von uns nicht \u00fcbernommen werden kann.<\/p>\n<p>Die Verantwortung liegt stets beim jeweiligen Betreiber der externen Seiten. Zum Zeitpunkt der Verkn\u00fcpfung der externen Links waren keine Rechtsverst\u00f6\u00dfe ersichtlich. Die permanente \u00dcberwachung fremder Inhalte auf Rechtsverst\u00f6\u00dfe ohne konkrete Hinweise ist uns nicht zumutbar.<\/p>\n<p>Sollten wir Kenntnis von Rechtsverletzungen erlangen, werden wir die entsprechenden externen Links unverz\u00fcglich entfernen.<\/p>\n","protected":false},"excerpt":{"rendered":"<p>Angaben gem\u00e4\u00df \u00a7 5 TMG: Land Niedersachsen (Diensteanbieter im Sinne des Telemediengesetzes) Das Land Niedersachsen ist eine juristische Person des \u00f6ffentlichen Rechts vertreten durch:\u00a0 Schulleiterin Isabell Blinda Grundschule Entenfang Entenfangweg 19 30419 Hannover Sekretariat Tel.:\u00a00511 \/ 168 49 341 Fax:\u00a00511 \/ 168 49 280 eMail:\u00a0gs-entenfang(at)Hannover-Stadt.de &nbsp; Haftungsausschluss Diese Webseite beinhaltet externe Links. Deren Inhalte entziehen [&hellip;]<\/p>\n","protected":false},"author":1001,"featured_media":0,"parent":0,"menu_order":0,"comment_status":"closed","ping_status":"closed","template":"","meta":{"footnotes":""},"class_list":["post-171","page","type-page","status-publish","hentry"],"_links":{"self":[{"href":"https:\/\/wordpress.nibis.de\/gs-e\/wp-json\/wp\/v2\/pages\/171","targetHints":{"allow":["GET"]}}],"collection":[{"href":"https:\/\/wordpress.nibis.de\/gs-e\/wp-json\/wp\/v2\/pages"}],"about":[{"href":"https:\/\/wordpress.nibis.de\/gs-e\/wp-json\/wp\/v2\/types\/page"}],"author":[{"embeddable":true,"href":"https:\/\/wordpress.nibis.de\/gs-e\/wp-json\/wp\/v2\/users\/1001"}],"replies":[{"embeddable":true,"href":"https:\/\/wordpress.nibis.de\/gs-e\/wp-json\/wp\/v2\/comments?post=171"}],"version-history":[{"count":4,"href":"https:\/\/wordpress.nibis.de\/gs-e\/wp-json\/wp\/v2\/pages\/171\/revisions"}],"predecessor-version":[{"id":564,"href":"https:\/\/wordpress.nibis.de\/gs-e\/wp-json\/wp\/v2\/pages\/171\/revisions\/564"}],"wp:attachment":[{"href":"https:\/\/wordpress.nibis.de\/gs-e\/wp-json\/wp\/v2\/media?parent=171"}],"curies":[{"name":"wp","href":"https:\/\/api.w.org\/{rel}","templated":true}]}}