{"id":513,"date":"2018-09-15T21:11:08","date_gmt":"2018-09-15T19:11:08","guid":{"rendered":"http:\/\/wordpress.nibis.de\/gs-e\/?page_id=513"},"modified":"2021-06-10T13:19:38","modified_gmt":"2021-06-10T11:19:38","slug":"rettungsinseln","status":"publish","type":"page","link":"https:\/\/wordpress.nibis.de\/gs-e\/rettungsinseln\/","title":{"rendered":"Rettungsinseln"},"content":{"rendered":"<p><img loading=\"lazy\" decoding=\"async\" class=\"alignnone wp-image-584 \" src=\"https:\/\/wordpress.nibis.de\/gs-e\/files\/2019\/02\/RZ_Rettungsinsel-Aufkleber_624x624_text_RGB_20181202-e1549472758149.jpg\" alt=\"\" width=\"270\" height=\"270\" \/><\/p>\n<p><strong>Das Projekt Kinder-Rettungsinsel &#8211; Gemeinsam f\u00fcr einen sicheren Schulweg!<\/strong><\/p>\n<p><strong>Was ist die Kinder-Rettungsinsel?<\/strong><br \/>\nDie Kinder-Rettungsinsel ist eine Initiative der Elternvertreter der Grundschule Entenfang, die das Projekt auch unterst\u00fctzt. Kinder-Rettungsinseln sind \u00f6ffentliche Orte, die mit Hilfe eines Aufklebers kenntlich gemacht werden, sodass Kinder diesen leicht erkennen und bei Unsicherheiten oder \u00c4ngsten auf ihrem Schulweg einen gesch\u00fctzten Raum finden k\u00f6nnen.<\/p>\n<p><strong>Warum suchen Kinder Schutz?<\/strong><br \/>\nKinder k\u00f6nnen ein ungutes Gef\u00fchl auf dem Schulweg haben, weil sie sich bedroht oder verfolgt f\u00fchlen oder auch, weil sie sich verletzt haben oder anderweitige Hilfe von Erwachsenen ben\u00f6tigen.<\/p>\n<p><strong>Wie funktioniert die Rettungsinsel?<\/strong><br \/>\nAlle teilnehmenden Kooperationspartner erhalten den Kinder-Rettungsinsel-Aufkleber. Dieser wird von au\u00dfen \u2013 f\u00fcr Kinder gut sichtbar \u2013 an dem Ladengesch\u00e4ft angebracht. So sind die Kooperationspartner f\u00fcr die Kinder schnell zu erkennen. Im Bedarfsfall wissen sie, wo die n\u00e4chste sichere Rettungsinsel ist und k\u00f6nnen dann von hier ihre Eltern kontaktieren. Die Kontaktdaten der jeweiligen Eltern f\u00fchren die Kinder der Grundschule Entenfang in ihrem Schulplaner mit sich und es ist aus diesem Grund wichtig, dass die Daten der Kinder immer auf dem neuesten Stand sind.<\/p>\n<p><strong>Eine Liste der teilnehmenden Gesch\u00e4fte ist im Folgenden aufgef\u00fchrt und wird regelm\u00e4\u00dfig aktualisiert: <\/strong><\/p>\n<ul>\n<li><strong>Born KFZ-Werkstatt GmbH<\/strong>, Eilersweg 30, 30419 Hannover, Tel. (0511) 27937495<\/li>\n<li><strong>Brillen Biester<\/strong>, Moosbergstr. 1, 30419 Hannover, Tel. (0511) 794930<\/li>\n<li><strong>Charisma Friseurstudio<\/strong>, Am Fuhrenkampe 45, 30419 Hannover, Tel. (0511) 7680601<\/li>\n<li><strong>G\u00e4rtnerei Markgraf<\/strong>, Am Fuhrenkampe 6, 30419 Hannover, Tel. (0511) 753946<\/li>\n<li><strong>Ledeburger Kiosk<\/strong>, Verdener Platz 10, 30419 Hannover, Tel. (0511) 5341796<\/li>\n<li><strong>Studio 43 Kosmetik und Fu\u00dfpflege<\/strong>, Am Fuhrenkampe 43, 30419 Hannover, Tel. (0511) 67951117<\/li>\n<li><strong>Jugendzentrum Opa Seemann<\/strong>, Eichsfelder Str. 32, 30419 Hannover, Tel. (0511) 16847692<\/li>\n<li><strong>Merkur-Apotheke<\/strong> mit den Filialen<\/li>\n<\/ul>\n<p style=\"padding-left: 30px\">Am Fuhrenkampe 104, 30419 Hannover, Tel. (0511) 793605<\/p>\n<p style=\"padding-left: 30px\">St\u00f6ckener Str. 54, 30419 Hannover, Tel. (0511) 792771<\/p>\n<p style=\"padding-left: 30px\">Schulenburger Landstr. 262A, 30419 Hannover, Tel. (0511) 97810490<\/p>\n<p style=\"padding-left: 30px\">Eichsfelder Str. 97, 30419 Hannover, Tel. (0511) 97915778<\/p>\n<ul>\n<li><strong>Wurstbasar,<\/strong> Eichsfelder Str. 97, 30419 Hannover, Tel. (0511) 2281135<\/li>\n<li><strong>Kiosk<\/strong> Eichsfelder Str. 58, 30419 Hannover<\/li>\n<li><strong>Schnitt &amp; Mehr Friseurstudio<\/strong>, Moosbergstr. 1, 30419 Hannover, Tel. (0511) 794970<\/li>\n<\/ul>\n<p><strong>Sie m\u00f6chten auch gerne dabei sein und mit Ihrem Unternehmen als Kooperationspartner an dem Projekt teilnehmen? Alle Infos dazu finden Sie auf unserem <a href=\"https:\/\/wordpress.nibis.de\/gs-e\/files\/2019\/02\/RZ_Rettungsinsel-Flyer-WEB_20181202-1.pdf\" target=\"_blank\" rel=\"noopener noreferrer\">Flyer<\/a>. <\/strong><\/p>\n<p>_______________________________________________________________________________________________________________<\/p>\n<p><u>Kontakt <\/u><br \/>\nBei Fragen k\u00f6nnen Sie uns per Mail unter <span style=\"color: #ff6600\">rettungsinsel(at)gs-entenfang.de\u00a0<\/span> erreichen.<\/p>\n","protected":false},"excerpt":{"rendered":"<p>Das Projekt Kinder-Rettungsinsel &#8211; Gemeinsam f\u00fcr einen sicheren Schulweg! Was ist die Kinder-Rettungsinsel? Die Kinder-Rettungsinsel ist eine Initiative der Elternvertreter der Grundschule Entenfang, die das Projekt auch unterst\u00fctzt. Kinder-Rettungsinseln sind \u00f6ffentliche Orte, die mit Hilfe eines Aufklebers kenntlich gemacht werden, sodass Kinder diesen leicht erkennen und bei Unsicherheiten oder \u00c4ngsten auf ihrem Schulweg einen gesch\u00fctzten [&hellip;]<\/p>\n","protected":false},"author":9192743,"featured_media":0,"parent":0,"menu_order":0,"comment_status":"closed","ping_status":"closed","template":"","meta":{"footnotes":""},"class_list":["post-513","page","type-page","status-publish","hentry"],"_links":{"self":[{"href":"https:\/\/wordpress.nibis.de\/gs-e\/wp-json\/wp\/v2\/pages\/513","targetHints":{"allow":["GET"]}}],"collection":[{"href":"https:\/\/wordpress.nibis.de\/gs-e\/wp-json\/wp\/v2\/pages"}],"about":[{"href":"https:\/\/wordpress.nibis.de\/gs-e\/wp-json\/wp\/v2\/types\/page"}],"author":[{"embeddable":true,"href":"https:\/\/wordpress.nibis.de\/gs-e\/wp-json\/wp\/v2\/users\/9192743"}],"replies":[{"embeddable":true,"href":"https:\/\/wordpress.nibis.de\/gs-e\/wp-json\/wp\/v2\/comments?post=513"}],"version-history":[{"count":11,"href":"https:\/\/wordpress.nibis.de\/gs-e\/wp-json\/wp\/v2\/pages\/513\/revisions"}],"predecessor-version":[{"id":937,"href":"https:\/\/wordpress.nibis.de\/gs-e\/wp-json\/wp\/v2\/pages\/513\/revisions\/937"}],"wp:attachment":[{"href":"https:\/\/wordpress.nibis.de\/gs-e\/wp-json\/wp\/v2\/media?parent=513"}],"curies":[{"name":"wp","href":"https:\/\/api.w.org\/{rel}","templated":true}]}}