{"id":607,"date":"2019-06-10T12:22:52","date_gmt":"2019-06-10T10:22:52","guid":{"rendered":"https:\/\/wordpress.nibis.de\/gs-e\/?page_id=607"},"modified":"2023-05-12T11:02:51","modified_gmt":"2023-05-12T09:02:51","slug":"der-foerderverein-stellt-sich-vor","status":"publish","type":"page","link":"https:\/\/wordpress.nibis.de\/gs-e\/der-foerderverein-stellt-sich-vor\/","title":{"rendered":"Der F\u00f6rderverein stellt sich vor"},"content":{"rendered":"\n<p>Der F\u00f6rderverein stellt sich vor<br>Der F\u00f6rderverein der Grundschule Entenfang e.V. hat es sich zur Aufgabe gemacht, im Interesse der Kinder die Schule zu unterst\u00fctzen. Der Verein setzt sich vor allem in Bereichen ein, die nicht zu den Pflichtaufgaben des staatlichen Schultr\u00e4gers geh\u00f6ren. Diese sind unter anderem:<\/p>\n\n\n\n<ul class=\"wp-block-list\"><li>Ma\u00dfnahmen zur Verbesserung der Lehr- und Lernsituation<\/li><li>Mitgestaltung von Gemeinschaftsveranstaltungen, die dem Schulleben dienen<\/li><li>Unterst\u00fctzung der Teilnahme an Projekten zur F\u00f6rderung von Jahrgangsstufen (z.B. Klasse 2000)<\/li><\/ul>\n\n\n\n<p><\/p>\n\n\n\n<p>Der F\u00f6rderverein finanziert Dinge, f\u00fcr die die Mittel sonst fehlen. Das Geld daf\u00fcr stammt aus den Mitgliedsbeitr\u00e4gen, von Spenden und Sammelaktionen. Finanzierte Projekte sind unter anderem:<\/p>\n\n\n\n<ul class=\"wp-block-list\"><li>Hausaufgabenhilfe<\/li><li>Spiel- &amp; Sportger\u00e4te<\/li><li>Schulkleidung<\/li><li>Projekte zur Gewaltpr\u00e4vention<\/li><li>Gesundheitsf\u00f6rderung, wie Klasse 2000<\/li><li>Medaillen f\u00fcr Sportveranstaltungen<\/li><li>viele weitere Projekte&#8230;<\/li><\/ul>\n\n\n\n<p>Auch bei der Durchf\u00fchrung diverser Schulveranstaltungen unterst\u00fctzt der F\u00f6rderverein. Zudem setzen er sich f\u00fcr die Verbesserung der Lehr- und Lernsituation ein.<\/p>\n\n\n\n<p><\/p>\n\n\n","protected":false},"excerpt":{"rendered":"<p>Der F\u00f6rderverein stellt sich vorDer F\u00f6rderverein der Grundschule Entenfang e.V. hat es sich zur Aufgabe gemacht, im Interesse der Kinder die Schule zu unterst\u00fctzen. Der Verein setzt sich vor allem in Bereichen ein, die nicht zu den Pflichtaufgaben des staatlichen Schultr\u00e4gers geh\u00f6ren. Diese sind unter anderem: Ma\u00dfnahmen zur Verbesserung der Lehr- und Lernsituation Mitgestaltung von [&hellip;]<\/p>\n","protected":false},"author":9192743,"featured_media":0,"parent":0,"menu_order":0,"comment_status":"closed","ping_status":"closed","template":"","meta":{"footnotes":""},"class_list":["post-607","page","type-page","status-publish","hentry"],"_links":{"self":[{"href":"https:\/\/wordpress.nibis.de\/gs-e\/wp-json\/wp\/v2\/pages\/607","targetHints":{"allow":["GET"]}}],"collection":[{"href":"https:\/\/wordpress.nibis.de\/gs-e\/wp-json\/wp\/v2\/pages"}],"about":[{"href":"https:\/\/wordpress.nibis.de\/gs-e\/wp-json\/wp\/v2\/types\/page"}],"author":[{"embeddable":true,"href":"https:\/\/wordpress.nibis.de\/gs-e\/wp-json\/wp\/v2\/users\/9192743"}],"replies":[{"embeddable":true,"href":"https:\/\/wordpress.nibis.de\/gs-e\/wp-json\/wp\/v2\/comments?post=607"}],"version-history":[{"count":7,"href":"https:\/\/wordpress.nibis.de\/gs-e\/wp-json\/wp\/v2\/pages\/607\/revisions"}],"predecessor-version":[{"id":1154,"href":"https:\/\/wordpress.nibis.de\/gs-e\/wp-json\/wp\/v2\/pages\/607\/revisions\/1154"}],"wp:attachment":[{"href":"https:\/\/wordpress.nibis.de\/gs-e\/wp-json\/wp\/v2\/media?parent=607"}],"curies":[{"name":"wp","href":"https:\/\/api.w.org\/{rel}","templated":true}]}}