{"id":611,"date":"2019-06-10T12:48:06","date_gmt":"2019-06-10T10:48:06","guid":{"rendered":"https:\/\/wordpress.nibis.de\/gs-e\/?page_id=611"},"modified":"2024-08-28T12:48:47","modified_gmt":"2024-08-28T10:48:47","slug":"projekte-und-news","status":"publish","type":"page","link":"https:\/\/wordpress.nibis.de\/gs-e\/projekte-und-news\/","title":{"rendered":"Projekte und News"},"content":{"rendered":"\n<h2 class=\"wp-block-heading\"> <\/h2>\n\n\n\n<p><strong>&#8222;Newsletter 2024&#8220;<\/strong> <\/p>\n\n\n\n<p><strong>Der F\u00f6rderverein \u00fcbergibt&nbsp;Verkehrsschilder an die Grundschule Entenfang<\/strong><\/p>\n\n\n\n<p>Am 21. August&nbsp;\u00fcbergab der 1. Vorsitzende des F\u00f6rdervereins der Grundschule Entenfang, Herr Riemer, mehrere Verkehrsschilder an Frau Finke, FK-Leitung Sachunterricht der Grundschule Entenfang. Die 72 cm hohen Schilder werden zuk\u00fcnftig im Sachunterricht eingesetzt.<\/p>\n\n\n\n<p>Mit den neuen Verkehrsschildern soll das Thema Verkehrserziehung in der Grundschule noch anschaulicher gestaltet werden. Die Sch\u00fclerinnen und Sch\u00fcler haben nun die M\u00f6glichkeit, im Rahmen von praktischen \u00dcbungen zu lernen, wie sie sich im Stra\u00dfenverkehr richtig verhalten. \u201eDurch die Anschaffung dieser Schilder k\u00f6nnen wir den Kindern praxisnah vermitteln, welche Bedeutung die einzelnen Verkehrszeichen haben und wie sie sich in verschiedenen Verkehrssituationen verhalten sollten\u201c, erkl\u00e4rte Frau Finke bei der \u00dcbergabe.<\/p>\n\n\n\n<p>Der F\u00f6rderverein der Grundschule Entenfang unterst\u00fctzt die Schule seit vielen Jahren durch verschiedene Projekte und Anschaffungen. \u201eEs ist uns ein gro\u00dfes Anliegen, die Schule in ihrer p\u00e4dagogischen Arbeit zu unterst\u00fctzen und den Kindern bestm\u00f6gliche Lernbedingungen zu bieten\u201c, sagte Herr&nbsp;Riemer abschlie\u00dfend.<\/p>\n\n\n\n<p>Die neuen Verkehrsschilder werden bereits in den kommenden Tagen in den Unterricht integriert und sollen die Verkehrserziehung an der Schule nachhaltig verbessern.<\/p>\n\n\n\n<figure class=\"wp-block-image size-large\"><img loading=\"lazy\" decoding=\"async\" width=\"1200\" height=\"675\" src=\"https:\/\/wordpress.nibis.de\/gs-e\/files\/2024\/08\/2024.08.21_FVGSE_Uebergabe-Verkehrsschilder_HD-1-1200x675.jpg\" alt=\"\" class=\"wp-image-1201\" srcset=\"https:\/\/wordpress.nibis.de\/gs-e\/files\/2024\/08\/2024.08.21_FVGSE_Uebergabe-Verkehrsschilder_HD-1-1200x675.jpg 1200w, https:\/\/wordpress.nibis.de\/gs-e\/files\/2024\/08\/2024.08.21_FVGSE_Uebergabe-Verkehrsschilder_HD-1-850x478.jpg 850w, https:\/\/wordpress.nibis.de\/gs-e\/files\/2024\/08\/2024.08.21_FVGSE_Uebergabe-Verkehrsschilder_HD-1-250x141.jpg 250w\" sizes=\"auto, (max-width: 1200px) 100vw, 1200px\" \/><\/figure>\n\n\n\n<p>&#8222;<strong>Newsletter 2023&#8243;<\/strong><\/p>\n\n\n\n<p>Am 16. Mai um 18 Uhr findet in der Schulaula\u00a0die j\u00e4hrliche Jahreshauptversammlung des F\u00f6rdervereins statt, zu der wir gerne alle Interessierten einladen und mit diesem Newsletter \u00fcber unsere aktuellen Aktivit\u00e4ten informieren m\u00f6chten.<br><br>Nachdem wir im vergangenen Jahr bei Veranstaltungen wie der Einschulung und dem Sponsorenlauf sowie beispielsweise durch unsere Teilnahme an der Rewe-Pfandtastisch-Aktion Einnahmen erzielen konnten, lag der Fokus des F\u00f6rdervereins zu Beginn dieses Jahres darauf, diese sinnvoll einzusetzen.<br><br>Am 07. Februar konnte der Vorstand so beispielsweise Spielzeug im Wert von \u00fcber 1.600 Euro an die Grundschule \u00fcbergeben. Dieses dringend ben\u00f6tigte Spielzeug ersetzt alte und kaputte Sachen der Pausenausleihe. Weitere Infos zur Aktion finden Sie auf der Webseite der GS Entenfang unter F\u00f6rderverein.<br><br>Zudem verwaltet der F\u00f6rderverein die Einnahmen des letztj\u00e4hrigen Sponsorenlaufs, um den Klassen hiermit Ausfl\u00fcge zu erm\u00f6glichen, die in der n\u00e4chsten Zeit stattfinden werden.<br><br>Um die vorgestellten Projekte umzusetzen, brauchen wir dringend weitere Unterst\u00fctzung. Wir freuen uns \u00fcber jede Mitgliedschaft, F\u00f6rdermitgliedschaft, Spende oder tatkr\u00e4ftige Hilfe. Schreibt uns bei Interesse eine E-Mail an\u00a0<a href=\"&#x6d;&#97;&#105;&#x6c;&#x74;&#111;&#58;&#x66;&#x76;&#103;&#115;&#x65;&#x6e;&#116;&#101;&#x6e;&#x66;&#97;&#110;&#x67;&#x40;&#103;&#109;&#x61;&#x69;&#108;&#46;&#x63;&#x6f;&#109;\">&#102;&#x76;&#103;&#x73;&#101;&#x6e;&#116;&#x65;&#110;&#x66;&#97;&#x6e;&#103;&#x40;&#103;&#x6d;&#97;&#x69;&#108;&#x2e;&#99;&#x6f;&#109;<\/a>.<br><br>Unterst\u00fctzen Sie uns gerne auch durch den Kauf von Kleidung im Schulshop unter\u00a0<a href=\"https:\/\/shop.fvgse.org\/\">https:\/\/shop.fvgse.org\/<\/a>\u00a0oder durch die Abgabe von alten Schuhen und Druckerpatronen im Eingangsbereich der Aula.<br><br>Wir freuen uns darauf, Sie bei der Jahreshauptversammlung umfangreicher zu informieren und uns mit Ihnen auszutauschen.<\/p>\n\n\n\n<p><strong>Grundschule Entenfang erh\u00e4lt Spielzeug vom F\u00f6rderverein<\/strong><\/p>\n\n\n\n<p><strong>07.02.2023<\/strong><\/p>\n\n\n\n<p>Heute freuten sich die Vorstandsmitglieder des F\u00f6rdervereins der Grundschule Entenfang e. V., Spielzeug im Wert von \u00fcber 1.600 Euro an die Grundschule zu \u00fcbergeben. \u201eVieles ist in den letzten Jahren leider kaputt gegangen oder inzwischen stark abgenutzt. Mit den neuen Spielsachen haben die Kinder nun wieder eine gro\u00dfe Auswahl f\u00fcr die Pausenbesch\u00e4ftigung\u201c, zeigte sich Konrektorin Juliane Kumlehn bei der \u00dcbergabe begeistert.<\/p>\n\n\n\n<figure class=\"wp-block-image size-large\"><img loading=\"lazy\" decoding=\"async\" width=\"1200\" height=\"675\" src=\"https:\/\/wordpress.nibis.de\/gs-e\/files\/2023\/05\/2023.02.07_Spielzeug-Uebergabe_FVGSE_web-1-1200x675.jpg\" alt=\"\" class=\"wp-image-1142\" srcset=\"https:\/\/wordpress.nibis.de\/gs-e\/files\/2023\/05\/2023.02.07_Spielzeug-Uebergabe_FVGSE_web-1-1200x675.jpg 1200w, https:\/\/wordpress.nibis.de\/gs-e\/files\/2023\/05\/2023.02.07_Spielzeug-Uebergabe_FVGSE_web-1-850x478.jpg 850w, https:\/\/wordpress.nibis.de\/gs-e\/files\/2023\/05\/2023.02.07_Spielzeug-Uebergabe_FVGSE_web-1-250x141.jpg 250w\" sizes=\"auto, (max-width: 1200px) 100vw, 1200px\" \/><\/figure>\n\n\n\n<p>Vl.n.r Coralie K\u00f6ster, Juliane Kumlehn, Christoffer Riemer, Marina Rosebrock, Birgit Kr\u00fcger<\/p>\n\n\n\n<p>\u201eDie Beschaffung von Pausenspielzeug ist eines unserer zentralen Projekte, um die Schule zu unterst\u00fctzen\u201c, erkl\u00e4rte der Vorstandvorsitzende des F\u00f6rdervereins Christoffer Riemer. \u201eMit den Spiel- und Sportger\u00e4ten tragen wir dazu bei, allen Schulkindern einen sch\u00f6nen Schulaufenthalt zu erm\u00f6glichen\u201c.<\/p>\n\n\n\n<p>Sch\u00fclerinnen und Sch\u00fcler d\u00fcrfen sich \u00fcber eine abwechslungsreiche Auswahl an Spielzeugen freuen. Neben verschiedenen Fahrger\u00e4ten der Marke Pedalo sind viele Arten an B\u00e4llen sowie H\u00fctchen, Gummi-Twists, gro\u00dfe Kreisel und Balancierbretter und -mauern dabei. Die Auswahl der Sachen erfolgte in enger Abstimmung mit der Pausenbetreuung. Ein besonderer Wert wurde dabei auf die Schuleignung und die Robustheit gelegt, so dass die Freude daran hoffentlich lange erhalten bleibt.<\/p>\n\n\n\n<p>Das Geld f\u00fcr die Anschaffung stammt aus Mitgliedsbeitr\u00e4gen sowie Spenden von Privatpersonen und Unternehmen. Die Anschaffung von weiteren Spiel- und Sportger\u00e4ten ist in Planung. F\u00fcr die Umsetzung freut sich der F\u00f6rderverein \u00fcber weitere Spenden.<\/p>\n\n\n\n<p><strong>Rewe spendet dem F\u00f6rderverein der GS Entenfang rund 700 Euro<\/strong><\/p>\n\n\n\n<p><strong>14.10.2022<\/strong><\/p>\n\n\n\n<p>Im Rahmen der Aktion &#8222;Pfandtastisch&#8220; haben Kunden des Rewe Marktes Familie Biniek in Hannover Burg in den letzten Monaten flei\u00dfig Pfandflaschen f\u00fcr den guten Zweck gestiftet.<\/p>\n\n\n\n<p>Als gemeinn\u00fctziger Verein freut sich der F\u00f6rderverein der Grundschule Garbsen-Mitte, an der &#8222;Pfandtastisch&#8220;-Aktion teilzunehmen. Im Rahmen eines Herbstsingens, an der die Sch\u00fclerInnen der Grundschule teilnahmen, konnte Jennifer Biniek, Leiterin des Rewe Marktes, dem F\u00f6rderverein am 14. Oktober einen Scheck in H\u00f6he von 702,09 Euro \u00fcberreichen.<\/p>\n\n\n\n<figure class=\"wp-block-image size-large\"><img loading=\"lazy\" decoding=\"async\" width=\"1024\" height=\"675\" src=\"https:\/\/wordpress.nibis.de\/gs-e\/files\/2023\/02\/Scheckuebergabe_Rewe_FVGSE_01_web-1-1024x675.jpg\" alt=\"\" class=\"wp-image-1111\" \/><\/figure>\n\n\n\n<p>Foto: V.l.n.r.: Birgit Kr\u00fcger (2. Vorsitzende), Jennifer Biniek (Rewe), Isabell Blinda (Rektorin), Christoffer Riemer (1. Vorsitzender), Martin Rosebrock (Kassenwart)<\/p>\n\n\n\n<p>Auch weiterhin kann der F\u00f6rderverein im Rewe-Markt \u00fcber das Spenden von Pfandflaschen unterst\u00fctzt werden.<\/p>\n\n\n\n<p>Das Spendengeld wird haupts\u00e4chlich f\u00fcr den Erwerb von Spielger\u00e4ten genutzt. Viele Spielger\u00e4te sind bereits \u00e4lter oder defekt, so dass sie dringend ersetzt werden m\u00fcssen. Neben der Anschaffung von Spielger\u00e4ten unterst\u00fctzt der F\u00f6rderverein die Grundschule Entenfang beispielsweise bei der Hausaufgabenhilfe oder der Durchf\u00fchrung von Schulveranstaltungen.<\/p>\n\n\n\n<p><strong>Der F\u00f6rderverein unterst\u00fctzt das Sommerfest<\/strong><\/p>\n\n\n\n<p><strong>06.10.2022<\/strong><\/p>\n\n\n\n<p>Endlich konnte in diesem Jahr wieder ein Sommerfest stattfinden \u2013 wenn auch wetterbedingt etwas versp\u00e4tet im zweiten Anlauf. Es gab aber nicht nur Spiel und Spass \u2013 es fand zudem in diesem Rahmen ein Sponsorenlauf statt, bei dem die Schulkinder Spendengelder f\u00fcr Schulprojekte sammeln konnten. Das erlaufene und vom F\u00f6rderverein verwaltete Geld kann von den Klassen beispielsweise f\u00fcr Ausfl\u00fcge genutzt werden.<\/p>\n\n\n\n<figure class=\"wp-block-image size-large\"><img loading=\"lazy\" decoding=\"async\" width=\"1200\" height=\"675\" src=\"https:\/\/wordpress.nibis.de\/gs-e\/files\/2023\/02\/Sponsorenlauf_FVGSE_01_web-1-1200x675.jpg\" alt=\"\" class=\"wp-image-1112\" srcset=\"https:\/\/wordpress.nibis.de\/gs-e\/files\/2023\/02\/Sponsorenlauf_FVGSE_01_web-1-1200x675.jpg 1200w, https:\/\/wordpress.nibis.de\/gs-e\/files\/2023\/02\/Sponsorenlauf_FVGSE_01_web-1-850x478.jpg 850w, https:\/\/wordpress.nibis.de\/gs-e\/files\/2023\/02\/Sponsorenlauf_FVGSE_01_web-1-250x141.jpg 250w\" sizes=\"auto, (max-width: 1200px) 100vw, 1200px\" \/><\/figure>\n\n\n\n<p>Foto: Coralie K\u00f6ster und Martin Rosebrock am Stand des F\u00f6rdervereins<\/p>\n\n\n\n<p>Die Eltern spendeten Kuchen und Getr\u00e4nke, dass in der Cafeteria verkauft wurde. Der Erl\u00f6s kommt dem F\u00f6rderverein der GS Entenfang zu Gute, der es f\u00fcr wichtige Anschaffungen und soziale Projekte einsetzen kann. Weitere Einnahmen kamen durch den Verkaufsstand des F\u00f6rdervereins zusammen.<\/p>\n\n\n\n<p><strong>F\u00f6rderverein sponsert Medaillen f\u00fcr Achtkampf<\/strong><\/p>\n\n\n\n<p><strong>08.07.2022<\/strong><\/p>\n\n\n\n<p>Ein wichtiges Anliegen des F\u00f6rdervereins ist die Gesundheitsf\u00f6rderung der Sch\u00fclerinnen und Sch\u00fcler. Daher unterst\u00fctzt der Verein den Sport an der Grundschule und hat wie bereits bei vergangenen Veranstaltungen die Medaillen f\u00fcr den diesj\u00e4hrigen Achtkampf gesponsert.<\/p>\n\n\n\n<figure class=\"wp-block-image size-large\"><img loading=\"lazy\" decoding=\"async\" width=\"1024\" height=\"675\" src=\"https:\/\/wordpress.nibis.de\/gs-e\/files\/2023\/02\/Achtkampf_2022.07.08_Collage_web-1-1024x675.jpg\" alt=\"\" class=\"wp-image-1113\" \/><\/figure>\n\n\n\n<p>Beim Achtkampf durchlaufen die in jahrgangs\u00fcbergreifenden Gruppen eingeteilten Kinder acht verschiedene Sportstationen, wie beispielsweise H\u00fcrdenlauf, Weitsprung oder Werfen.<\/p>\n\n\n\n<p>Die Kinder sollen motiviert und angespornt werden. Als Belohnung f\u00fcr eine gute Leistung beim Achtkampf bekommen die ersten beiden Siegergruppen eine Gold- bzw. Silbermedaille. Alle anderen Kinder erhalten f\u00fcr die Teilnahme eine Bronzemedaille.<\/p>\n\n\n\n<figure class=\"wp-block-image size-large\"><img loading=\"lazy\" decoding=\"async\" width=\"1024\" height=\"675\" src=\"https:\/\/wordpress.nibis.de\/gs-e\/files\/2023\/02\/Achtkampf_2022.07.08_Medaillen_web-1-1024x675.jpg\" alt=\"\" class=\"wp-image-1114\" \/><\/figure>\n\n\n\n<p>Foto: Kinder der GS Entenfang mit Konrektorin Frau Kumlehn und dem Vorstandsvorsitzenden Herrn Riemer<\/p>\n\n\n\n<p><\/p>\n\n\n\n<p><\/p>\n","protected":false},"excerpt":{"rendered":"<p>&#8222;Newsletter 2024&#8220; Der F\u00f6rderverein \u00fcbergibt&nbsp;Verkehrsschilder an die Grundschule Entenfang Am 21. August&nbsp;\u00fcbergab der 1. Vorsitzende des F\u00f6rdervereins der Grundschule Entenfang, Herr Riemer, mehrere Verkehrsschilder an Frau Finke, FK-Leitung Sachunterricht der Grundschule Entenfang. Die 72 cm hohen Schilder werden zuk\u00fcnftig im Sachunterricht eingesetzt. Mit den neuen Verkehrsschildern soll das Thema Verkehrserziehung in der Grundschule noch anschaulicher [&hellip;]<\/p>\n","protected":false},"author":9192743,"featured_media":0,"parent":0,"menu_order":0,"comment_status":"closed","ping_status":"closed","template":"","meta":{"footnotes":""},"class_list":["post-611","page","type-page","status-publish","hentry"],"_links":{"self":[{"href":"https:\/\/wordpress.nibis.de\/gs-e\/wp-json\/wp\/v2\/pages\/611","targetHints":{"allow":["GET"]}}],"collection":[{"href":"https:\/\/wordpress.nibis.de\/gs-e\/wp-json\/wp\/v2\/pages"}],"about":[{"href":"https:\/\/wordpress.nibis.de\/gs-e\/wp-json\/wp\/v2\/types\/page"}],"author":[{"embeddable":true,"href":"https:\/\/wordpress.nibis.de\/gs-e\/wp-json\/wp\/v2\/users\/9192743"}],"replies":[{"embeddable":true,"href":"https:\/\/wordpress.nibis.de\/gs-e\/wp-json\/wp\/v2\/comments?post=611"}],"version-history":[{"count":14,"href":"https:\/\/wordpress.nibis.de\/gs-e\/wp-json\/wp\/v2\/pages\/611\/revisions"}],"predecessor-version":[{"id":1207,"href":"https:\/\/wordpress.nibis.de\/gs-e\/wp-json\/wp\/v2\/pages\/611\/revisions\/1207"}],"wp:attachment":[{"href":"https:\/\/wordpress.nibis.de\/gs-e\/wp-json\/wp\/v2\/media?parent=611"}],"curies":[{"name":"wp","href":"https:\/\/api.w.org\/{rel}","templated":true}]}}