{"id":618,"date":"2019-06-10T12:57:14","date_gmt":"2019-06-10T10:57:14","guid":{"rendered":"https:\/\/wordpress.nibis.de\/gs-e\/?page_id=618"},"modified":"2024-08-28T12:49:55","modified_gmt":"2024-08-28T10:49:55","slug":"schulkleidung","status":"publish","type":"page","link":"https:\/\/wordpress.nibis.de\/gs-e\/schulkleidung\/","title":{"rendered":"Schulkleidung"},"content":{"rendered":"\n<p>Der F\u00f6rderverein setzt sich f\u00fcr eine Schulkleidung ein, die es den Kindern erm\u00f6glicht, sich mit der Schule zu identifizieren. Die Kleidung wird mit dem offiziellen Logo bedruckt und ist in sportlichen und modernen Designs erh\u00e4ltlich. Sie ist in verschiedenen Schnitten und Farben erh\u00e4ltlich. Dar\u00fcber hinaus ist die Kleidung aus Biobaumwolle und damit umweltfreundlich!<\/p>\n\n\n\n<p><\/p>\n\n\n\n<p>Die Schulkleidung k\u00f6nnt ihr unter folgendem Link bestellen: <a href=\"https:\/\/shop.fvgse.org\/\">https:\/\/shop.fvgse.org\/<\/a><\/p>\n\n\n\n<div class=\"wp-block-image\"><figure class=\"aligncenter is-resized\"><img loading=\"lazy\" decoding=\"async\" src=\"https:\/\/wordpress.nibis.de\/gs-e\/files\/2019\/06\/Schulkleidung.jpg\" alt=\"\" class=\"wp-image-631\" width=\"260\" height=\"346\" \/><\/figure><\/div>\n","protected":false},"excerpt":{"rendered":"<p>Der F\u00f6rderverein setzt sich f\u00fcr eine Schulkleidung ein, die es den Kindern erm\u00f6glicht, sich mit der Schule zu identifizieren. Die Kleidung wird mit dem offiziellen Logo bedruckt und ist in sportlichen und modernen Designs erh\u00e4ltlich. Sie ist in verschiedenen Schnitten und Farben erh\u00e4ltlich. Dar\u00fcber hinaus ist die Kleidung aus Biobaumwolle und damit umweltfreundlich! Die Schulkleidung [&hellip;]<\/p>\n","protected":false},"author":9192743,"featured_media":0,"parent":0,"menu_order":0,"comment_status":"closed","ping_status":"closed","template":"","meta":{"footnotes":""},"class_list":["post-618","page","type-page","status-publish","hentry"],"_links":{"self":[{"href":"https:\/\/wordpress.nibis.de\/gs-e\/wp-json\/wp\/v2\/pages\/618","targetHints":{"allow":["GET"]}}],"collection":[{"href":"https:\/\/wordpress.nibis.de\/gs-e\/wp-json\/wp\/v2\/pages"}],"about":[{"href":"https:\/\/wordpress.nibis.de\/gs-e\/wp-json\/wp\/v2\/types\/page"}],"author":[{"embeddable":true,"href":"https:\/\/wordpress.nibis.de\/gs-e\/wp-json\/wp\/v2\/users\/9192743"}],"replies":[{"embeddable":true,"href":"https:\/\/wordpress.nibis.de\/gs-e\/wp-json\/wp\/v2\/comments?post=618"}],"version-history":[{"count":5,"href":"https:\/\/wordpress.nibis.de\/gs-e\/wp-json\/wp\/v2\/pages\/618\/revisions"}],"predecessor-version":[{"id":1208,"href":"https:\/\/wordpress.nibis.de\/gs-e\/wp-json\/wp\/v2\/pages\/618\/revisions\/1208"}],"wp:attachment":[{"href":"https:\/\/wordpress.nibis.de\/gs-e\/wp-json\/wp\/v2\/media?parent=618"}],"curies":[{"name":"wp","href":"https:\/\/api.w.org\/{rel}","templated":true}]}}