{"id":681,"date":"2020-03-23T15:21:33","date_gmt":"2020-03-23T14:21:33","guid":{"rendered":"https:\/\/wordpress.nibis.de\/gs-e\/?page_id=681"},"modified":"2025-10-02T12:45:13","modified_gmt":"2025-10-02T10:45:13","slug":"kinder-homeoffice","status":"publish","type":"page","link":"https:\/\/wordpress.nibis.de\/gs-e\/kinder-homeoffice\/","title":{"rendered":"Kinder-Homeoffice"},"content":{"rendered":"\n<p>Liebe Sch\u00fclerinnen und Sch\u00fcler der Grundschule Entenfang,<\/p>\n\n\n\n<p>hier findet ihr einige Internetseiten, die euch beim Lernen helfen k\u00f6nnen. Viel Spa\u00df beim St\u00f6bern!<\/p>\n\n\n\n<p><a rel=\"noreferrer noopener\" aria-label=\" (\u00f6ffnet in neuem Tab)\" href=\"https:\/\/www.ganztag-hannover.de\/\" target=\"_blank\">https:\/\/www.ganztag-hannover.de\/<\/a><\/p>\n\n\n\n<p><a rel=\"noreferrer noopener\" aria-label=\" (\u00f6ffnet in neuem Tab)\" href=\"https:\/\/antolin.westermann.de\/\" target=\"_blank\">https:\/\/antolin.westermann.de\/<\/a><\/p>\n\n\n\n<p><a rel=\"noreferrer noopener\" aria-label=\" (\u00f6ffnet in neuem Tab)\" href=\"https:\/\/www.schlaukopf.de\/\" target=\"_blank\">https:\/\/www.schlaukopf.de\/<\/a><\/p>\n\n\n\n<p><a rel=\"noreferrer noopener\" aria-label=\" (\u00f6ffnet in neuem Tab)\" href=\"https:\/\/www.planet-schule.de\/sf\/spezial\/grundschule\/index.php\" target=\"_blank\">https:\/\/www.planet-schule.de\/sf\/spezial\/grundschule\/index.php<\/a><\/p>\n\n\n\n<p><a rel=\"noreferrer noopener\" aria-label=\" (\u00f6ffnet in neuem Tab)\" href=\"https:\/\/mauswiesel.bildung.hessen.de\/\" target=\"_blank\">https:\/\/mauswiesel.bildung.hessen.de\/<\/a><\/p>\n\n\n\n<p><a rel=\"noreferrer noopener\" aria-label=\" (\u00f6ffnet in neuem Tab)\" href=\"https:\/\/www.rechenraetsel.de\/schule\/\" target=\"_blank\">https:\/\/www.rechenraetsel.de\/schule\/<\/a><\/p>\n\n\n\n<p><a rel=\"noreferrer noopener\" aria-label=\" (\u00f6ffnet in neuem Tab)\" href=\"https:\/\/www.zdf.de\/wissen\/schulersatzprogramm-100.html\" target=\"_blank\">https:\/\/www.zdf.de\/wissen\/schulersatzprogramm-100.html<\/a><\/p>\n\n\n\n<p><a rel=\"noreferrer noopener\" aria-label=\" (\u00f6ffnet in neuem Tab)\" href=\"https:\/\/www.br.de\/kinder\/schule-daheim-lernen-online-102.html\" target=\"_blank\">https:\/\/www.br.de\/kinder\/schule-daheim-lernen-online-102.html<\/a><\/p>\n\n\n\n<p><a rel=\"noreferrer noopener\" aria-label=\" (\u00f6ffnet in neuem Tab)\" href=\"https:\/\/www.youtube.com\/user\/eswareinmalkanal\/playlists\" target=\"_blank\">https:\/\/www.youtube.com\/user\/eswareinmalkanal\/playlists<\/a><\/p>\n\n\n\n<p><\/p>\n\n\n\n<p><a rel=\"noreferrer noopener\" aria-label=\" (\u00f6ffnet in neuem Tab)\" href=\"https:\/\/wordpress.nibis.de\/gs-e\/files\/2020\/03\/Lernen_im_Netz_Kopiervorlagen.pdf\" target=\"_blank\">https:\/\/wordpress.nibis.de\/gs-e\/files\/2020\/03\/Lernen_im_Netz_Kopiervorlagen.pdf<\/a><\/p>\n\n\n\n<p><a href=\"https:\/\/www.uni-koblenz-landau.de\/de\/koblenz\/fb1\/gpko\/fup\/FLinK\/Experimente2go\">https:\/\/www.uni-koblenz-landau.de\/de\/koblenz\/fb1\/gpko\/fup\/FLinK\/Experimente2go<\/a><\/p>\n","protected":false},"excerpt":{"rendered":"<p>Liebe Sch\u00fclerinnen und Sch\u00fcler der Grundschule Entenfang, hier findet ihr einige Internetseiten, die euch beim Lernen helfen k\u00f6nnen. Viel Spa\u00df beim St\u00f6bern! https:\/\/www.ganztag-hannover.de\/ https:\/\/antolin.westermann.de\/ https:\/\/www.schlaukopf.de\/ https:\/\/www.planet-schule.de\/sf\/spezial\/grundschule\/index.php https:\/\/mauswiesel.bildung.hessen.de\/ https:\/\/www.rechenraetsel.de\/schule\/ https:\/\/www.zdf.de\/wissen\/schulersatzprogramm-100.html https:\/\/www.br.de\/kinder\/schule-daheim-lernen-online-102.html https:\/\/www.youtube.com\/user\/eswareinmalkanal\/playlists https:\/\/wordpress.nibis.de\/gs-e\/files\/2020\/03\/Lernen_im_Netz_Kopiervorlagen.pdf https:\/\/www.uni-koblenz-landau.de\/de\/koblenz\/fb1\/gpko\/fup\/FLinK\/Experimente2go<\/p>\n","protected":false},"author":9192743,"featured_media":0,"parent":0,"menu_order":0,"comment_status":"closed","ping_status":"closed","template":"","meta":{"footnotes":""},"class_list":["post-681","page","type-page","status-publish","hentry"],"_links":{"self":[{"href":"https:\/\/wordpress.nibis.de\/gs-e\/wp-json\/wp\/v2\/pages\/681","targetHints":{"allow":["GET"]}}],"collection":[{"href":"https:\/\/wordpress.nibis.de\/gs-e\/wp-json\/wp\/v2\/pages"}],"about":[{"href":"https:\/\/wordpress.nibis.de\/gs-e\/wp-json\/wp\/v2\/types\/page"}],"author":[{"embeddable":true,"href":"https:\/\/wordpress.nibis.de\/gs-e\/wp-json\/wp\/v2\/users\/9192743"}],"replies":[{"embeddable":true,"href":"https:\/\/wordpress.nibis.de\/gs-e\/wp-json\/wp\/v2\/comments?post=681"}],"version-history":[{"count":9,"href":"https:\/\/wordpress.nibis.de\/gs-e\/wp-json\/wp\/v2\/pages\/681\/revisions"}],"predecessor-version":[{"id":1222,"href":"https:\/\/wordpress.nibis.de\/gs-e\/wp-json\/wp\/v2\/pages\/681\/revisions\/1222"}],"wp:attachment":[{"href":"https:\/\/wordpress.nibis.de\/gs-e\/wp-json\/wp\/v2\/media?parent=681"}],"curies":[{"name":"wp","href":"https:\/\/api.w.org\/{rel}","templated":true}]}}