{"id":431,"date":"2024-08-05T00:15:40","date_gmt":"2024-08-04T22:15:40","guid":{"rendered":"https:\/\/wordpress.nibis.de\/gs-gadenstedt-adenstedt\/?page_id=431"},"modified":"2024-08-05T01:09:58","modified_gmt":"2024-08-04T23:09:58","slug":"termine","status":"publish","type":"page","link":"https:\/\/wordpress.nibis.de\/gs-gadenstedt-adenstedt\/termine\/","title":{"rendered":"Termine"},"content":{"rendered":"\n<figure class=\"wp-block-image size-large\"><img loading=\"lazy\" decoding=\"async\" width=\"1200\" height=\"675\" src=\"https:\/\/wordpress.nibis.de\/gs-gadenstedt-adenstedt\/files\/2024\/08\/Einschulung-1-1200x675.jpg\" alt=\"\" class=\"wp-image-360\" srcset=\"https:\/\/wordpress.nibis.de\/gs-gadenstedt-adenstedt\/files\/2024\/08\/Einschulung-1-1200x675.jpg 1200w, https:\/\/wordpress.nibis.de\/gs-gadenstedt-adenstedt\/files\/2024\/08\/Einschulung-1-850x478.jpg 850w, https:\/\/wordpress.nibis.de\/gs-gadenstedt-adenstedt\/files\/2024\/08\/Einschulung-1-250x141.jpg 250w, https:\/\/wordpress.nibis.de\/gs-gadenstedt-adenstedt\/files\/2024\/08\/Einschulung-1-768x432.jpg 768w, https:\/\/wordpress.nibis.de\/gs-gadenstedt-adenstedt\/files\/2024\/08\/Einschulung-1-1536x864.jpg 1536w, https:\/\/wordpress.nibis.de\/gs-gadenstedt-adenstedt\/files\/2024\/08\/Einschulung-1-2048x1151.jpg 2048w\" sizes=\"auto, (max-width: 1200px) 100vw, 1200px\" \/><\/figure>\n\n\n\n<h2 class=\"wp-block-heading\">Hallo liebe Kinder und Eltern!<\/h2>\n\n\n\n<h2 class=\"wp-block-heading\">Wir sind schon ganz aufgerecht und freuen uns riesig auf alle Erstkl\u00e4ssler und Schukis! In der Galerie k\u00f6nnt ihr euch ein paar sch\u00f6ne Erinnerungsbilder aus dem letzten Jahr anschauen. Vielleicht erkennt ihr sogar den ein oder anderen neuen Freund oder eine neue Freundin, die dabei mit euch zur Schule kommt!<\/h2>\n\n\n\n<h2 class=\"wp-block-heading\">Wir k\u00f6nnen es kaum erwarten, euch alle kennenzulernen!<\/h2>\n\n\n\n<figure class=\"wp-block-image size-large\"><img loading=\"lazy\" decoding=\"async\" width=\"1200\" height=\"675\" src=\"https:\/\/wordpress.nibis.de\/gs-gadenstedt-adenstedt\/files\/2024\/08\/IMG-20240802-WA0014-1-1200x675.jpg\" alt=\"\" class=\"wp-image-385\" srcset=\"https:\/\/wordpress.nibis.de\/gs-gadenstedt-adenstedt\/files\/2024\/08\/IMG-20240802-WA0014-1-1200x675.jpg 1200w, https:\/\/wordpress.nibis.de\/gs-gadenstedt-adenstedt\/files\/2024\/08\/IMG-20240802-WA0014-1-850x478.jpg 850w, https:\/\/wordpress.nibis.de\/gs-gadenstedt-adenstedt\/files\/2024\/08\/IMG-20240802-WA0014-1-250x141.jpg 250w\" sizes=\"auto, (max-width: 1200px) 100vw, 1200px\" \/><\/figure>\n\n\n\n<div class=\"wp-block-group\"><div class=\"wp-block-group__inner-container is-layout-flow wp-block-group-is-layout-flow\">\n<figure class=\"wp-block-image size-large\"><img loading=\"lazy\" decoding=\"async\" width=\"1200\" height=\"675\" src=\"https:\/\/wordpress.nibis.de\/gs-gadenstedt-adenstedt\/files\/2024\/08\/IMG-20240802-WA0017-1200x675.jpg\" alt=\"\" class=\"wp-image-384\" srcset=\"https:\/\/wordpress.nibis.de\/gs-gadenstedt-adenstedt\/files\/2024\/08\/IMG-20240802-WA0017-1200x675.jpg 1200w, https:\/\/wordpress.nibis.de\/gs-gadenstedt-adenstedt\/files\/2024\/08\/IMG-20240802-WA0017-850x478.jpg 850w, https:\/\/wordpress.nibis.de\/gs-gadenstedt-adenstedt\/files\/2024\/08\/IMG-20240802-WA0017-250x141.jpg 250w\" sizes=\"auto, (max-width: 1200px) 100vw, 1200px\" \/><\/figure>\n<\/div><\/div>\n","protected":false},"excerpt":{"rendered":"<p>Hallo liebe Kinder und Eltern! Wir sind schon ganz aufgerecht und freuen uns riesig auf alle Erstkl\u00e4ssler und Schukis! In der Galerie k\u00f6nnt ihr euch &hellip; <\/p>\n","protected":false},"author":9194389,"featured_media":0,"parent":0,"menu_order":0,"comment_status":"closed","ping_status":"closed","template":"","meta":{"footnotes":""},"class_list":["post-431","page","type-page","status-publish","hentry"],"_links":{"self":[{"href":"https:\/\/wordpress.nibis.de\/gs-gadenstedt-adenstedt\/wp-json\/wp\/v2\/pages\/431","targetHints":{"allow":["GET"]}}],"collection":[{"href":"https:\/\/wordpress.nibis.de\/gs-gadenstedt-adenstedt\/wp-json\/wp\/v2\/pages"}],"about":[{"href":"https:\/\/wordpress.nibis.de\/gs-gadenstedt-adenstedt\/wp-json\/wp\/v2\/types\/page"}],"author":[{"embeddable":true,"href":"https:\/\/wordpress.nibis.de\/gs-gadenstedt-adenstedt\/wp-json\/wp\/v2\/users\/9194389"}],"replies":[{"embeddable":true,"href":"https:\/\/wordpress.nibis.de\/gs-gadenstedt-adenstedt\/wp-json\/wp\/v2\/comments?post=431"}],"version-history":[{"count":4,"href":"https:\/\/wordpress.nibis.de\/gs-gadenstedt-adenstedt\/wp-json\/wp\/v2\/pages\/431\/revisions"}],"predecessor-version":[{"id":515,"href":"https:\/\/wordpress.nibis.de\/gs-gadenstedt-adenstedt\/wp-json\/wp\/v2\/pages\/431\/revisions\/515"}],"wp:attachment":[{"href":"https:\/\/wordpress.nibis.de\/gs-gadenstedt-adenstedt\/wp-json\/wp\/v2\/media?parent=431"}],"curies":[{"name":"wp","href":"https:\/\/api.w.org\/{rel}","templated":true}]}}