{"id":455,"date":"2024-08-05T00:38:37","date_gmt":"2024-08-04T22:38:37","guid":{"rendered":"https:\/\/wordpress.nibis.de\/gs-gadenstedt-adenstedt\/?page_id=455"},"modified":"2024-09-18T20:55:59","modified_gmt":"2024-09-18T18:55:59","slug":"foerderverein-gadenstedt","status":"publish","type":"page","link":"https:\/\/wordpress.nibis.de\/gs-gadenstedt-adenstedt\/foerderverein-gadenstedt\/","title":{"rendered":"F\u00f6rderverein Gadenstedt"},"content":{"rendered":"\n<p><\/p>\n\n\n\n\t\t<!-- MasterSlider -->\n\t\t<div id=\"P_MS69debdbc00b60\" class=\"master-slider-parent msl ms-parent-id-4\" style=\"max-width:1000px;\">\n\n\t\t\t\n\t\t\t<!-- MasterSlider Main -->\n\t\t\t<div id=\"MS69debdbc00b60\" class=\"master-slider ms-skin-default\" >\n\t\t\t\t \t\t\t\t \n\t\t\t\t<div  class=\"ms-slide\" data-delay=\"3\" data-fill-mode=\"fill\"  >\n\t\t\t\t\t<img decoding=\"async\" src=\"https:\/\/wordpress.nibis.de\/gs-gadenstedt-adenstedt\/wp-content\/plugins\/master-slider\/public\/assets\/css\/blank.gif\" alt=\"\" title=\"\" data-src=\"https:\/\/wordpress.nibis.de\/gs-gadenstedt-adenstedt\/files\/2024\/08\/Eiswagen_Gadenstedt-scaled-1000x500.jpg\" \/>\n\n\n\t<div class=\"ms-thumb\" ><div class=\"ms-tab-context\"><div class=\"&quot;ms-tab-context&quot;\"><\/div><\/div>\n<\/div>\n\t\t\t\t<\/div>\n\t\t\t\t<div  class=\"ms-slide\" data-delay=\"3\" data-fill-mode=\"fill\"  >\n\t\t\t\t\t<img decoding=\"async\" src=\"https:\/\/wordpress.nibis.de\/gs-gadenstedt-adenstedt\/wp-content\/plugins\/master-slider\/public\/assets\/css\/blank.gif\" alt=\"\" title=\"\" data-src=\"https:\/\/wordpress.nibis.de\/gs-gadenstedt-adenstedt\/files\/2024\/08\/20240620_1008091-scaled-1000x500.jpg\" \/>\n\n\n\t<div class=\"ms-thumb\" ><div class=\"ms-tab-context\"><div class=\"&quot;ms-tab-context&quot;\"><\/div><\/div>\n<\/div>\n\t\t\t\t<\/div>\n\t\t\t\t<div  class=\"ms-slide\" data-delay=\"3\" data-fill-mode=\"fill\"  >\n\t\t\t\t\t<img decoding=\"async\" src=\"https:\/\/wordpress.nibis.de\/gs-gadenstedt-adenstedt\/wp-content\/plugins\/master-slider\/public\/assets\/css\/blank.gif\" alt=\"\" title=\"\" data-src=\"https:\/\/wordpress.nibis.de\/gs-gadenstedt-adenstedt\/files\/2024\/08\/24-08-05-Scheckuebergabe-FV-GS-Gadenstedt.JPG-3-1000x500.jpg\" \/>\n\n\n\t<div class=\"ms-thumb\" ><div class=\"ms-tab-context\"><div class=\"&quot;ms-tab-context&quot;\"><\/div><\/div>\n<\/div>\n\t\t\t\t<\/div>\n\t\t\t\t<div  class=\"ms-slide\" data-delay=\"3\" data-fill-mode=\"fill\"  >\n\t\t\t\t\t<img decoding=\"async\" src=\"https:\/\/wordpress.nibis.de\/gs-gadenstedt-adenstedt\/wp-content\/plugins\/master-slider\/public\/assets\/css\/blank.gif\" alt=\"\" title=\"\" data-src=\"https:\/\/wordpress.nibis.de\/gs-gadenstedt-adenstedt\/files\/2024\/08\/Abschiedpraesente_4.Klasse-1000x500.jpg\" \/>\n\n\n\t<div class=\"ms-thumb\" ><div class=\"ms-tab-context\"><div class=\"&quot;ms-tab-context&quot;\"><\/div><\/div>\n<\/div>\n\t\t\t\t<\/div>\n\n\t\t\t<\/div>\n\t\t\t<!-- END MasterSlider Main -->\n\n\t\t\t \n\t\t<\/div>\n\t\t<!-- END MasterSlider -->\n\n\t\t<script>\n\t\t(function ( $ ) {\n\t\t\t\"use strict\";\n\n\t\t\t$(function () {\n\t\t\t\tvar masterslider_0b60 = new MasterSlider();\n\n\t\t\t\t\/\/ slider controls\n\n\t\t\t\t\/\/ slider setup\n\t\t\t\tmasterslider_0b60.setup(\"MS69debdbc00b60\", {\n\t\t\t\t\t\twidth           : 1000,\n\t\t\t\t\t\theight          : 500,\n\t\t\t\t\t\tminHeight       : 0,\n\t\t\t\t\t\tspace           : 0,\n\t\t\t\t\t\tstart           : 1,\n\t\t\t\t\t\tgrabCursor      : true,\n\t\t\t\t\t\tswipe           : true,\n\t\t\t\t\t\tmouse           : true,\n\t\t\t\t\t\tlayout          : \"boxed\",\n\t\t\t\t\t\twheel           : false,\n\t\t\t\t\t\tautoplay        : true,\n\t\t\t\t\t\tinstantStartLayers:false,\n\t\t\t\t\t\tloop            : false,\n\t\t\t\t\t\tshuffle         : false,\n\t\t\t\t\t\tpreload         : 0,\n\t\t\t\t\t\theightLimit     : true,\n\t\t\t\t\t\tautoHeight      : true,\n\t\t\t\t\t\tsmoothHeight    : true,\n\t\t\t\t\t\tendPause        : false,\n\t\t\t\t\t\toverPause       : true,\n\t\t\t\t\t\tfillMode        : \"fill\",\n\t\t\t\t\t\tcenterControls  : true,\n\t\t\t\t\t\tstartOnAppear   : false,\n\t\t\t\t\t\tlayersMode      : \"center\",\n\t\t\t\t\t\thideLayers      : false,\n\t\t\t\t\t\tfullscreenMargin: 0,\n\t\t\t\t\t\tspeed           : 20,\n\t\t\t\t\t\tdir             : \"h\",\n\t\t\t\t\t\tparallaxMode    : 'swipe',\n\t\t\t\t\t\tview            : \"basic\"\n\t\t\t\t});\n\n\t\t\t\t\n\t\t\t\twindow.masterslider_instances = window.masterslider_instances || [];\n\t\t\t\twindow.masterslider_instances.push( masterslider_0b60 );\n\t\t\t });\n\n\t\t})(jQuery);\n\t\t<\/script>\n\n\n\n\n\n<p><strong>Pressemitteilung F\u00f6rderverein Verl\u00e4ssliche Grundschule Gadenstedt e.V<\/strong><\/p>\n\n\n\n<p><strong>Aktivi\u00e4ten des F\u00f6rdervereins: Eiswagen, Abschiedspr\u00e4sente und Spende der Burg-Apotheke f\u00fcr die Grundschule Gadenstedt<\/strong><\/p>\n\n\n\n<p><strong>Ilsede, 08.08.2024<\/strong><\/p>\n\n\n\n<p>F\u00f6rderverein sponsert den Eiswagen f\u00fcr die Kinder der Grundschule Gadenstedt: Vor Beginn der Sommerferien hat der F\u00f6rderverein der Verl\u00e4sslichen Grundschule Gadenstedt die Sch\u00fcler*innen mit einem Eiswagen \u00fcberrascht. Die \u00dcberraschung war gelungen, die Freude riesig bei den Kindern, so durfte sich jedes Kind eine Kugel aussuchen. Auch an der sehr emotionalen Abschiedsfeier der vierten Klasse hat der F\u00f6rderverein teilgenommen und kleine Pr\u00e4sente f\u00fcr die 15 Kinder \u00fcbergeben. Somit konnten die Ferien kommen.<\/p>\n\n\n\n<!--more-->\n\n\n\n<p>Der Apotheker mit Herz f\u00fcrs Dorf: Zu Beginn des neuen Schuljahres hat der F\u00f6rderverein eine Spende von Christian Burgdorf von der Burg-Apotheke aus Gadenstedt in H\u00f6he von 250 Euro entgegennehmen d\u00fcrfen. Herr Burgdorf und sein Team stehen mit Rat und Tat f\u00fcr ihre Kunden aus dem Dorf und Umgebung zur Seite und haben immer ein offenes Ohr.<br>\u201eF\u00fcr die Entwicklung und das Aufwachsen unserer kleinen und gro\u00dfen Kinder ist eine f\u00f6rdernde, anregende und liebevolle Umgebung sehr wichtig. Dabei m\u00f6chten wir die Ehrenamtlichen gern unterst\u00fctzen, weil auch uns unsere junge Generation sehr am Herzen liegt\u201c, so Christian Burgdorf. Wir freuen uns \u00fcber die Spende und sagen von Herzen \u201eDanke&#8220;.<\/p>\n\n\n\n<p><\/p>\n\n\n\n<p>Fotos: Copyright F\u00f6rderverein Grundschule Gadenstedt<\/p>\n\n\n\n<p>Text: Gonhild Kunst, Zweite Vorsitzende F\u00f6rderverein Grundschule Gadenstedt<\/p>\n","protected":false},"excerpt":{"rendered":"<p>Pressemitteilung F\u00f6rderverein Verl\u00e4ssliche Grundschule Gadenstedt e.V Aktivi\u00e4ten des F\u00f6rdervereins: Eiswagen, Abschiedspr\u00e4sente und Spende der Burg-Apotheke f\u00fcr die Grundschule Gadenstedt Ilsede, 08.08.2024 F\u00f6rderverein sponsert den Eiswagen &hellip; <\/p>\n","protected":false},"author":9194389,"featured_media":0,"parent":0,"menu_order":0,"comment_status":"closed","ping_status":"closed","template":"","meta":{"footnotes":""},"class_list":["post-455","page","type-page","status-publish","hentry"],"_links":{"self":[{"href":"https:\/\/wordpress.nibis.de\/gs-gadenstedt-adenstedt\/wp-json\/wp\/v2\/pages\/455","targetHints":{"allow":["GET"]}}],"collection":[{"href":"https:\/\/wordpress.nibis.de\/gs-gadenstedt-adenstedt\/wp-json\/wp\/v2\/pages"}],"about":[{"href":"https:\/\/wordpress.nibis.de\/gs-gadenstedt-adenstedt\/wp-json\/wp\/v2\/types\/page"}],"author":[{"embeddable":true,"href":"https:\/\/wordpress.nibis.de\/gs-gadenstedt-adenstedt\/wp-json\/wp\/v2\/users\/9194389"}],"replies":[{"embeddable":true,"href":"https:\/\/wordpress.nibis.de\/gs-gadenstedt-adenstedt\/wp-json\/wp\/v2\/comments?post=455"}],"version-history":[{"count":11,"href":"https:\/\/wordpress.nibis.de\/gs-gadenstedt-adenstedt\/wp-json\/wp\/v2\/pages\/455\/revisions"}],"predecessor-version":[{"id":608,"href":"https:\/\/wordpress.nibis.de\/gs-gadenstedt-adenstedt\/wp-json\/wp\/v2\/pages\/455\/revisions\/608"}],"wp:attachment":[{"href":"https:\/\/wordpress.nibis.de\/gs-gadenstedt-adenstedt\/wp-json\/wp\/v2\/media?parent=455"}],"curies":[{"name":"wp","href":"https:\/\/api.w.org\/{rel}","templated":true}]}}