{"id":108,"date":"2024-08-15T21:12:04","date_gmt":"2024-08-15T19:12:04","guid":{"rendered":"https:\/\/wordpress.nibis.de\/gs-hoheneggelsen\/?page_id=108"},"modified":"2025-10-01T12:45:55","modified_gmt":"2025-10-01T10:45:55","slug":"leitbild","status":"publish","type":"page","link":"https:\/\/wordpress.nibis.de\/gs-hoheneggelsen\/leitbild\/","title":{"rendered":"Leitbild"},"content":{"rendered":"\n<h3 class=\"has-text-align-center wp-block-heading\">Grunds\u00e4tze unseres p\u00e4dagogischen Bildungsauftrages<\/h3>\n\n\n\n<p class=\"has-text-align-center\">Unsere Schule ist ein Ort zum gemeinsamen Lernen, Leben und Wohlf\u00fchlen.<\/p>\n\n\n\n<p class=\"has-text-align-center\">Wir wollen, dass alle gerne zur Schule kommen.<br>Wir wollen besondere Interessen f\u00f6rdern.<br>Wir wollen zu Kreativit\u00e4t ermuntern.<br>Wir wollen individuell f\u00f6rdern und fordern.<br>Wir wollen Freude am Erfolg vermitteln.<br>Wir wollen Leistungsbereitschaft wecken und erhalten.<br>Wir wollen Wissen und Kompetenzen vermitteln.<br>Wir wollen zu einer toleranten und verantwortungsbewussten Pers\u00f6nlichkeit und zu gegenseitiger Wertsch\u00e4tzung erziehen.<\/p>\n\n\n\n<p>Die Schulordnung finden Sie im<a href=\"https:\/\/wordpress.nibis.de\/gs-hoheneggelsen\/konzepte\/\" data-type=\"URL\" data-id=\"https:\/\/wordpress.nibis.de\/gs-hoheneggelsen\/konzepte\/\"> Downloadbereich<\/a>.<\/p>\n","protected":false},"excerpt":{"rendered":"<p>Grunds\u00e4tze unseres p\u00e4dagogischen Bildungsauftrages Unsere Schule ist ein Ort zum gemeinsamen Lernen, Leben und Wohlf\u00fchlen. Wir wollen, dass &hellip; <\/p>\n","protected":false},"author":9194419,"featured_media":0,"parent":0,"menu_order":0,"comment_status":"closed","ping_status":"closed","template":"","meta":{"footnotes":""},"class_list":["post-108","page","type-page","status-publish","hentry"],"_links":{"self":[{"href":"https:\/\/wordpress.nibis.de\/gs-hoheneggelsen\/wp-json\/wp\/v2\/pages\/108","targetHints":{"allow":["GET"]}}],"collection":[{"href":"https:\/\/wordpress.nibis.de\/gs-hoheneggelsen\/wp-json\/wp\/v2\/pages"}],"about":[{"href":"https:\/\/wordpress.nibis.de\/gs-hoheneggelsen\/wp-json\/wp\/v2\/types\/page"}],"author":[{"embeddable":true,"href":"https:\/\/wordpress.nibis.de\/gs-hoheneggelsen\/wp-json\/wp\/v2\/users\/9194419"}],"replies":[{"embeddable":true,"href":"https:\/\/wordpress.nibis.de\/gs-hoheneggelsen\/wp-json\/wp\/v2\/comments?post=108"}],"version-history":[{"count":9,"href":"https:\/\/wordpress.nibis.de\/gs-hoheneggelsen\/wp-json\/wp\/v2\/pages\/108\/revisions"}],"predecessor-version":[{"id":728,"href":"https:\/\/wordpress.nibis.de\/gs-hoheneggelsen\/wp-json\/wp\/v2\/pages\/108\/revisions\/728"}],"wp:attachment":[{"href":"https:\/\/wordpress.nibis.de\/gs-hoheneggelsen\/wp-json\/wp\/v2\/media?parent=108"}],"curies":[{"name":"wp","href":"https:\/\/api.w.org\/{rel}","templated":true}]}}