{"id":151,"date":"2024-08-22T11:27:38","date_gmt":"2024-08-22T09:27:38","guid":{"rendered":"https:\/\/wordpress.nibis.de\/gs-hoheneggelsen\/?page_id=151"},"modified":"2025-06-23T15:01:28","modified_gmt":"2025-06-23T13:01:28","slug":"iserv","status":"publish","type":"page","link":"https:\/\/wordpress.nibis.de\/gs-hoheneggelsen\/iserv\/","title":{"rendered":"IServ"},"content":{"rendered":"\n<p>Liebe Eltern,<\/p>\n\n\n\n<p>unsere Schule nutzt die digitale Schulplattform IServ, um den schulischen Alltag f\u00fcr alle Beteiligten \u2013 Sch\u00fclerinnen und Sch\u00fcler, Lehrkr\u00e4fte und Eltern \u2013 zu erleichtern und zu verbessern. Hier m\u00f6chten wir Ihnen einen \u00dcberblick \u00fcber die Funktionen und Vorteile von IServ geben.<\/p>\n\n\n\n<p><strong>Was ist IServ?<\/strong> <\/p>\n\n\n\n<p>IServ ist eine internetbasierte Plattform, die den Schulalltag digital unterst\u00fctzt. Sie erm\u00f6glicht es, Informationen schnell und einfach zu kommunizieren, Informationen bereitzustellen und die Organisation des Schulbetriebs effizient zu gestalten. \u00dcber IServ k\u00f6nnen Lehrkr\u00e4fte, Sch\u00fclerinnen und Sch\u00fcler sowie Eltern miteinander in Kontakt treten und wichtige schulische Prozesse online abwickeln.<\/p>\n\n\n\n<p><strong>Wie bekomme ich IServ?<\/strong><\/p>\n\n\n\n<p>In der Regel erhalten Sie den Zugang am ersten Elternabend der Klasse 1.<\/p>\n\n\n\n<p><strong>Wo finde ich weitere Informationen? <\/strong><\/p>\n\n\n\n<p>Weitere Informationen erhalten Sie auf der Homepage <a href=\"http:\/\/www.iserv.de\" data-type=\"URL\" data-id=\"www.iserv.de\">www.iserv.de<\/a>.<br>Des Weiteren k\u00f6nnen Sie hier einen Informationsflyer f\u00fcr Eltern herunterladen:<\/p>\n\n\n\n<div class=\"wp-block-file\"><a id=\"wp-block-file--media-6d1c0696-19ec-40cf-a295-bd46877dd267\" href=\"https:\/\/wordpress.nibis.de\/gs-hoheneggelsen\/files\/2024\/08\/IServ_Schulplattform-Schnelleinstieg-Eltern-1.pdf\">IServ &#8211; Schnelleinstieg f\u00fcr Eltern<\/a><a href=\"https:\/\/wordpress.nibis.de\/gs-hoheneggelsen\/files\/2024\/08\/IServ_Schulplattform-Schnelleinstieg-Eltern-1.pdf\" class=\"wp-block-file__button\" download aria-describedby=\"wp-block-file--media-6d1c0696-19ec-40cf-a295-bd46877dd267\">DOWNLOAD<\/a><\/div>\n","protected":false},"excerpt":{"rendered":"<p>Liebe Eltern, unsere Schule nutzt die digitale Schulplattform IServ, um den schulischen Alltag f\u00fcr alle Beteiligten \u2013 Sch\u00fclerinnen &hellip; <\/p>\n","protected":false},"author":9194419,"featured_media":0,"parent":0,"menu_order":0,"comment_status":"closed","ping_status":"closed","template":"","meta":{"footnotes":""},"class_list":["post-151","page","type-page","status-publish","hentry"],"_links":{"self":[{"href":"https:\/\/wordpress.nibis.de\/gs-hoheneggelsen\/wp-json\/wp\/v2\/pages\/151","targetHints":{"allow":["GET"]}}],"collection":[{"href":"https:\/\/wordpress.nibis.de\/gs-hoheneggelsen\/wp-json\/wp\/v2\/pages"}],"about":[{"href":"https:\/\/wordpress.nibis.de\/gs-hoheneggelsen\/wp-json\/wp\/v2\/types\/page"}],"author":[{"embeddable":true,"href":"https:\/\/wordpress.nibis.de\/gs-hoheneggelsen\/wp-json\/wp\/v2\/users\/9194419"}],"replies":[{"embeddable":true,"href":"https:\/\/wordpress.nibis.de\/gs-hoheneggelsen\/wp-json\/wp\/v2\/comments?post=151"}],"version-history":[{"count":6,"href":"https:\/\/wordpress.nibis.de\/gs-hoheneggelsen\/wp-json\/wp\/v2\/pages\/151\/revisions"}],"predecessor-version":[{"id":694,"href":"https:\/\/wordpress.nibis.de\/gs-hoheneggelsen\/wp-json\/wp\/v2\/pages\/151\/revisions\/694"}],"wp:attachment":[{"href":"https:\/\/wordpress.nibis.de\/gs-hoheneggelsen\/wp-json\/wp\/v2\/media?parent=151"}],"curies":[{"name":"wp","href":"https:\/\/api.w.org\/{rel}","templated":true}]}}