{"id":180,"date":"2024-08-23T12:58:43","date_gmt":"2024-08-23T10:58:43","guid":{"rendered":"https:\/\/wordpress.nibis.de\/gs-hoheneggelsen\/?page_id=180"},"modified":"2024-08-30T11:13:35","modified_gmt":"2024-08-30T09:13:35","slug":"elternschaft","status":"publish","type":"page","link":"https:\/\/wordpress.nibis.de\/gs-hoheneggelsen\/elternschaft\/","title":{"rendered":"Elternschaft"},"content":{"rendered":"\n<div class=\"wp-block-group\"><div class=\"wp-block-group__inner-container is-layout-flow wp-block-group-is-layout-flow\">\n<h3 class=\"wp-block-heading\"><strong>Wir brauchen Sie!<\/strong><\/h3>\n\n\n\n<p>Liebe Eltern,<\/p>\n\n\n\n<p>unsere Schule ist mehr als nur ein Ort des Lernens \u2013 sie ist eine lebendige Gemeinschaft, in der Sch\u00fclerinnen und Sch\u00fcler, Lehrkr\u00e4fte und Eltern zusammenwirken, um das Beste f\u00fcr unsere Kinder zu erreichen. Doch um dies zu verwirklichen, sind wir auf Ihre Unterst\u00fctzung angewiesen.<\/p>\n\n\n\n<p>Ihre Mithilfe ist von unsch\u00e4tzbarem Wert. Sie kennen Ihre Kinder wie kein anderer und k\u00f6nnen uns helfen, ihre individuellen Bed\u00fcrfnisse und Talente noch besser zu f\u00f6rdern. Gemeinsam k\u00f6nnen wir eine starke Partnerschaft bilden, die die Entwicklung und den Erfolg unserer Sch\u00fcler unterst\u00fctzt.<\/p>\n\n\n\n<p>Ob bei der Organisation von Schulfesten, der Unterst\u00fctzung in schulischen Angelegenheiten, der Teilnahme an Elternabenden oder in der Elternvertretung \u2013 Ihre Ideen, Ihr Engagement und Ihre Zeit machen den Unterschied. Mit Ihrer Mitarbeit schaffen wir eine Schulumgebung, in der sich Ihre Kinder wohlf\u00fchlen, gef\u00f6rdert und wertgesch\u00e4tzt werden.<\/p>\n\n\n\n<p>Lassen Sie uns gemeinsam daran arbeiten, unsere Schule zu einem Ort zu machen, an dem Bildung und Gemeinschaft Hand in Hand gehen. Wir freuen uns auf Ihre Unterst\u00fctzung, denn nur gemeinsam k\u00f6nnen wir das Beste f\u00fcr unsere Kinder erreichen.<\/p>\n<\/div><\/div>\n\n\n\n<h3 class=\"wp-block-heading\"><strong>Wie k\u00f6nnen Eltern in der Schule mitwirken?<\/strong><\/h3>\n\n\n\n<p><strong>Die Erziehungsberechtigten wirken in der Schule mit in Klassenelternschaften, dem Schulelternrat, im Schulvorstand sowie in Konferenzen und Aussch\u00fcssen.<\/strong><\/p>\n\n\n\n<p>Die Mitwirkungsrechte der Erziehungsberechtigten werden auf Klassenebene durch die Klassenelternschaft (\u00a7 89 NSchG) und auf Schulebene durch den Schulelternrat (\u00a7 90 NSchG) wahrgenommen.<\/p>\n\n\n\n<p>Von den Elternvertretungen k\u00f6nnen alle schulischen Fragen er\u00f6rtert werden. Sie sind zudem von der Schulleitung, dem Schulvorstand oder der zust\u00e4ndigen Konferenz vor grunds\u00e4tzlichen Entscheidungen, vor allem \u00fcber die Organisation der Schule und die Leistungsbewertung, zu h\u00f6ren. Schulleitungen und Lehrkr\u00e4fte haben den&nbsp;Elternvertretungen die f\u00fcr die Wahrnehmung ihrer Aufgaben erforderlichen Ausk\u00fcnfte zu erteilen (\u00a7 96 NSchG).<\/p>\n\n\n\n<p>Die Mitwirkung der Elternvertretungen begr\u00fcndet allerdings kein Recht auf Mitbestimmung, sondern beschr\u00e4nkt sich auf die Wahrnehmung von Er\u00f6rterungs-, Anh\u00f6rungs- und Informationsrechten. In die Entscheidungsprozesse der Schule sind die&nbsp;die Erziehungs\u00adberechtigten durch ihre f\u00fcr den Schul\u00advorstand und die Konferenzen gew\u00e4hlten Vertreterinnen und Vertreter eingebunden.<\/p>\n\n\n\n<p>Die Elternvertretungen sind in ihrer Arbeit unabh\u00e4ngig. Schulleitungen und Schulbeh\u00f6rden haben die Elternvertretungen bei der Wahrnehmung ihrer gesetzlichen Aufgaben zu unterst\u00fctzen. Sie haben jedoch keine Aufsichtsbefugnisse und kein Weisungsrecht. Eingriffe in die Arbeit der Elternvertretungen sind daher unzul\u00e4ssig. Insbesondere sind Schulleitungen nicht berechtigt, offenkundig an den Schulelternrat gerichtete Briefe zu \u00f6ffnen, Post nicht rechtzeitig auszuh\u00e4ndigen oder herausgehende Schreiben zu kontrollieren.<\/p>\n","protected":false},"excerpt":{"rendered":"<p>Wir brauchen Sie! Liebe Eltern, unsere Schule ist mehr als nur ein Ort des Lernens \u2013 sie ist &hellip; <\/p>\n","protected":false},"author":9194419,"featured_media":0,"parent":0,"menu_order":0,"comment_status":"closed","ping_status":"closed","template":"","meta":{"footnotes":""},"class_list":["post-180","page","type-page","status-publish","hentry"],"_links":{"self":[{"href":"https:\/\/wordpress.nibis.de\/gs-hoheneggelsen\/wp-json\/wp\/v2\/pages\/180","targetHints":{"allow":["GET"]}}],"collection":[{"href":"https:\/\/wordpress.nibis.de\/gs-hoheneggelsen\/wp-json\/wp\/v2\/pages"}],"about":[{"href":"https:\/\/wordpress.nibis.de\/gs-hoheneggelsen\/wp-json\/wp\/v2\/types\/page"}],"author":[{"embeddable":true,"href":"https:\/\/wordpress.nibis.de\/gs-hoheneggelsen\/wp-json\/wp\/v2\/users\/9194419"}],"replies":[{"embeddable":true,"href":"https:\/\/wordpress.nibis.de\/gs-hoheneggelsen\/wp-json\/wp\/v2\/comments?post=180"}],"version-history":[{"count":5,"href":"https:\/\/wordpress.nibis.de\/gs-hoheneggelsen\/wp-json\/wp\/v2\/pages\/180\/revisions"}],"predecessor-version":[{"id":272,"href":"https:\/\/wordpress.nibis.de\/gs-hoheneggelsen\/wp-json\/wp\/v2\/pages\/180\/revisions\/272"}],"wp:attachment":[{"href":"https:\/\/wordpress.nibis.de\/gs-hoheneggelsen\/wp-json\/wp\/v2\/media?parent=180"}],"curies":[{"name":"wp","href":"https:\/\/api.w.org\/{rel}","templated":true}]}}