{"id":220,"date":"2024-08-29T12:13:48","date_gmt":"2024-08-29T10:13:48","guid":{"rendered":"https:\/\/wordpress.nibis.de\/gs-hoheneggelsen\/?page_id=220"},"modified":"2025-09-12T09:07:18","modified_gmt":"2025-09-12T07:07:18","slug":"organisation","status":"publish","type":"page","link":"https:\/\/wordpress.nibis.de\/gs-hoheneggelsen\/organisation\/","title":{"rendered":"Organisation"},"content":{"rendered":"\n<p>Das folgende Organigramm gibt einen \u00dcberblick \u00fcber die gew\u00e4hlten Vertreterinnen und Vertretern in den entsprechenden Gremien. <\/p>\n\n\n\n<p>Die Mitglieder der Klassenelternschaft, der Klassenkonferenzen, der Gesamtkonferenz und des Schulvorstandes werden f\u00fcr die Dauer von zwei Jahren gew\u00e4hlt.<\/p>\n\n\n\n<p>Weitere Infos zu den Mitwirkungsm\u00f6glichkeiten erhalten Sie im Bereich &#8222;<a href=\"https:\/\/wordpress.nibis.de\/gs-hoheneggelsen\/elternschaft\/\" data-type=\"URL\" data-id=\"https:\/\/wordpress.nibis.de\/gs-hoheneggelsen\/elternschaft\/\">Elternschaft<\/a>&#8222;.<\/p>\n\n\n\n<figure class=\"wp-block-image size-full\"><img loading=\"lazy\" decoding=\"async\" width=\"1280\" height=\"945\" src=\"https:\/\/wordpress.nibis.de\/gs-hoheneggelsen\/files\/2025\/09\/Organisation-und-Zustaendigkeiten.jpg\" alt=\"\" class=\"wp-image-716\" srcset=\"https:\/\/wordpress.nibis.de\/gs-hoheneggelsen\/files\/2025\/09\/Organisation-und-Zustaendigkeiten.jpg 1280w, https:\/\/wordpress.nibis.de\/gs-hoheneggelsen\/files\/2025\/09\/Organisation-und-Zustaendigkeiten-768x567.jpg 768w\" sizes=\"auto, (max-width: 1280px) 100vw, 1280px\" \/><\/figure>\n\n\n\n<p><\/p>\n","protected":false},"excerpt":{"rendered":"<p>Das folgende Organigramm gibt einen \u00dcberblick \u00fcber die gew\u00e4hlten Vertreterinnen und Vertretern in den entsprechenden Gremien. Die Mitglieder &hellip; <\/p>\n","protected":false},"author":9194419,"featured_media":0,"parent":0,"menu_order":0,"comment_status":"closed","ping_status":"closed","template":"","meta":{"footnotes":""},"class_list":["post-220","page","type-page","status-publish","hentry"],"_links":{"self":[{"href":"https:\/\/wordpress.nibis.de\/gs-hoheneggelsen\/wp-json\/wp\/v2\/pages\/220","targetHints":{"allow":["GET"]}}],"collection":[{"href":"https:\/\/wordpress.nibis.de\/gs-hoheneggelsen\/wp-json\/wp\/v2\/pages"}],"about":[{"href":"https:\/\/wordpress.nibis.de\/gs-hoheneggelsen\/wp-json\/wp\/v2\/types\/page"}],"author":[{"embeddable":true,"href":"https:\/\/wordpress.nibis.de\/gs-hoheneggelsen\/wp-json\/wp\/v2\/users\/9194419"}],"replies":[{"embeddable":true,"href":"https:\/\/wordpress.nibis.de\/gs-hoheneggelsen\/wp-json\/wp\/v2\/comments?post=220"}],"version-history":[{"count":13,"href":"https:\/\/wordpress.nibis.de\/gs-hoheneggelsen\/wp-json\/wp\/v2\/pages\/220\/revisions"}],"predecessor-version":[{"id":717,"href":"https:\/\/wordpress.nibis.de\/gs-hoheneggelsen\/wp-json\/wp\/v2\/pages\/220\/revisions\/717"}],"wp:attachment":[{"href":"https:\/\/wordpress.nibis.de\/gs-hoheneggelsen\/wp-json\/wp\/v2\/media?parent=220"}],"curies":[{"name":"wp","href":"https:\/\/api.w.org\/{rel}","templated":true}]}}