{"id":221,"date":"2024-08-29T12:13:48","date_gmt":"2024-08-29T10:13:48","guid":{"rendered":"https:\/\/wordpress.nibis.de\/gs-hoheneggelsen\/?page_id=221"},"modified":"2024-09-05T13:30:22","modified_gmt":"2024-09-05T11:30:22","slug":"impressionen","status":"publish","type":"page","link":"https:\/\/wordpress.nibis.de\/gs-hoheneggelsen\/impressionen\/","title":{"rendered":"Impressionen"},"content":{"rendered":"\n<div class=\"wp-block-image\"><figure class=\"aligncenter size-large is-resized\"><img loading=\"lazy\" decoding=\"async\" src=\"https:\/\/wordpress.nibis.de\/gs-hoheneggelsen\/files\/2024\/09\/Haupteingang-1024x576.jpg\" alt=\"\" class=\"wp-image-290\" width=\"711\" height=\"400\" srcset=\"https:\/\/wordpress.nibis.de\/gs-hoheneggelsen\/files\/2024\/09\/Haupteingang-1024x576.jpg 1024w, https:\/\/wordpress.nibis.de\/gs-hoheneggelsen\/files\/2024\/09\/Haupteingang-300x169.jpg 300w, https:\/\/wordpress.nibis.de\/gs-hoheneggelsen\/files\/2024\/09\/Haupteingang-768x432.jpg 768w, https:\/\/wordpress.nibis.de\/gs-hoheneggelsen\/files\/2024\/09\/Haupteingang-1536x864.jpg 1536w, https:\/\/wordpress.nibis.de\/gs-hoheneggelsen\/files\/2024\/09\/Haupteingang.jpg 2048w\" sizes=\"auto, (max-width: 711px) 100vw, 711px\" \/><figcaption>Eingangsbereich (Haupteingang)<\/figcaption><\/figure><\/div>\n\n\n\n<figure class=\"wp-block-image size-large\"><img loading=\"lazy\" decoding=\"async\" width=\"1024\" height=\"489\" src=\"https:\/\/wordpress.nibis.de\/gs-hoheneggelsen\/files\/2024\/09\/Eingang-II-1024x489.jpg\" alt=\"\" class=\"wp-image-306\" srcset=\"https:\/\/wordpress.nibis.de\/gs-hoheneggelsen\/files\/2024\/09\/Eingang-II-1024x489.jpg 1024w, https:\/\/wordpress.nibis.de\/gs-hoheneggelsen\/files\/2024\/09\/Eingang-II-300x143.jpg 300w, https:\/\/wordpress.nibis.de\/gs-hoheneggelsen\/files\/2024\/09\/Eingang-II-768x367.jpg 768w, https:\/\/wordpress.nibis.de\/gs-hoheneggelsen\/files\/2024\/09\/Eingang-II-1536x734.jpg 1536w, https:\/\/wordpress.nibis.de\/gs-hoheneggelsen\/files\/2024\/09\/Eingang-II.jpg 2048w\" sizes=\"auto, (max-width: 1024px) 100vw, 1024px\" \/><figcaption>Eingangsbereich II auf dem Pausenhof.<\/figcaption><\/figure>\n\n\n\n<div class=\"wp-block-image\"><figure class=\"aligncenter size-large is-resized\"><img loading=\"lazy\" decoding=\"async\" src=\"https:\/\/wordpress.nibis.de\/gs-hoheneggelsen\/files\/2024\/09\/Pausenhof-1024x576.jpg\" alt=\"\" class=\"wp-image-302\" width=\"773\" height=\"435\" srcset=\"https:\/\/wordpress.nibis.de\/gs-hoheneggelsen\/files\/2024\/09\/Pausenhof-1024x576.jpg 1024w, https:\/\/wordpress.nibis.de\/gs-hoheneggelsen\/files\/2024\/09\/Pausenhof-300x169.jpg 300w, https:\/\/wordpress.nibis.de\/gs-hoheneggelsen\/files\/2024\/09\/Pausenhof-768x432.jpg 768w, https:\/\/wordpress.nibis.de\/gs-hoheneggelsen\/files\/2024\/09\/Pausenhof-1536x864.jpg 1536w, https:\/\/wordpress.nibis.de\/gs-hoheneggelsen\/files\/2024\/09\/Pausenhof.jpg 2048w\" sizes=\"auto, (max-width: 773px) 100vw, 773px\" \/><figcaption>Der Pausenhof bietet viel Platz und schattige Orte.<\/figcaption><\/figure><\/div>\n\n\n\n<div class=\"wp-block-image\"><figure class=\"aligncenter size-large is-resized\"><img loading=\"lazy\" decoding=\"async\" src=\"https:\/\/wordpress.nibis.de\/gs-hoheneggelsen\/files\/2024\/09\/Kletterspinne-1024x576.jpg\" alt=\"\" class=\"wp-image-304\" width=\"688\" height=\"387\" srcset=\"https:\/\/wordpress.nibis.de\/gs-hoheneggelsen\/files\/2024\/09\/Kletterspinne-1024x576.jpg 1024w, https:\/\/wordpress.nibis.de\/gs-hoheneggelsen\/files\/2024\/09\/Kletterspinne-300x169.jpg 300w, https:\/\/wordpress.nibis.de\/gs-hoheneggelsen\/files\/2024\/09\/Kletterspinne-768x432.jpg 768w, https:\/\/wordpress.nibis.de\/gs-hoheneggelsen\/files\/2024\/09\/Kletterspinne-1536x864.jpg 1536w, https:\/\/wordpress.nibis.de\/gs-hoheneggelsen\/files\/2024\/09\/Kletterspinne.jpg 2048w\" sizes=\"auto, (max-width: 688px) 100vw, 688px\" \/><figcaption>Die Kletterspinne ist immer eine belebte Attraktion.<\/figcaption><\/figure><\/div>\n\n\n\n<figure class=\"wp-block-image size-large\"><img loading=\"lazy\" decoding=\"async\" width=\"1024\" height=\"576\" src=\"https:\/\/wordpress.nibis.de\/gs-hoheneggelsen\/files\/2024\/09\/Schaukeln-1024x576.jpg\" alt=\"\" class=\"wp-image-307\" srcset=\"https:\/\/wordpress.nibis.de\/gs-hoheneggelsen\/files\/2024\/09\/Schaukeln-1024x576.jpg 1024w, https:\/\/wordpress.nibis.de\/gs-hoheneggelsen\/files\/2024\/09\/Schaukeln-300x169.jpg 300w, https:\/\/wordpress.nibis.de\/gs-hoheneggelsen\/files\/2024\/09\/Schaukeln-768x432.jpg 768w, https:\/\/wordpress.nibis.de\/gs-hoheneggelsen\/files\/2024\/09\/Schaukeln-1536x864.jpg 1536w, https:\/\/wordpress.nibis.de\/gs-hoheneggelsen\/files\/2024\/09\/Schaukeln.jpg 2048w\" sizes=\"auto, (max-width: 1024px) 100vw, 1024px\" \/><figcaption>Klettern und Schaukeln genie\u00dfen die Sch\u00fclerInnen im Schatten der B\u00e4ume.<\/figcaption><\/figure>\n\n\n\n<figure class=\"wp-block-image size-large\"><img loading=\"lazy\" decoding=\"async\" width=\"1024\" height=\"576\" src=\"https:\/\/wordpress.nibis.de\/gs-hoheneggelsen\/files\/2024\/09\/Balance-1024x576.jpg\" alt=\"\" class=\"wp-image-309\" srcset=\"https:\/\/wordpress.nibis.de\/gs-hoheneggelsen\/files\/2024\/09\/Balance-1024x576.jpg 1024w, https:\/\/wordpress.nibis.de\/gs-hoheneggelsen\/files\/2024\/09\/Balance-300x169.jpg 300w, https:\/\/wordpress.nibis.de\/gs-hoheneggelsen\/files\/2024\/09\/Balance-768x432.jpg 768w, https:\/\/wordpress.nibis.de\/gs-hoheneggelsen\/files\/2024\/09\/Balance-1536x864.jpg 1536w, https:\/\/wordpress.nibis.de\/gs-hoheneggelsen\/files\/2024\/09\/Balance.jpg 2048w\" sizes=\"auto, (max-width: 1024px) 100vw, 1024px\" \/><figcaption>Lust auf eine Balance\u00fcbung mit weitl\u00e4ufigem Ausblick?<\/figcaption><\/figure>\n\n\n\n<figure class=\"wp-block-image size-large\"><img loading=\"lazy\" decoding=\"async\" width=\"1024\" height=\"683\" src=\"https:\/\/wordpress.nibis.de\/gs-hoheneggelsen\/files\/2024\/09\/Fussballplatz-1024x683.jpg\" alt=\"\" class=\"wp-image-310\" srcset=\"https:\/\/wordpress.nibis.de\/gs-hoheneggelsen\/files\/2024\/09\/Fussballplatz-1024x683.jpg 1024w, https:\/\/wordpress.nibis.de\/gs-hoheneggelsen\/files\/2024\/09\/Fussballplatz-300x200.jpg 300w, https:\/\/wordpress.nibis.de\/gs-hoheneggelsen\/files\/2024\/09\/Fussballplatz-768x512.jpg 768w, https:\/\/wordpress.nibis.de\/gs-hoheneggelsen\/files\/2024\/09\/Fussballplatz-1536x1024.jpg 1536w, https:\/\/wordpress.nibis.de\/gs-hoheneggelsen\/files\/2024\/09\/Fussballplatz.jpg 2048w\" sizes=\"auto, (max-width: 1024px) 100vw, 1024px\" \/><figcaption>Der Fu\u00dfballplatz -Tor!<\/figcaption><\/figure>\n\n\n\n<figure class=\"wp-block-image size-large\"><img loading=\"lazy\" decoding=\"async\" width=\"1024\" height=\"576\" src=\"https:\/\/wordpress.nibis.de\/gs-hoheneggelsen\/files\/2024\/09\/Sportalle-1024x576.jpg\" alt=\"\" class=\"wp-image-312\" srcset=\"https:\/\/wordpress.nibis.de\/gs-hoheneggelsen\/files\/2024\/09\/Sportalle-1024x576.jpg 1024w, https:\/\/wordpress.nibis.de\/gs-hoheneggelsen\/files\/2024\/09\/Sportalle-300x169.jpg 300w, https:\/\/wordpress.nibis.de\/gs-hoheneggelsen\/files\/2024\/09\/Sportalle-768x432.jpg 768w, https:\/\/wordpress.nibis.de\/gs-hoheneggelsen\/files\/2024\/09\/Sportalle-1536x864.jpg 1536w, https:\/\/wordpress.nibis.de\/gs-hoheneggelsen\/files\/2024\/09\/Sportalle.jpg 2048w\" sizes=\"auto, (max-width: 1024px) 100vw, 1024px\" \/><figcaption>Imposanter Anblick: Die Sporthalle Hoheneggelsen (B\u00f6rdehalle).<\/figcaption><\/figure>\n","protected":false},"excerpt":{"rendered":"","protected":false},"author":9194419,"featured_media":0,"parent":0,"menu_order":0,"comment_status":"closed","ping_status":"closed","template":"","meta":{"footnotes":""},"class_list":["post-221","page","type-page","status-publish","hentry"],"_links":{"self":[{"href":"https:\/\/wordpress.nibis.de\/gs-hoheneggelsen\/wp-json\/wp\/v2\/pages\/221","targetHints":{"allow":["GET"]}}],"collection":[{"href":"https:\/\/wordpress.nibis.de\/gs-hoheneggelsen\/wp-json\/wp\/v2\/pages"}],"about":[{"href":"https:\/\/wordpress.nibis.de\/gs-hoheneggelsen\/wp-json\/wp\/v2\/types\/page"}],"author":[{"embeddable":true,"href":"https:\/\/wordpress.nibis.de\/gs-hoheneggelsen\/wp-json\/wp\/v2\/users\/9194419"}],"replies":[{"embeddable":true,"href":"https:\/\/wordpress.nibis.de\/gs-hoheneggelsen\/wp-json\/wp\/v2\/comments?post=221"}],"version-history":[{"count":13,"href":"https:\/\/wordpress.nibis.de\/gs-hoheneggelsen\/wp-json\/wp\/v2\/pages\/221\/revisions"}],"predecessor-version":[{"id":351,"href":"https:\/\/wordpress.nibis.de\/gs-hoheneggelsen\/wp-json\/wp\/v2\/pages\/221\/revisions\/351"}],"wp:attachment":[{"href":"https:\/\/wordpress.nibis.de\/gs-hoheneggelsen\/wp-json\/wp\/v2\/media?parent=221"}],"curies":[{"name":"wp","href":"https:\/\/api.w.org\/{rel}","templated":true}]}}