{"id":262,"date":"2024-08-30T11:05:47","date_gmt":"2024-08-30T09:05:47","guid":{"rendered":"https:\/\/wordpress.nibis.de\/gs-hoheneggelsen\/?page_id=262"},"modified":"2024-12-17T14:39:58","modified_gmt":"2024-12-17T13:39:58","slug":"schuelerbuecherei","status":"publish","type":"page","link":"https:\/\/wordpress.nibis.de\/gs-hoheneggelsen\/schuelerbuecherei\/","title":{"rendered":"Sch\u00fclerb\u00fccherei"},"content":{"rendered":"\n<p>Die Sch\u00fclerb\u00fccherei unserer Schule ist ein Ort, an dem Kinder die Freude am Lesen entdecken k\u00f6nnen. Jeden Donnerstag in der zweiten Stunde (08:40 Uhr bis 09:25 Uhr) haben die Sch\u00fclerInnen die M\u00f6glichkeit B\u00fccher auszuleihen. Dabei k\u00f6nnen diese aus einer kleinen Auswahl spannender Werke w\u00e4hlen.<\/p>\n\n\n\n<figure class=\"wp-block-image size-large is-resized\"><img loading=\"lazy\" decoding=\"async\" src=\"https:\/\/wordpress.nibis.de\/gs-hoheneggelsen\/files\/2024\/12\/Ausleihe-Buecherei-1200x675.jpg\" alt=\"\" class=\"wp-image-559\" width=\"753\" height=\"424\" srcset=\"https:\/\/wordpress.nibis.de\/gs-hoheneggelsen\/files\/2024\/12\/Ausleihe-Buecherei-1200x675.jpg 1200w, https:\/\/wordpress.nibis.de\/gs-hoheneggelsen\/files\/2024\/12\/Ausleihe-Buecherei-850x478.jpg 850w, https:\/\/wordpress.nibis.de\/gs-hoheneggelsen\/files\/2024\/12\/Ausleihe-Buecherei-250x141.jpg 250w\" sizes=\"auto, (max-width: 753px) 100vw, 753px\" \/><figcaption>Immer was los w\u00e4hrend der \u00d6ffnungszeit der B\u00fccherei!<\/figcaption><\/figure>\n","protected":false},"excerpt":{"rendered":"<p>Die Sch\u00fclerb\u00fccherei unserer Schule ist ein Ort, an dem Kinder die Freude am Lesen entdecken k\u00f6nnen. Jeden Donnerstag &hellip; <\/p>\n","protected":false},"author":9194419,"featured_media":0,"parent":0,"menu_order":0,"comment_status":"closed","ping_status":"closed","template":"","meta":{"footnotes":""},"class_list":["post-262","page","type-page","status-publish","hentry"],"_links":{"self":[{"href":"https:\/\/wordpress.nibis.de\/gs-hoheneggelsen\/wp-json\/wp\/v2\/pages\/262","targetHints":{"allow":["GET"]}}],"collection":[{"href":"https:\/\/wordpress.nibis.de\/gs-hoheneggelsen\/wp-json\/wp\/v2\/pages"}],"about":[{"href":"https:\/\/wordpress.nibis.de\/gs-hoheneggelsen\/wp-json\/wp\/v2\/types\/page"}],"author":[{"embeddable":true,"href":"https:\/\/wordpress.nibis.de\/gs-hoheneggelsen\/wp-json\/wp\/v2\/users\/9194419"}],"replies":[{"embeddable":true,"href":"https:\/\/wordpress.nibis.de\/gs-hoheneggelsen\/wp-json\/wp\/v2\/comments?post=262"}],"version-history":[{"count":6,"href":"https:\/\/wordpress.nibis.de\/gs-hoheneggelsen\/wp-json\/wp\/v2\/pages\/262\/revisions"}],"predecessor-version":[{"id":561,"href":"https:\/\/wordpress.nibis.de\/gs-hoheneggelsen\/wp-json\/wp\/v2\/pages\/262\/revisions\/561"}],"wp:attachment":[{"href":"https:\/\/wordpress.nibis.de\/gs-hoheneggelsen\/wp-json\/wp\/v2\/media?parent=262"}],"curies":[{"name":"wp","href":"https:\/\/api.w.org\/{rel}","templated":true}]}}