{"id":273,"date":"2024-08-30T11:15:26","date_gmt":"2024-08-30T09:15:26","guid":{"rendered":"https:\/\/wordpress.nibis.de\/gs-hoheneggelsen\/?page_id=273"},"modified":"2024-10-02T08:29:50","modified_gmt":"2024-10-02T06:29:50","slug":"einschulung","status":"publish","type":"page","link":"https:\/\/wordpress.nibis.de\/gs-hoheneggelsen\/einschulung\/","title":{"rendered":"Einschulung"},"content":{"rendered":"\n<p>Die Grundschule Hoheneggelsen umfasst die Schuljahrg\u00e4nge 1-4. <\/p>\n\n\n\n<p><strong>Wann wird mein Kind Schulpflichtig?<\/strong><br>Mit Beginn eines neuen Schuljahres m\u00fcssen Kinder in die Schule gehen, die sechs Jahre alt sind oder bis zum 30. September sechs Jahre alt werden. Wenn Kinder zwischen dem 1. Juli und 30. September sechs Jahre alt werden, k\u00f6nnen die Eltern schriftlich der Schule mitteilen, dass sie den Schulbesuch um ein Jahr verschieben m\u00f6chten. Diese Erkl\u00e4rung muss bis zum 1. Mai vor Schuljahresbeginn abgegeben werden. Auf Antrag der Eltern k\u00f6nnen auch j\u00fcngere Kinder, die noch nicht schulpflichtig sind, in die Schule aufgenommen werden, wenn sie k\u00f6rperlich, geistig und sozial bereit daf\u00fcr sind. Sobald sie aufgenommen werden, werden sie schulpflichtig.<br>Details dazu entnehmen Sie dem aktuellen Hinweisblatt zur <a href=\"https:\/\/wordpress.nibis.de\/gs-hoheneggelsen\/files\/2024\/10\/Informationsblatt_fr_Erziehungsberechtigte_Einschulungstermin_Stand_Mrz_2024.pdf\" data-type=\"URL\" data-id=\"https:\/\/wordpress.nibis.de\/gs-hoheneggelsen\/files\/2024\/10\/Informationsblatt_fr_Erziehungsberechtigte_Einschulungstermin_Stand_Mrz_2024.pdf\" target=\"_blank\" rel=\"noreferrer noopener\">Flexibilisierung des Schulbesuchs<\/a>.  <\/p>\n\n\n\n<p><strong>Wann finden die Anmeldungen statt?<\/strong><br>Etwa 15 Monate vor der Einschulung erhalten Sie eine Einladung zur Anmeldung an der Grundschule, die f\u00fcr Ihr Kind zust\u00e4ndig ist. Die Stadt oder Gemeinde, also der Schultr\u00e4ger, oder die Grundschule selbst werden Ihnen den genauen Termin rechtzeitig mitteilen. Welche Schule zust\u00e4ndig ist, h\u00e4ngt von Ihrem Wohnort ab.<br>Der Schulbezirk f\u00fcr die Grundschule Hoheneggelsen umfa\u00dft die Gebiete der Ortschaften Bettrum, Feldbergen, Hoheneggelsen, Klein Himstedt und M\u00f6lme.<\/p>\n\n\n\n<p><strong>Was ist die Schuleingangsuntersuchung?<\/strong><br>In Niedersachsen werden alle Kinder vor der Einschulung bei einer Schuleingangsuntersuchung \u00e4rztlich untersucht, um ihren Entwicklungs- und Gesundheitszustand zu pr\u00fcfen. Dabei werden wichtige St\u00e4rken und Schw\u00e4chen festgestellt, die f\u00fcr die Schule relevant sind. Sie erhalten Beratung, und\/oder bei Bedarf werden F\u00f6rderma\u00dfnahmen f\u00fcr Ihr Kind empfohlen. Die Teilnahme an dieser Untersuchung ist f\u00fcr Ihr Kind verpflichtend. Sie erhalten eine Einladung zu der Schuleingangsuntersuchung.<\/p>\n\n\n\n<p><strong>Was ist eine Zur\u00fcckstellung vom Schulbesuch?<\/strong><br>Kinder, die eigentlich schulpflichtig sind, aber k\u00f6rperlich, geistig oder sozial noch nicht weit genug entwickelt sind, um erfolgreich am Unterricht in der Grundschule oder einer F\u00f6rderschule teilzunehmen, k\u00f6nnen f\u00fcr ein Jahr vom Schulbesuch zur\u00fcckgestellt werden. In diesem Fall k\u00f6nnen sie dazu verpflichtet werden, einen Schulkindergarten zu besuchen, um ihre Entwicklung zu f\u00f6rdern. \u00dcber die Zur\u00fcckstellung vom Schulbesuch entscheidet die Schulleitung der zust\u00e4ndigen Grundschule nach Beratung mit den Erziehungsberechtigten. <\/p>\n\n\n\n<p><strong>Wie kommt mein Kind zur Schule, wenn wir nicht in Hoheneggelsen wohnen?<\/strong><br>Sch\u00fclerInnen aus den umliegenden Ortschaften k\u00f6nnen mit dem Freistellungsverkehr die Schule erreichen. <\/p>\n\n\n\n<p><strong>Was ist der Freistellungsverkehr?<\/strong><br>Dort, wo die Sch\u00fclerbef\u00f6rderung nicht mit dem \u00f6ffentlichen Linienverkehr sichergestellt werden kann, setzt der Landkreis Hildesheim Busse im sogenannten Freistellungsverkehr ein.<\/p>\n","protected":false},"excerpt":{"rendered":"<p>Die Grundschule Hoheneggelsen umfasst die Schuljahrg\u00e4nge 1-4. Wann wird mein Kind Schulpflichtig?Mit Beginn eines neuen Schuljahres m\u00fcssen Kinder &hellip; <\/p>\n","protected":false},"author":9194419,"featured_media":0,"parent":0,"menu_order":0,"comment_status":"closed","ping_status":"closed","template":"","meta":{"footnotes":""},"class_list":["post-273","page","type-page","status-publish","hentry"],"_links":{"self":[{"href":"https:\/\/wordpress.nibis.de\/gs-hoheneggelsen\/wp-json\/wp\/v2\/pages\/273","targetHints":{"allow":["GET"]}}],"collection":[{"href":"https:\/\/wordpress.nibis.de\/gs-hoheneggelsen\/wp-json\/wp\/v2\/pages"}],"about":[{"href":"https:\/\/wordpress.nibis.de\/gs-hoheneggelsen\/wp-json\/wp\/v2\/types\/page"}],"author":[{"embeddable":true,"href":"https:\/\/wordpress.nibis.de\/gs-hoheneggelsen\/wp-json\/wp\/v2\/users\/9194419"}],"replies":[{"embeddable":true,"href":"https:\/\/wordpress.nibis.de\/gs-hoheneggelsen\/wp-json\/wp\/v2\/comments?post=273"}],"version-history":[{"count":11,"href":"https:\/\/wordpress.nibis.de\/gs-hoheneggelsen\/wp-json\/wp\/v2\/pages\/273\/revisions"}],"predecessor-version":[{"id":487,"href":"https:\/\/wordpress.nibis.de\/gs-hoheneggelsen\/wp-json\/wp\/v2\/pages\/273\/revisions\/487"}],"wp:attachment":[{"href":"https:\/\/wordpress.nibis.de\/gs-hoheneggelsen\/wp-json\/wp\/v2\/media?parent=273"}],"curies":[{"name":"wp","href":"https:\/\/api.w.org\/{rel}","templated":true}]}}