{"id":31,"date":"2024-08-12T17:02:49","date_gmt":"2024-08-12T15:02:49","guid":{"rendered":"https:\/\/wordpress.nibis.de\/gs-hoheneggelsen\/?page_id=31"},"modified":"2025-08-25T10:19:58","modified_gmt":"2025-08-25T08:19:58","slug":"schulleben","status":"publish","type":"page","link":"https:\/\/wordpress.nibis.de\/gs-hoheneggelsen\/schulleben\/","title":{"rendered":"Schulprofil"},"content":{"rendered":"\n<p>Die Grundschule Hoheneggelsen ist verl\u00e4ssliche Grundschule und bietet allen Sch\u00fclerInnen ein f\u00fcnfst\u00fcndiges Zeitangebot. An unserer Schule arbeiten aktuell neun Lehrkr\u00e4fte und f\u00fcnf p\u00e4dagogische MitarbeiterInnen. Zusammen unterrichten diese in f\u00fcnf Klassen insgesamt 95 Sch\u00fclerInnen. <\/p>\n\n\n\n<p>Der Bauhof der Gemeinde S\u00f6hlde unterst\u00fctzt die Grundschule bei allen handwerklichen T\u00e4tigkeiten.<\/p>\n\n\n\n<p>Eine Betreuung im Nachmittagsbereich kann durch den <a href=\"http:\/\/www.awo-hildesheim.de\/pages\/einrichtungen\/horte.php\" data-type=\"URL\" data-id=\"http:\/\/www.awo-hildesheim.de\/pages\/einrichtungen\/horte.php\">Hort der AWO<\/a> wahrgenommen werden.<\/p>\n\n\n\n<p><\/p>\n","protected":false},"excerpt":{"rendered":"<p>Die Grundschule Hoheneggelsen ist verl\u00e4ssliche Grundschule und bietet allen Sch\u00fclerInnen ein f\u00fcnfst\u00fcndiges Zeitangebot. An unserer Schule arbeiten aktuell &hellip; <\/p>\n","protected":false},"author":9194419,"featured_media":0,"parent":0,"menu_order":0,"comment_status":"closed","ping_status":"closed","template":"","meta":{"footnotes":""},"class_list":["post-31","page","type-page","status-publish","hentry"],"_links":{"self":[{"href":"https:\/\/wordpress.nibis.de\/gs-hoheneggelsen\/wp-json\/wp\/v2\/pages\/31","targetHints":{"allow":["GET"]}}],"collection":[{"href":"https:\/\/wordpress.nibis.de\/gs-hoheneggelsen\/wp-json\/wp\/v2\/pages"}],"about":[{"href":"https:\/\/wordpress.nibis.de\/gs-hoheneggelsen\/wp-json\/wp\/v2\/types\/page"}],"author":[{"embeddable":true,"href":"https:\/\/wordpress.nibis.de\/gs-hoheneggelsen\/wp-json\/wp\/v2\/users\/9194419"}],"replies":[{"embeddable":true,"href":"https:\/\/wordpress.nibis.de\/gs-hoheneggelsen\/wp-json\/wp\/v2\/comments?post=31"}],"version-history":[{"count":9,"href":"https:\/\/wordpress.nibis.de\/gs-hoheneggelsen\/wp-json\/wp\/v2\/pages\/31\/revisions"}],"predecessor-version":[{"id":710,"href":"https:\/\/wordpress.nibis.de\/gs-hoheneggelsen\/wp-json\/wp\/v2\/pages\/31\/revisions\/710"}],"wp:attachment":[{"href":"https:\/\/wordpress.nibis.de\/gs-hoheneggelsen\/wp-json\/wp\/v2\/media?parent=31"}],"curies":[{"name":"wp","href":"https:\/\/api.w.org\/{rel}","templated":true}]}}