{"id":424,"date":"2024-09-23T11:30:17","date_gmt":"2024-09-23T09:30:17","guid":{"rendered":"https:\/\/wordpress.nibis.de\/gs-hoheneggelsen\/?page_id=424"},"modified":"2024-09-30T07:57:15","modified_gmt":"2024-09-30T05:57:15","slug":"stundenrhythmus","status":"publish","type":"page","link":"https:\/\/wordpress.nibis.de\/gs-hoheneggelsen\/stundenrhythmus\/","title":{"rendered":"Stundenrhythmus"},"content":{"rendered":"\n<p>Die Grundschule Hoheneggelsen ist verl\u00e4ssliche Grundschule. Neben dem Kernunterricht wird ein mindestens f\u00fcnf Zeitstunden umfassendes Schulangebot sichergestellt. <br>Jede Klasse erh\u00e4lt einen individuellen Stundenplan. Die Stunden-, Pausen- und Betreuungszeiten sind wie folgt aufgebaut.<\/p>\n\n\n\n<div data-wp-interactive=\"core\/file\" class=\"wp-block-file\"><object data-wp-bind--hidden=\"!state.hasPdfPreview\" hidden class=\"wp-block-file__embed\" data=\"https:\/\/wordpress.nibis.de\/gs-hoheneggelsen\/files\/2024\/09\/2024_09-Stundenrhythmus-aktuell-1.pdf\" type=\"application\/pdf\" style=\"width:100%;height:600px\" aria-label=\"Einbettung von Einbettung von 2024_09-Stundenrhythmus-aktuell-1..\"><\/object><a id=\"wp-block-file--media-9ff9f288-a7b1-47fd-9c99-6a1227458d84\" href=\"https:\/\/wordpress.nibis.de\/gs-hoheneggelsen\/files\/2024\/09\/2024_09-Stundenrhythmus-aktuell-1.pdf\">2024_09-Stundenrhythmus-aktuell-1<\/a><a href=\"https:\/\/wordpress.nibis.de\/gs-hoheneggelsen\/files\/2024\/09\/2024_09-Stundenrhythmus-aktuell-1.pdf\" class=\"wp-block-file__button\" download aria-describedby=\"wp-block-file--media-9ff9f288-a7b1-47fd-9c99-6a1227458d84\">Herunterladen<\/a><\/div>\n","protected":false},"excerpt":{"rendered":"<p>Die Grundschule Hoheneggelsen ist verl\u00e4ssliche Grundschule. Neben dem Kernunterricht wird ein mindestens f\u00fcnf Zeitstunden umfassendes Schulangebot sichergestellt. Jede &hellip; <\/p>\n","protected":false},"author":9194419,"featured_media":0,"parent":0,"menu_order":0,"comment_status":"closed","ping_status":"closed","template":"","meta":{"footnotes":""},"class_list":["post-424","page","type-page","status-publish","hentry"],"_links":{"self":[{"href":"https:\/\/wordpress.nibis.de\/gs-hoheneggelsen\/wp-json\/wp\/v2\/pages\/424","targetHints":{"allow":["GET"]}}],"collection":[{"href":"https:\/\/wordpress.nibis.de\/gs-hoheneggelsen\/wp-json\/wp\/v2\/pages"}],"about":[{"href":"https:\/\/wordpress.nibis.de\/gs-hoheneggelsen\/wp-json\/wp\/v2\/types\/page"}],"author":[{"embeddable":true,"href":"https:\/\/wordpress.nibis.de\/gs-hoheneggelsen\/wp-json\/wp\/v2\/users\/9194419"}],"replies":[{"embeddable":true,"href":"https:\/\/wordpress.nibis.de\/gs-hoheneggelsen\/wp-json\/wp\/v2\/comments?post=424"}],"version-history":[{"count":5,"href":"https:\/\/wordpress.nibis.de\/gs-hoheneggelsen\/wp-json\/wp\/v2\/pages\/424\/revisions"}],"predecessor-version":[{"id":482,"href":"https:\/\/wordpress.nibis.de\/gs-hoheneggelsen\/wp-json\/wp\/v2\/pages\/424\/revisions\/482"}],"wp:attachment":[{"href":"https:\/\/wordpress.nibis.de\/gs-hoheneggelsen\/wp-json\/wp\/v2\/media?parent=424"}],"curies":[{"name":"wp","href":"https:\/\/api.w.org\/{rel}","templated":true}]}}