{"id":1396,"date":"2016-08-23T15:43:25","date_gmt":"2016-08-23T14:43:25","guid":{"rendered":"http:\/\/wordpress.nibis.de\/gs-klint\/?page_id=1396"},"modified":"2024-09-19T10:38:02","modified_gmt":"2024-09-19T09:38:02","slug":"ganztagsschule","status":"publish","type":"page","link":"https:\/\/wordpress.nibis.de\/gs-klint\/ganztagsschule\/","title":{"rendered":"Unser Ganztag"},"content":{"rendered":"<div class=\"page\" title=\"Page 4\">\n<div class=\"layoutArea\">\n<div class=\"column\">\n<p style=\"text-align: justify\">Mit dem gesellschaftlichen und kulturellen Wandel haben sich die\u00a0 Erwartungen an die Schule und ihren Bildungsauftrag ver\u00e4ndert. Eine moderne Schule ist mehr als ein Ort der Wissensvermittlung, sie ist\u00a0zunehmend eine St\u00e4tte der Begegnung von Kindern aus unterschiedlichen Lebenskontexten und Kulturen.\u00a0 Die Schule\u00a0bietet M\u00f6glichkeiten f\u00fcr soziale Interaktionen, Erfahrungen\u00a0und\u00a0der Teilhabe der Sch\u00fclerinnen und Sch\u00fcler an Entscheidungen zu Unterricht und Schulleben sowie auch an Aktivit\u00e4ten au\u00dferhalb des Unterrichts teilzunehmen.<\/p>\n<p style=\"text-align: justify\">Mit der Umwandlung der Grundschule Klint in eine Offene Ganztagsgrundschule im Jahr 2009 hat sich die Schule den Herausforderungen gestellt und Formen gemeinschaftlichen Zusammenlebens und Arbeitens in der Schule weiterentwickelt.<\/p>\n<p>Unser letztes gro\u00dfes Kinderkirchenfest fand am 14. Juli 2024 statt.<\/p>\n<\/div>\n<\/div>\n<p><strong><a href=\"https:\/\/wordpress.nibis.de\/gs-klint\/files\/Kinderkirchenfest2024-komprimiert.pdf\">Kinderkirchenfest am Freitag, den 14.07.2024<\/a><\/strong><\/p>\n<\/div>\n","protected":false},"excerpt":{"rendered":"<p>Mit dem gesellschaftlichen und kulturellen Wandel haben sich die\u00a0 Erwartungen an die Schule und ihren Bildungsauftrag ver\u00e4ndert. Eine moderne Schule ist mehr als ein Ort der Wissensvermittlung, sie ist\u00a0zunehmend eine St\u00e4tte der Begegnung von Kindern aus unterschiedlichen Lebenskontexten und Kulturen.\u00a0 Die Schule\u00a0bietet M\u00f6glichkeiten f\u00fcr soziale Interaktionen, Erfahrungen\u00a0und\u00a0der Teilhabe der Sch\u00fclerinnen und Sch\u00fcler an Entscheidungen zu &hellip; <a href=\"https:\/\/wordpress.nibis.de\/gs-klint\/ganztagsschule\/\" class=\"more-link\"><span class=\"screen-reader-text\">Unser Ganztag<\/span> weiterlesen <span class=\"meta-nav\">&rarr;<\/span><\/a><\/p>\n","protected":false},"author":9192438,"featured_media":0,"parent":0,"menu_order":0,"comment_status":"closed","ping_status":"closed","template":"","meta":{"footnotes":""},"class_list":["post-1396","page","type-page","status-publish","hentry"],"_links":{"self":[{"href":"https:\/\/wordpress.nibis.de\/gs-klint\/wp-json\/wp\/v2\/pages\/1396","targetHints":{"allow":["GET"]}}],"collection":[{"href":"https:\/\/wordpress.nibis.de\/gs-klint\/wp-json\/wp\/v2\/pages"}],"about":[{"href":"https:\/\/wordpress.nibis.de\/gs-klint\/wp-json\/wp\/v2\/types\/page"}],"author":[{"embeddable":true,"href":"https:\/\/wordpress.nibis.de\/gs-klint\/wp-json\/wp\/v2\/users\/9192438"}],"replies":[{"embeddable":true,"href":"https:\/\/wordpress.nibis.de\/gs-klint\/wp-json\/wp\/v2\/comments?post=1396"}],"version-history":[{"count":15,"href":"https:\/\/wordpress.nibis.de\/gs-klint\/wp-json\/wp\/v2\/pages\/1396\/revisions"}],"predecessor-version":[{"id":4324,"href":"https:\/\/wordpress.nibis.de\/gs-klint\/wp-json\/wp\/v2\/pages\/1396\/revisions\/4324"}],"wp:attachment":[{"href":"https:\/\/wordpress.nibis.de\/gs-klint\/wp-json\/wp\/v2\/media?parent=1396"}],"curies":[{"name":"wp","href":"https:\/\/api.w.org\/{rel}","templated":true}]}}