{"id":16,"date":"2014-02-06T15:40:19","date_gmt":"2014-02-06T14:40:19","guid":{"rendered":"http:\/\/wordpress.nibis.de\/gs-klint\/?page_id=16"},"modified":"2025-08-25T07:36:15","modified_gmt":"2025-08-25T06:36:15","slug":"ueber-uns","status":"publish","type":"page","link":"https:\/\/wordpress.nibis.de\/gs-klint\/ueber-uns\/","title":{"rendered":"\u00dcber uns"},"content":{"rendered":"<p><strong>Herzlich willkommen auf der Homepage der Grundschule Klint<\/strong><\/p>\n<p align=\"justify\"><span style=\"color: #141412\"><span style=\"font-family: Arial, sans-serif\">Schulleitung: <\/span><\/span><span style=\"color: #141412\"><span style=\"font-family: Arial, sans-serif\">Rektor Holfeld\u00a0 \u00a0 \u00a0 \u00a0 \u00a0 \u00a0 komm. Konrektorin: Frau Wicke<br \/>\n<\/span><\/span><\/p>\n<p align=\"justify\"><span style=\"color: #141412\"><span style=\"font-family: Arial, sans-serif\">Die Grundschule Klint in Braunschweig wurde im Jahr 1961 erbaut und liegt im Magniviertel nahe des Stadtzentrums. Die Stadt Braunschweig als Schultr\u00e4gerin sorgt f\u00fcr eine kontinuierliche Modernisierung der Schule und bietet mit ca. 250.000 Einwohnerinnen und Einwohnern als internationaler Forschungs- und Wirtschaftsstandort ein zukunftsorientiertes Umfeld. Ein breites Kulturangebot und viele Gr\u00fcnfl\u00e4chen sind gute Voraussetzungen f\u00fcr ein lebenswertes und kindgerechtes Wohnen. <\/span><\/span><\/p>\n<p align=\"justify\"><span style=\"color: #141412\"><span style=\"font-family: Arial, sans-serif\">Unsere dreiz\u00fcgige Grundschule bietet zw\u00f6lf Klassenr\u00e4ume, acht von ihnen mit angebundenem Gruppenraum. Weitere Fachr\u00e4ume: Computerraum, Sch\u00fclerb\u00fccherei <em>Villa Lesebunt<\/em>, verschiedene R\u00e4ume f\u00fcr F\u00f6rderunterricht, einen \u201eRaum der guten L\u00f6sungen\u201c, einen \u201eRaum der Begegnungen\u201c, R\u00e4ume f\u00fcr die Schulkindbetreuung am Nachmittag, eine gro\u00dfe Aula, eine Doppelturnhalle und f\u00fcr das Mittagessen zwei Mensa-R\u00e4ume.<\/span><\/span><\/p>\n<p align=\"justify\"><span style=\"color: #141412\"><span style=\"font-family: Arial, sans-serif\">Unsere Grundschule wird von etwa 230 Schulkindern besucht, eingeteilt in zw\u00f6lf Klassen.<\/span><\/span><\/p>\n<p align=\"justify\"><span style=\"color: #141412\"><span style=\"font-family: Arial, sans-serif\">Zum Kollegium geh\u00f6ren etwa 20 Lehrkr\u00e4fte, eine F\u00f6rderschullehrerin, zwei Lehrkr\u00e4fte im Vorbereitungsdienst und eine Schulsozialp\u00e4dagogin. F\u00fcr den Ganztagsbetrieb arbeiten etwa 15 weitere Erzieherinnen und Erzieher, p\u00e4dagogische Mitarbeiterinnen und Sozialp\u00e4dagoginnen, um die Schulkinder im Anschluss an den Unterricht zu betreuen. Die Teilnahme an dem Ganztagsangeboten ist freiwillig und wird von ca. 85 % der Schulkinder genutzt.<\/span><\/span><\/p>\n<p align=\"justify\"><span style=\"color: #141412\"><span style=\"font-family: Arial, sans-serif\">Zudem haben wir im Rahmen ihrer Ausbildung bzw. zur Berufsorientierung regelm\u00e4\u00dfig Praktikantinnen und Praktikanten und Studierende des Lehramtes an unserer Schule, sowie eine \u201eFSJ\u201c &#8211; Kraft, die unser Schulleben bereichern.<\/span><\/span><\/p>\n<p align=\"justify\"><span style=\"color: #141412\"><span style=\"font-family: Arial, sans-serif\">Eine Sekret\u00e4rin, ein Schulhausmeister, mehrere Reinigungskr\u00e4fte sowie Personal in unserer Schulk\u00fcche\u00a0runden das Team der Mitarbeiterinnen und Mitarbeiter an\u00a0der Grundschule Klint ab.<\/span><\/span><\/p>\n<p align=\"justify\"><strong><figure class=\"wp-block-embed wp-block-embed-youtube is-type-video is-provider-youtube epyt-figure\"><div class=\"wp-block-embed__wrapper\"><iframe loading=\"lazy\"  id=\"_ytid_42022\"  width=\"604\" height=\"340\"  data-origwidth=\"604\" data-origheight=\"340\" src=\"https:\/\/www.youtube.com\/embed\/111neW5OdPE?enablejsapi=1&autoplay=0&cc_load_policy=0&cc_lang_pref=&iv_load_policy=1&loop=0&rel=1&fs=1&playsinline=0&autohide=2&theme=dark&color=red&controls=1&disablekb=0&\" class=\"__youtube_prefs__  no-lazyload\" title=\"YouTube player\"  allow=\"fullscreen; accelerometer; autoplay; clipboard-write; encrypted-media; gyroscope; picture-in-picture; web-share\" referrerpolicy=\"strict-origin-when-cross-origin\" allowfullscreen data-no-lazy=\"1\" data-skipgform_ajax_framebjll=\"\"><\/iframe><\/div><\/figure><\/strong><\/p>\n<p>Weitere Merkmale der Grundschule Klint:<\/p>\n<table style=\"width: 604px\">\n<tbody>\n<tr>\n<td style=\"width: 405.85px\">Kooperationspartner im Ganztagsschulbereich:<br \/>\nStadt Braunschweig, ev.-luth. Propstei Braunschweig, <a href=\"http:\/\/wordpress.nibis.de\/gs-klint\/files\/csm_magni_logo_03da8b3af4.png\"><img loading=\"lazy\" decoding=\"async\" class=\"size-full wp-image-1486 alignright\" src=\"http:\/\/wordpress.nibis.de\/gs-klint\/files\/csm_magni_logo_03da8b3af4.png\" alt=\"csm_magni_logo_03da8b3af4\" width=\"188\" height=\"100\" \/><\/a>Kirchengemeinde St. Magni<\/td>\n<\/tr>\n<tr>\n<td style=\"width: 405.85px\"><a href=\"http:\/\/wordpress.nibis.de\/gs-klint\/files\/Klasse-wir-singen-schule.jpg\"><img loading=\"lazy\" decoding=\"async\" class=\"alignleft wp-image-820\" src=\"http:\/\/wordpress.nibis.de\/gs-klint\/files\/Klasse-wir-singen-schule-300x187.jpg\" alt=\"Klasse-wir-singen-schule\" width=\"180\" height=\"112\" srcset=\"https:\/\/wordpress.nibis.de\/gs-klint\/files\/Klasse-wir-singen-schule-300x187.jpg 300w, https:\/\/wordpress.nibis.de\/gs-klint\/files\/Klasse-wir-singen-schule.jpg 1024w\" sizes=\"auto, (max-width: 180px) 100vw, 180px\" \/><\/a><\/p>\n<p>Die Grundschule Klint ist eine KLASSE! WIR SINGEN &#8211; Schule<\/td>\n<\/tr>\n<tr>\n<td style=\"width: 405.85px\"><a href=\"http:\/\/wordpress.nibis.de\/gs-klint\/files\/Mini-Phaenomenta_Schule_komprimiert.jpg\"><img loading=\"lazy\" decoding=\"async\" class=\"wp-image-886 alignright\" src=\"http:\/\/wordpress.nibis.de\/gs-klint\/files\/Mini-Phaenomenta_Schule_komprimiert-300x92.jpg\" alt=\"Mini-Phaenomenta_Schule_komprimiert\" width=\"250\" height=\"77\" srcset=\"https:\/\/wordpress.nibis.de\/gs-klint\/files\/Mini-Phaenomenta_Schule_komprimiert-300x92.jpg 300w, https:\/\/wordpress.nibis.de\/gs-klint\/files\/Mini-Phaenomenta_Schule_komprimiert.jpg 1024w\" sizes=\"auto, (max-width: 250px) 100vw, 250px\" \/><\/a>Unsere Schule macht mit beim Projekt miniPH\u00c4NOMENTA<\/td>\n<\/tr>\n<tr>\n<td style=\"width: 405.85px\">Die Grundschule Klint ist Mitglied im\u00a0<span style=\"text-decoration: underline\"><a href=\"http:\/\/www.koopverbund-bs1.de\/index.html\" target=\"_blank\" rel=\"noopener noreferrer\">Kooperationsverbund Hochbegabtenf\u00f6rderung<\/a> <\/span>Braunschweig 1.<br \/>\nZum Verbund geh\u00f6ren<br \/>\n&#8211; Kinder<a href=\"http:\/\/wordpress.nibis.de\/gs-klint\/files\/begabung-f\u00f6rdern.png\"><img loading=\"lazy\" decoding=\"async\" class=\"alignleft wp-image-885\" src=\"http:\/\/wordpress.nibis.de\/gs-klint\/files\/begabung-f\u00f6rdern-300x229.png\" alt=\"begabung f\u00f6rdern\" width=\"180\" height=\"137\" srcset=\"https:\/\/wordpress.nibis.de\/gs-klint\/files\/begabung-f\u00f6rdern-300x229.png 300w, https:\/\/wordpress.nibis.de\/gs-klint\/files\/begabung-f\u00f6rdern.png 383w\" sizes=\"auto, (max-width: 180px) 100vw, 180px\" \/><\/a>garten St. Magni<br \/>\n&#8211; GS Comeniusstra\u00dfe<br \/>\n&#8211; GS Heinrichstra\u00dfe<br \/>\n&#8211; GS Edith-Stein<br \/>\n&#8211; Wilhelm-Gymnasium<\/td>\n<\/tr>\n<tr>\n<td style=\"width: 405.85px\">Mehrfach \u00a0wurde die GS Klint als sportfreundliche Schule zertifiziert.<\/td>\n<\/tr>\n<tr>\n<td style=\"width: 405.85px\">Die Grundschule Klint hat sich mit neun weiteren Grundschulen Braunschweigs zu einem <span style=\"text-decoration: underline\">Netzwerk<\/span>\u00a0zusammen geschlosse<a href=\"http:\/\/wordpress.nibis.de\/gs-klint\/files\/netzwerk.png\"><img loading=\"lazy\" decoding=\"async\" class=\"alignleft wp-image-1483 size-thumbnail\" src=\"http:\/\/wordpress.nibis.de\/gs-klint\/files\/netzwerk-150x150.png\" alt=\"netzwerk\" width=\"150\" height=\"150\" \/><\/a>n:<br \/>\nGS Bebelhof,\u00a0 \u00a0 \u00a0GS Comeniusschule,\u00a0 \u00a0 GS Edith-Stein,\u00a0 \u00a0 \u00a0GS Heidberg,\u00a0 \u00a0 GS Klint,\u00a0 \u00a0 \u00a0 \u00a0 \u00a0 \u00a0 \u00a0 GS Lindenbergsiedlung,\u00a0 \u00a0 \u00a0 \u00a0 \u00a0 \u00a0GS Mascheroder Holz,\u00a0 \u00a0 \u00a0 \u00a0 GS Melverode,\u00a0 \u00a0 \u00a0 \u00a0GS Rautheim,\u00a0 \u00a0 \u00a0 \u00a0 \u00a0GS St\u00f6ckheim-Leiferde.<br \/>\nDas Netzwerk hat zudem eine Kooperationsvereinbarung mit weiterf\u00fchrenden Schulen geschlossen:IGS Heidberg,\u00a0 RS John-F.-Kennedy,\u00a0 HS R\u00fcningen,\u00a0 GY Raabeschule.<\/td>\n<\/tr>\n<tr>\n<td style=\"width: 405.85px\">Wir arbeiten mit <a href=\"http:\/\/www.sis-niedersachsen.de\/index.php\/start\/schulmediation\" target=\"_blank\" rel=\"noopener noreferrer\">SiS &#8211; Seniorpartner in School<\/a> zusammen. SiS\u00a0ist ein gemeinn\u00fctziger Ve<a href=\"http:\/\/wordpress.nibis.de\/gs-klint\/files\/Logo-SiS.jpg\"><img loading=\"lazy\" decoding=\"async\" class=\"size-medium wp-image-957 alignleft\" src=\"http:\/\/wordpress.nibis.de\/gs-klint\/files\/Logo-SiS-300x178.jpg\" alt=\"Logo-SiS\" width=\"300\" height=\"178\" srcset=\"https:\/\/wordpress.nibis.de\/gs-klint\/files\/Logo-SiS-300x178.jpg 300w, https:\/\/wordpress.nibis.de\/gs-klint\/files\/Logo-SiS.jpg 667w\" sizes=\"auto, (max-width: 300px) 100vw, 300px\" \/><\/a>rein von Senioren, die als Schulmediatoren den Schulkindern in Grundschulen helfen, ihre Konflikte untereinander selbst\u00e4ndig und einvernehmlich zu l\u00f6sen. In der GS Klint ist an 4 Tagen in der Woche je ein Team bereit, die Kinder im &#8222;Raum der guten L\u00f6sungen&#8220; zu beraten und zu unterst\u00fctzen.<\/td>\n<\/tr>\n<tr>\n<td style=\"width: 405.85px\"><\/td>\n<\/tr>\n<\/tbody>\n<\/table>\n<p>&nbsp;<\/p>\n<p>&nbsp;<\/p>\n<p>&nbsp;<\/p>\n<p>&nbsp;<\/p>\n<p>&nbsp;<\/p>\n","protected":false},"excerpt":{"rendered":"<p>Herzlich willkommen auf der Homepage der Grundschule Klint Schulleitung: Rektor Holfeld\u00a0 \u00a0 \u00a0 \u00a0 \u00a0 \u00a0 komm. Konrektorin: Frau Wicke Die Grundschule Klint in Braunschweig wurde im Jahr 1961 erbaut und liegt im Magniviertel nahe des Stadtzentrums. Die Stadt Braunschweig als Schultr\u00e4gerin sorgt f\u00fcr eine kontinuierliche Modernisierung der Schule und bietet mit ca. 250.000 Einwohnerinnen &hellip; <a href=\"https:\/\/wordpress.nibis.de\/gs-klint\/ueber-uns\/\" class=\"more-link\"><span class=\"screen-reader-text\">\u00dcber uns<\/span> weiterlesen <span class=\"meta-nav\">&rarr;<\/span><\/a><\/p>\n","protected":false},"author":9192438,"featured_media":0,"parent":0,"menu_order":0,"comment_status":"closed","ping_status":"closed","template":"","meta":{"footnotes":""},"class_list":["post-16","page","type-page","status-publish","hentry"],"_links":{"self":[{"href":"https:\/\/wordpress.nibis.de\/gs-klint\/wp-json\/wp\/v2\/pages\/16","targetHints":{"allow":["GET"]}}],"collection":[{"href":"https:\/\/wordpress.nibis.de\/gs-klint\/wp-json\/wp\/v2\/pages"}],"about":[{"href":"https:\/\/wordpress.nibis.de\/gs-klint\/wp-json\/wp\/v2\/types\/page"}],"author":[{"embeddable":true,"href":"https:\/\/wordpress.nibis.de\/gs-klint\/wp-json\/wp\/v2\/users\/9192438"}],"replies":[{"embeddable":true,"href":"https:\/\/wordpress.nibis.de\/gs-klint\/wp-json\/wp\/v2\/comments?post=16"}],"version-history":[{"count":66,"href":"https:\/\/wordpress.nibis.de\/gs-klint\/wp-json\/wp\/v2\/pages\/16\/revisions"}],"predecessor-version":[{"id":4466,"href":"https:\/\/wordpress.nibis.de\/gs-klint\/wp-json\/wp\/v2\/pages\/16\/revisions\/4466"}],"wp:attachment":[{"href":"https:\/\/wordpress.nibis.de\/gs-klint\/wp-json\/wp\/v2\/media?parent=16"}],"curies":[{"name":"wp","href":"https:\/\/api.w.org\/{rel}","templated":true}]}}