{"id":1848,"date":"2017-10-28T20:19:48","date_gmt":"2017-10-28T19:19:48","guid":{"rendered":"http:\/\/wordpress.nibis.de\/gs-klint\/?page_id=1848"},"modified":"2019-12-05T16:12:13","modified_gmt":"2019-12-05T15:12:13","slug":"mint-2","status":"publish","type":"page","link":"https:\/\/wordpress.nibis.de\/gs-klint\/mint-2\/","title":{"rendered":"MINT"},"content":{"rendered":"<div class=\"page\" title=\"Page 1\">\n<div class=\"layoutArea\">\n<div class=\"column\">\n<p style=\"text-align: center\"><em>&#8222;Sage es mir, und ich werde es vergessen.<\/em><br \/>\n<em> Zeige es mir, und ich werde es vielleicht behalten.<br \/>\n<\/em><em>Lass es mich selbst tun, und ich werde es begreifen.&#8220; (Lao Tse)<\/em><\/p>\n<p style=\"text-align: center\"><strong>MINT <\/strong>(<strong>M<\/strong>athematik, <strong>I<\/strong>nformatik, <strong>N<\/strong>aturwissenschaften, <strong>T<\/strong>echnik)<br \/>\n\u2013 Forschen \u2013 Experimentieren \u2013 Technik \u2013<\/p>\n<p style=\"text-align: justify\">Kinder und Jugendliche wachsen heute in einer Welt auf, die durch Simulation, Informationsflut und Zeitmangel gepr\u00e4gt ist. Das eigene unmittelbare Erleben, das Ausprobieren und altersgem\u00e4\u00dfe Forschen finden immer weniger Raum. In der Folge verk\u00fcmmert die F\u00e4higkeit, selbstst\u00e4ndig zu erkunden, Hypothesen zu entwickeln und kreative L\u00f6sungen zu finden. Genau diese Kompetenzen werden aber f\u00fcr eine zukunftsf\u00e4hige Gesellschaft gebraucht.<\/p>\n<\/div>\n<p style=\"text-align: justify\">Die Grundschule Klint bietet neben der Forscherwerkstatt das Experimentieren im Rahmen der Miniph\u00e4nomenta (jeden Montag und Dienstag w\u00e4hrend der Hofpausen) an.<\/p>\n<p style=\"text-align: justify\">Weitere Informationen zu dem Thema finden Sie <a href=\"https:\/\/wordpress.nibis.de\/gs-klint\/files\/MINT.pdf\" target=\"_blank\" rel=\"noopener noreferrer\"><strong>hier<\/strong><\/a>.<\/p>\n<\/div>\n<\/div>\n","protected":false},"excerpt":{"rendered":"<p>&#8222;Sage es mir, und ich werde es vergessen. Zeige es mir, und ich werde es vielleicht behalten. Lass es mich selbst tun, und ich werde es begreifen.&#8220; (Lao Tse) MINT (Mathematik, Informatik, Naturwissenschaften, Technik) \u2013 Forschen \u2013 Experimentieren \u2013 Technik \u2013 Kinder und Jugendliche wachsen heute in einer Welt auf, die durch Simulation, Informationsflut und &hellip; <a href=\"https:\/\/wordpress.nibis.de\/gs-klint\/mint-2\/\" class=\"more-link\"><span class=\"screen-reader-text\">MINT<\/span> weiterlesen <span class=\"meta-nav\">&rarr;<\/span><\/a><\/p>\n","protected":false},"author":9192438,"featured_media":0,"parent":0,"menu_order":0,"comment_status":"closed","ping_status":"closed","template":"","meta":{"footnotes":""},"class_list":["post-1848","page","type-page","status-publish","hentry"],"_links":{"self":[{"href":"https:\/\/wordpress.nibis.de\/gs-klint\/wp-json\/wp\/v2\/pages\/1848","targetHints":{"allow":["GET"]}}],"collection":[{"href":"https:\/\/wordpress.nibis.de\/gs-klint\/wp-json\/wp\/v2\/pages"}],"about":[{"href":"https:\/\/wordpress.nibis.de\/gs-klint\/wp-json\/wp\/v2\/types\/page"}],"author":[{"embeddable":true,"href":"https:\/\/wordpress.nibis.de\/gs-klint\/wp-json\/wp\/v2\/users\/9192438"}],"replies":[{"embeddable":true,"href":"https:\/\/wordpress.nibis.de\/gs-klint\/wp-json\/wp\/v2\/comments?post=1848"}],"version-history":[{"count":10,"href":"https:\/\/wordpress.nibis.de\/gs-klint\/wp-json\/wp\/v2\/pages\/1848\/revisions"}],"predecessor-version":[{"id":2797,"href":"https:\/\/wordpress.nibis.de\/gs-klint\/wp-json\/wp\/v2\/pages\/1848\/revisions\/2797"}],"wp:attachment":[{"href":"https:\/\/wordpress.nibis.de\/gs-klint\/wp-json\/wp\/v2\/media?parent=1848"}],"curies":[{"name":"wp","href":"https:\/\/api.w.org\/{rel}","templated":true}]}}