{"id":1855,"date":"2017-10-28T20:29:28","date_gmt":"2017-10-28T19:29:28","guid":{"rendered":"http:\/\/wordpress.nibis.de\/gs-klint\/?page_id=1855"},"modified":"2019-11-20T15:22:02","modified_gmt":"2019-11-20T14:22:02","slug":"medien","status":"publish","type":"page","link":"https:\/\/wordpress.nibis.de\/gs-klint\/medien\/","title":{"rendered":"Medien"},"content":{"rendered":"<p class=\"western\"><span style=\"color: #000000\"><span style=\"font-family: Arial, sans-serif\"><b>Umgang mit Medien zur St\u00e4rkung der Schulkinder in ihrer Medienkompetenz <\/b><\/span><\/span><\/p>\n<p class=\"western\" align=\"justify\"><span style=\"color: #000000\"><span style=\"font-family: Arial, sans-serif\">Im Unterricht der F\u00e4cher Deutsch und Sachunterricht ist die Medienerziehung bereits verankert und findet Ber\u00fccksichtigung. Auch eine seit vielen Jahren bew\u00e4hrte \u201ePC-AG\u201c am Vormittag wird f\u00fcr die Jahrg\u00e4nge 3 und 4 den Schulkindern angeboten. F\u00fcr die Arbeit an der Grundschule Klint wird als papierloses Kommunikationsmedium der Schulserver <\/span><\/span><span style=\"color: #000000\"><span style=\"font-family: Arial, sans-serif\"><b>\u201eIServ\u201c<\/b><\/span><\/span><span style=\"color: #000000\"><span style=\"font-family: Arial, sans-serif\"> genutzt.<\/span><\/span><\/p>\n<ul>\n<li>\n<p align=\"justify\"><span style=\"color: #000000\"><span style=\"font-family: Arial, sans-serif\">Sch\u00fclerinnen und Sch\u00fcler werden mit dem Umgang der \u201eneuen Medien\u201c, <\/span><\/span><\/p>\n<\/li>\n<\/ul>\n<p align=\"justify\"><span style=\"color: #000000\"><span style=\"font-family: Arial, sans-serif\"><b>Informations- und Kommunikationstechniken in ihren Grundz\u00fcgen<\/b><\/span><\/span> <span style=\"color: #000000\"><span style=\"font-family: Arial, sans-serif\">vertraut gemacht: Handhabung des Computers, Beschaffung von Informationen aus dem Internet, Erkennen der Verantwortung zu den Themen Datenschutz, Urheberrecht und sozialer Netzwerke.<\/span><\/span><\/p>\n<ul>\n<li>\n<p align=\"justify\"><span style=\"color: #000000\"><span style=\"font-family: Arial, sans-serif\">Medienerziehung als Bildungs- und Erziehungsaufgabe wird im Unterricht an der Grundschule Klint angemessen ber\u00fccksichtigt, auch mit Hilfe moderner Hard- und Software. Dabei wird die <\/span><\/span><span style=\"color: #000000\"><span style=\"font-family: Arial, sans-serif\"><b>Handlungskompetenz<\/b><\/span><\/span><span style=\"color: #000000\"><span style=\"font-family: Arial, sans-serif\"> der Schulkinder erweitert:<br \/>\nSie nutzen den PC als Werkzeug ..<\/span><\/span><\/p>\n<\/li>\n<\/ul>\n<ul>\n<li>\n<p align=\"justify\"><span style=\"color: #000000\"><span style=\"font-family: Arial, sans-serif\">zur <\/span><\/span><span style=\"color: #000000\"><span style=\"font-family: Arial, sans-serif\"><b>Medienproduktion <\/b><\/span><\/span><span style=\"color: #000000\"><span style=\"font-family: Arial, sans-serif\">wie Zeichnen, Schreiben, Pr\u00e4sentieren, Bearbeiten.<\/span><\/span><\/p>\n<\/li>\n<li>\n<p align=\"justify\"><span style=\"color: #000000\"><span style=\"font-family: Arial, sans-serif\">als <\/span><\/span><span style=\"color: #000000\"><span style=\"font-family: Arial, sans-serif\"><b>Informationsquelle<\/b><\/span><\/span><span style=\"color: #000000\"><span style=\"font-family: Arial, sans-serif\"> zum Recherchieren mit Hilfe des Internets.<\/span><\/span><\/p>\n<\/li>\n<li>\n<p align=\"justify\"><span style=\"color: #000000\"><span style=\"font-family: Arial, sans-serif\">als <\/span><\/span><span style=\"color: #000000\"><span style=\"font-family: Arial, sans-serif\"><b>Kommunikationsquelle <\/b><\/span><\/span><span style=\"color: #000000\"><span style=\"font-family: Arial, sans-serif\">(E-Mails schreiben und beantworten).<\/span><\/span><\/p>\n<\/li>\n<li>\n<p align=\"justify\"><span style=\"color: #000000\"><span style=\"font-family: Arial, sans-serif\">als \u00dcbungsmedium zum selbstst\u00e4ndigen \u00dcben und <\/span><\/span><span style=\"color: #000000\"><span style=\"font-family: Arial, sans-serif\"><b>Lernen mit Hilfe von Lernsoftware.<\/b><\/span><\/span><\/p>\n<\/li>\n<\/ul>\n<ul>\n<li>\n<p align=\"justify\"><span style=\"color: #000000\"><span style=\"font-family: Arial, sans-serif\">Ziel ist das Erreichen einer dem Alter der Grundschulkinder angemessene Handlungs- und Medienkompetenz sowie eine <\/span><\/span><span style=\"color: #000000\"><span style=\"font-family: Arial, sans-serif\"><b>reflexive Kompetenz<\/b><\/span><\/span><span style=\"color: #000000\"><span style=\"font-family: Arial, sans-serif\"><span style=\"font-size: large\">:<\/span><\/span><\/span><\/p>\n<\/li>\n<\/ul>\n<ul>\n<li>\n<p align=\"justify\"><span style=\"color: #000000\"><span style=\"font-family: Arial, sans-serif\">sinnvolle Auswahl und Nutzung der Medienangebote<\/span><\/span><\/p>\n<\/li>\n<li>\n<p align=\"justify\"><span style=\"color: #000000\"><span style=\"font-family: Arial, sans-serif\">verstehen und bewerten von Medienbotschaften<\/span><\/span><\/p>\n<\/li>\n<li>\n<p align=\"justify\"><span style=\"color: #000000\"><span style=\"font-family: Arial, sans-serif\">sichten und unter Ber\u00fccksichtigung der M\u00f6glichkeiten von Grundschulkindern erstes Erkennen von Medieneinfl\u00fcssen im Internet, Radio, Fernsehen u.a.<\/span><\/span><\/p>\n<\/li>\n<li>\n<p align=\"justify\"><span style=\"color: #000000\"><span style=\"font-family: Arial, sans-serif\">unterscheiden von Privatheit und \u00d6ffentlichkeit <\/span><\/span><\/p>\n<\/li>\n<\/ul>\n<p>&nbsp;<\/p>\n","protected":false},"excerpt":{"rendered":"<p>Umgang mit Medien zur St\u00e4rkung der Schulkinder in ihrer Medienkompetenz Im Unterricht der F\u00e4cher Deutsch und Sachunterricht ist die Medienerziehung bereits verankert und findet Ber\u00fccksichtigung. Auch eine seit vielen Jahren bew\u00e4hrte \u201ePC-AG\u201c am Vormittag wird f\u00fcr die Jahrg\u00e4nge 3 und 4 den Schulkindern angeboten. F\u00fcr die Arbeit an der Grundschule Klint wird als papierloses Kommunikationsmedium &hellip; <a href=\"https:\/\/wordpress.nibis.de\/gs-klint\/medien\/\" class=\"more-link\"><span class=\"screen-reader-text\">Medien<\/span> weiterlesen <span class=\"meta-nav\">&rarr;<\/span><\/a><\/p>\n","protected":false},"author":9192438,"featured_media":0,"parent":0,"menu_order":0,"comment_status":"closed","ping_status":"closed","template":"","meta":{"footnotes":""},"class_list":["post-1855","page","type-page","status-publish","hentry"],"_links":{"self":[{"href":"https:\/\/wordpress.nibis.de\/gs-klint\/wp-json\/wp\/v2\/pages\/1855","targetHints":{"allow":["GET"]}}],"collection":[{"href":"https:\/\/wordpress.nibis.de\/gs-klint\/wp-json\/wp\/v2\/pages"}],"about":[{"href":"https:\/\/wordpress.nibis.de\/gs-klint\/wp-json\/wp\/v2\/types\/page"}],"author":[{"embeddable":true,"href":"https:\/\/wordpress.nibis.de\/gs-klint\/wp-json\/wp\/v2\/users\/9192438"}],"replies":[{"embeddable":true,"href":"https:\/\/wordpress.nibis.de\/gs-klint\/wp-json\/wp\/v2\/comments?post=1855"}],"version-history":[{"count":7,"href":"https:\/\/wordpress.nibis.de\/gs-klint\/wp-json\/wp\/v2\/pages\/1855\/revisions"}],"predecessor-version":[{"id":2753,"href":"https:\/\/wordpress.nibis.de\/gs-klint\/wp-json\/wp\/v2\/pages\/1855\/revisions\/2753"}],"wp:attachment":[{"href":"https:\/\/wordpress.nibis.de\/gs-klint\/wp-json\/wp\/v2\/media?parent=1855"}],"curies":[{"name":"wp","href":"https:\/\/api.w.org\/{rel}","templated":true}]}}