{"id":1888,"date":"2017-10-28T22:02:45","date_gmt":"2017-10-28T21:02:45","guid":{"rendered":"http:\/\/wordpress.nibis.de\/gs-klint\/?page_id=1888"},"modified":"2026-04-13T13:51:18","modified_gmt":"2026-04-13T12:51:18","slug":"ferienbetreuung","status":"publish","type":"page","link":"https:\/\/wordpress.nibis.de\/gs-klint\/ferienbetreuung\/","title":{"rendered":"Ferienbetreuung und Schlie\u00dfzeiten"},"content":{"rendered":"<p><strong>Ferienbetreuung f\u00fcr Schulkinder der Betreuungsgruppen<\/strong><\/p>\n<p><em>Blau\u00a0 \u00a0 \u00a0 Bordeaux\u00a0 \u00a0 \u00a0 \u00a0Gelb\u00a0 \u00a0 \u00a0 \u00a0Gr\u00fcn\u00a0 \u00a0 \u00a0 Lila\u00a0 \u00a0 \u00a0 Orange\u00a0 \u00a0 \u00a0Rot\u00a0 \u00a0 \u00a0T\u00fcrkis<\/em><\/p>\n<p>nur nach Anmeldung \u00fcber das Team um Frau Metzger.<\/p>\n<p><strong>Schlie\u00dfzeiten\u00a0 und\u00a0 Ferienbetreuung Mai 2026 &#8211; Januar 2027:<\/strong><\/p>\n<table style=\"width: 105.796%;height: 580px\" width=\"111%\">\n<tbody>\n<tr style=\"height: 1434px\">\n<td style=\"width: 1.85637%;height: 580px\" width=\"1%\"><\/td>\n<td style=\"width: 98.6163%;height: 580px\" width=\"99%\"><strong>Mai 2026:<\/strong><\/p>\n<p><strong>1.5.: Maifeiertag &#8211; Schule geschlossen &#8211;<\/strong><\/p>\n<p><strong>14.5.: Christi Himmelfahrt: Feiertag &#8211; Schule geschlossen &#8211;<\/strong><\/p>\n<p><strong>15.5.: Ferienbetreuung<\/strong><\/p>\n<p><strong>25.5.: Pfingstmontag: Feiertag &#8211; Schule geschlossen &#8211;\u00a0<\/strong><\/p>\n<p><strong>26.5.: Ferienbetreuung<\/strong><\/p>\n<p><strong>Juli \/ August 2026:<\/strong><\/p>\n<p><strong>1.7.:\u00a0<\/strong><strong>Zeugnistag; der Unterricht endet um 11 Uhr. Ab 11 Uhr: Ferienbetreuung nach Anmeldung<\/strong><\/p>\n<p><strong>2.7. &#8211; 17.7.: Ferienbetreuung<\/strong><\/p>\n<p><strong>20.7. &#8211; 10.8.: Schule geschlossen<\/strong><\/p>\n<p><strong>11. und 12.8.: Ferienbetreuung<\/strong><\/p>\n<p><strong>Do 13. August: Beginn des Schuljahres 2026\/27<\/strong><\/p>\n<p><strong><em>Sa 15. August: Einschulungsfeier der neuen 1. Klassen<\/em><\/strong><\/p>\n<p><strong><u>Oktober 2026:<\/u><\/strong><\/p>\n<p><strong>12.10. \u2013 23.10.: Ferienbetreuung<\/strong><\/p>\n<p><strong><u>Dezember 2026 \/ Januar 2027:<\/u><\/strong><\/p>\n<p><strong>23.12.2026 &#8211; 1.1.2027:\u00a0 <\/strong><strong>Schule geschlossen\u00a0<\/strong><\/p>\n<p><strong>4.1. &#8211; 8.1.2027: Ferienbetreuung<\/strong><\/p>\n<p><strong><em>Alle Angaben sind ohne Gew\u00e4hr.<\/em><\/strong><\/td>\n<\/tr>\n<\/tbody>\n<\/table>\n<p>&nbsp;<\/p>\n<p><strong>Kooperationspartner<\/strong><br \/>\nEv.-luth. Propstei Braunschweig<br \/>\nKirchengemeinde St. Magni<\/p>\n<p><strong>Leitung der au\u00dferschulischen Betreuungsgruppen<br \/>\n<\/strong>Angelique Metzger\u00a0 \u00a0E-Mail: angi.metzger(\u00e4t)gs-klint.de<\/p>\n<p style=\"text-align: justify\">Der Kooperationspartner der Grundschule Klint, die Ev.-luth. Propstei, bietet eine <strong>Ferienbetreuung<\/strong> f\u00fcr die Sch\u00fclerinnen und Sch\u00fcler an, die f\u00fcr die Ganztagsbetreuung angemeldet sind.<\/p>\n<p style=\"text-align: justify\">\u201eGanztagskinder\u201c erhalten rechtzeitig vor den Ferien ein Formular zur Bedarfsabfrage. Mit diesem Formular melden Sie Ihr Kind verbindlich f\u00fcr ausgew\u00e4hlte Ferientage an.<\/p>\n<p>&nbsp;<\/p>\n<p>&nbsp;<\/p>\n","protected":false},"excerpt":{"rendered":"<p>Ferienbetreuung f\u00fcr Schulkinder der Betreuungsgruppen Blau\u00a0 \u00a0 \u00a0 Bordeaux\u00a0 \u00a0 \u00a0 \u00a0Gelb\u00a0 \u00a0 \u00a0 \u00a0Gr\u00fcn\u00a0 \u00a0 \u00a0 Lila\u00a0 \u00a0 \u00a0 Orange\u00a0 \u00a0 \u00a0Rot\u00a0 \u00a0 \u00a0T\u00fcrkis nur nach Anmeldung \u00fcber das Team um Frau Metzger. Schlie\u00dfzeiten\u00a0 und\u00a0 Ferienbetreuung Mai 2026 &#8211; Januar 2027: Mai 2026: 1.5.: Maifeiertag &#8211; Schule geschlossen &#8211; 14.5.: Christi Himmelfahrt: Feiertag &#8211; &hellip; <a href=\"https:\/\/wordpress.nibis.de\/gs-klint\/ferienbetreuung\/\" class=\"more-link\"><span class=\"screen-reader-text\">Ferienbetreuung und Schlie\u00dfzeiten<\/span> weiterlesen <span class=\"meta-nav\">&rarr;<\/span><\/a><\/p>\n","protected":false},"author":9192438,"featured_media":0,"parent":0,"menu_order":0,"comment_status":"closed","ping_status":"closed","template":"","meta":{"footnotes":""},"class_list":["post-1888","page","type-page","status-publish","hentry"],"_links":{"self":[{"href":"https:\/\/wordpress.nibis.de\/gs-klint\/wp-json\/wp\/v2\/pages\/1888","targetHints":{"allow":["GET"]}}],"collection":[{"href":"https:\/\/wordpress.nibis.de\/gs-klint\/wp-json\/wp\/v2\/pages"}],"about":[{"href":"https:\/\/wordpress.nibis.de\/gs-klint\/wp-json\/wp\/v2\/types\/page"}],"author":[{"embeddable":true,"href":"https:\/\/wordpress.nibis.de\/gs-klint\/wp-json\/wp\/v2\/users\/9192438"}],"replies":[{"embeddable":true,"href":"https:\/\/wordpress.nibis.de\/gs-klint\/wp-json\/wp\/v2\/comments?post=1888"}],"version-history":[{"count":50,"href":"https:\/\/wordpress.nibis.de\/gs-klint\/wp-json\/wp\/v2\/pages\/1888\/revisions"}],"predecessor-version":[{"id":4938,"href":"https:\/\/wordpress.nibis.de\/gs-klint\/wp-json\/wp\/v2\/pages\/1888\/revisions\/4938"}],"wp:attachment":[{"href":"https:\/\/wordpress.nibis.de\/gs-klint\/wp-json\/wp\/v2\/media?parent=1888"}],"curies":[{"name":"wp","href":"https:\/\/api.w.org\/{rel}","templated":true}]}}