{"id":1892,"date":"2017-10-28T22:11:35","date_gmt":"2017-10-28T21:11:35","guid":{"rendered":"http:\/\/wordpress.nibis.de\/gs-klint\/?page_id=1892"},"modified":"2019-02-06T19:32:27","modified_gmt":"2019-02-06T18:32:27","slug":"seniorpartner-in-school-sis","status":"publish","type":"page","link":"https:\/\/wordpress.nibis.de\/gs-klint\/seniorpartner-in-school-sis\/","title":{"rendered":"Seniorpartner in School (SiS)"},"content":{"rendered":"<p style=\"text-align: justify\"><a href=\"http:\/\/www.sis-niedersachsen.de\/\" target=\"_blank\" rel=\"noopener\">Seniorpartner in School <\/a>(SiS) e.V. hat es sich zur Aufgabe gemacht, den Kindern und Jugendlichen in den Schulen zu helfen, ihre Konflikte gewaltfrei zu l\u00f6sen und ihre pers\u00f6nliche und soziale Kompetenz zu st\u00e4rken. Das erreichen die Seniorpartner durch Mediation und l\u00e4ngerfristige Begleitung der Kinder. In der GS Klint ist an 4 Tagen in der Woche je ein Team bereit, die Kinder zu beraten und zu unterst\u00fctzen.<\/p>\n","protected":false},"excerpt":{"rendered":"<p>Seniorpartner in School (SiS) e.V. hat es sich zur Aufgabe gemacht, den Kindern und Jugendlichen in den Schulen zu helfen, ihre Konflikte gewaltfrei zu l\u00f6sen und ihre pers\u00f6nliche und soziale Kompetenz zu st\u00e4rken. Das erreichen die Seniorpartner durch Mediation und l\u00e4ngerfristige Begleitung der Kinder. In der GS Klint ist an 4 Tagen in der Woche &hellip; <a href=\"https:\/\/wordpress.nibis.de\/gs-klint\/seniorpartner-in-school-sis\/\" class=\"more-link\"><span class=\"screen-reader-text\">Seniorpartner in School (SiS)<\/span> weiterlesen <span class=\"meta-nav\">&rarr;<\/span><\/a><\/p>\n","protected":false},"author":9192438,"featured_media":0,"parent":0,"menu_order":0,"comment_status":"closed","ping_status":"closed","template":"","meta":{"footnotes":""},"class_list":["post-1892","page","type-page","status-publish","hentry"],"_links":{"self":[{"href":"https:\/\/wordpress.nibis.de\/gs-klint\/wp-json\/wp\/v2\/pages\/1892","targetHints":{"allow":["GET"]}}],"collection":[{"href":"https:\/\/wordpress.nibis.de\/gs-klint\/wp-json\/wp\/v2\/pages"}],"about":[{"href":"https:\/\/wordpress.nibis.de\/gs-klint\/wp-json\/wp\/v2\/types\/page"}],"author":[{"embeddable":true,"href":"https:\/\/wordpress.nibis.de\/gs-klint\/wp-json\/wp\/v2\/users\/9192438"}],"replies":[{"embeddable":true,"href":"https:\/\/wordpress.nibis.de\/gs-klint\/wp-json\/wp\/v2\/comments?post=1892"}],"version-history":[{"count":2,"href":"https:\/\/wordpress.nibis.de\/gs-klint\/wp-json\/wp\/v2\/pages\/1892\/revisions"}],"predecessor-version":[{"id":2492,"href":"https:\/\/wordpress.nibis.de\/gs-klint\/wp-json\/wp\/v2\/pages\/1892\/revisions\/2492"}],"wp:attachment":[{"href":"https:\/\/wordpress.nibis.de\/gs-klint\/wp-json\/wp\/v2\/media?parent=1892"}],"curies":[{"name":"wp","href":"https:\/\/api.w.org\/{rel}","templated":true}]}}