{"id":1895,"date":"2017-10-28T22:17:19","date_gmt":"2017-10-28T21:17:19","guid":{"rendered":"http:\/\/wordpress.nibis.de\/gs-klint\/?page_id=1895"},"modified":"2024-02-27T20:24:50","modified_gmt":"2024-02-27T19:24:50","slug":"schulweg","status":"publish","type":"page","link":"https:\/\/wordpress.nibis.de\/gs-klint\/schulweg\/","title":{"rendered":"Schulweg"},"content":{"rendered":"<p class=\"western\" align=\"justify\"><span style=\"color: #141412\"><span style=\"font-family: Arial, sans-serif\">Erziehungsberechtigte \u00fcbern mit Ihrem Kind das verkehrsgerechte Verhalten auf dem Schulweg bereits VOR Eintritt in die Grundschule. <\/span><\/span><\/p>\n<p class=\"western\" align=\"justify\"><span style=\"color: #141412\"><span style=\"font-family: Arial, sans-serif\">Jedes Schulkind muss seinen Schulweg nach M\u00f6glichkeit sicher und selbstst\u00e4ndig bew\u00e4ltigen k\u00f6nnen; idealerweise zu Fu\u00df. <\/span><\/span><\/p>\n<p class=\"western\" align=\"justify\"><span style=\"color: #141412\"><span style=\"font-family: Arial, sans-serif\">Dazu geh\u00f6rt auch, dass das Schulkind seinen Schulranzen selbst tr\u00e4gt. T\u00e4gliches Tragen des Ranzens f\u00fcr eine begrenzte Dauer st\u00e4rkt die R\u00fcckenmuskulatur und die Haltung des Kindes.<\/span><\/span><\/p>\n<p class=\"western\" align=\"justify\"><span style=\"color: #141412\"><span style=\"font-family: Arial, sans-serif\">Wenn ein Kind au\u00dferhalb des Schulbezirks wohnt, kann es von den Eltern in der N\u00e4he der Schule, aber bitte nicht direkt vor der Schule, abgesetzt werden. Die letzten Meter selbst zu laufen, st\u00e4rkt das Verantwortungsgef\u00fchl des Kindes. Zudem werden vermeidbare Gefahrensituationen direkt vor der Schule reduziert und die Anwohner des Magniviertels sind dankbar um jede vermeidbare Verkehrslast.<\/span><\/span><\/p>\n<p class=\"western\" align=\"justify\"><span style=\"color: #141412\"><span style=\"font-family: Arial, sans-serif\"><b>Vorteile des Zu Fu\u00df Gehens<\/b><\/span><\/span><span style=\"color: #141412\"><span style=\"font-family: Arial, sans-serif\"> (s. auch: <\/span><\/span><a href=\"http:\/\/www.zufusszurschule.de\/vorteile\/36-1\/zfzs-kategorie-unter\/66-schulwegsicherung.html\" target=\"_blank\" rel=\"noopener noreferrer\"><span style=\"color: #bc360a\"><span style=\"font-family: Arial, sans-serif\"><u>www.zufusszurschule.de<\/u><\/span><\/span><\/a><span style=\"color: #141412\"><span style=\"font-family: Arial, sans-serif\">)<\/span><\/span><\/p>\n<ul>\n<li>\n<p class=\"western\" align=\"justify\"><span style=\"color: #141412\"><span style=\"font-family: Arial, sans-serif\">Kinder, die sich bewegen, k\u00f6nnen besser lernen.<\/span><\/span><\/p>\n<\/li>\n<li>\n<p class=\"western\" align=\"justify\"><span style=\"color: #141412\"><span style=\"font-family: Arial, sans-serif\">Die Kinder k\u00f6nnen sich mit ihrer Umgebung vertraut machen, verlieren \u00c4ngste, tragen ihre Konflikte untereinander aus.<\/span><\/span><\/p>\n<\/li>\n<li>\n<p class=\"western\" align=\"justify\"><span style=\"color: #141412\"><span style=\"font-family: Arial, sans-serif\">Kinder haben die M\u00f6glichkeit, beim Gehen Freundschaften zu erschlie\u00dfen \/ zu vertiefen. Wenn Eltern oder Gro\u00dfeltern ihr Kind zu Fu\u00df begleiten, dient dies dem direkten Austausch zwischen den Generationen; beim Autofahrerin hingegen lenkt das Verkehrsgeschehen vom Gespr\u00e4ch mit dem Schulkind ab und auch das statistische Gef\u00e4hrdungspotenzial ist im PKW weit h\u00f6her als auf dem Fu\u00dfweg.<\/span><\/span><\/p>\n<\/li>\n<li>\n<p class=\"western\" align=\"justify\"><span style=\"color: #141412\"><span style=\"font-family: Arial, sans-serif\">Kinder lernen, auf das Verkehrsgeschehen angemessen zu reagieren \u2013 das ist der beste Schutz, den man den Kindern bieten kann.<\/span><\/span><\/p>\n<\/li>\n<li>\n<p class=\"western\" align=\"justify\"><span style=\"color: #141412\"><span style=\"font-family: Arial, sans-serif\">Kinder brauchen den Freiraum zwischen Schule und Elternhaus, sie erobern sich damit ihre Umgebung und entwickeln ein Gesp\u00fcr f\u00fcr die R\u00e4ume und Weiten von Wohnort und Schule.<\/span><\/span><\/p>\n<\/li>\n<\/ul>\n<p class=\"western\" align=\"justify\"><span style=\"color: #141412\"><span style=\"font-family: Arial, sans-serif\"><b>Eltern-Tipps:<br \/>\n<\/b><\/span><\/span><\/p>\n<ul>\n<li>\n<p class=\"western\" align=\"justify\"><span style=\"color: #141412\"><span style=\"font-family: Arial, sans-serif\">Wir m\u00f6chten Mut machen, jedes Schulkind schrittweise loszulassen. <\/span><\/span><\/p>\n<\/li>\n<li>\n<p class=\"western\" align=\"justify\"><span style=\"color: #141412\"><span style=\"font-family: Arial, sans-serif\">Die Erziehungsberechtigten sollen ihrem Kind zeigen, dass Sie ihm etwas zutrauen, z. B. in der selbstst\u00e4ndigen Bew\u00e4ltigung des eigenen Schulweges. So werden Selbstvertrauen gest\u00e4rkt und Freundschaften leichter gekn\u00fcpft.<\/span><\/span><\/p>\n<\/li>\n<li>\n<p class=\"western\" align=\"justify\"><span style=\"color: #141412\"><span style=\"font-family: Arial, sans-serif\">Ihr Kind sollte den Schulweg in der Regel zu Fu\u00df und m\u00f6glichst bald selbstst\u00e4ndig bew\u00e4ltigen k\u00f6nnen. Dazu geh\u00f6rt auch, dass es seinen Schulranzen selbst tr\u00e4gt. T\u00e4gliches Tragen der Schultasche f\u00fcr kurze Zeit st\u00e4rkt \u2013 auch ohne extra Sport \u2013 die R\u00fcckenmuskulatur und Haltung des Kindes.<\/span><\/span><\/p>\n<\/li>\n<li>\n<p class=\"western\" align=\"justify\"><span style=\"color: #141412\"><span style=\"font-family: Arial, sans-serif\">Wenn ein Kind au\u00dferhalb des Schulbezirks wohnt, kann es von den Eltern in der N\u00e4he der Schule abgesetzt werden, um zumindest einen eigenen kurzen Schulweg zu haben. Bis direkt vor den Schuleingang gefahren zu werden ist im Grundschulalter f\u00fcr Kinder nicht mehr notwendig.<\/span><\/span><\/p>\n<\/li>\n<\/ul>\n<p><strong><a href=\"https:\/\/wordpress.nibis.de\/gs-klint\/files\/So_kommen_wir_zur_Schule.pdf\" target=\"_blank\" rel=\"noopener\">So kommen wir zur Schule<\/a><\/strong><\/p>\n","protected":false},"excerpt":{"rendered":"<p>Erziehungsberechtigte \u00fcbern mit Ihrem Kind das verkehrsgerechte Verhalten auf dem Schulweg bereits VOR Eintritt in die Grundschule. Jedes Schulkind muss seinen Schulweg nach M\u00f6glichkeit sicher und selbstst\u00e4ndig bew\u00e4ltigen k\u00f6nnen; idealerweise zu Fu\u00df. Dazu geh\u00f6rt auch, dass das Schulkind seinen Schulranzen selbst tr\u00e4gt. T\u00e4gliches Tragen des Ranzens f\u00fcr eine begrenzte Dauer st\u00e4rkt die R\u00fcckenmuskulatur und die &hellip; <a href=\"https:\/\/wordpress.nibis.de\/gs-klint\/schulweg\/\" class=\"more-link\"><span class=\"screen-reader-text\">Schulweg<\/span> weiterlesen <span class=\"meta-nav\">&rarr;<\/span><\/a><\/p>\n","protected":false},"author":9192438,"featured_media":0,"parent":0,"menu_order":0,"comment_status":"closed","ping_status":"closed","template":"","meta":{"footnotes":""},"class_list":["post-1895","page","type-page","status-publish","hentry"],"_links":{"self":[{"href":"https:\/\/wordpress.nibis.de\/gs-klint\/wp-json\/wp\/v2\/pages\/1895","targetHints":{"allow":["GET"]}}],"collection":[{"href":"https:\/\/wordpress.nibis.de\/gs-klint\/wp-json\/wp\/v2\/pages"}],"about":[{"href":"https:\/\/wordpress.nibis.de\/gs-klint\/wp-json\/wp\/v2\/types\/page"}],"author":[{"embeddable":true,"href":"https:\/\/wordpress.nibis.de\/gs-klint\/wp-json\/wp\/v2\/users\/9192438"}],"replies":[{"embeddable":true,"href":"https:\/\/wordpress.nibis.de\/gs-klint\/wp-json\/wp\/v2\/comments?post=1895"}],"version-history":[{"count":7,"href":"https:\/\/wordpress.nibis.de\/gs-klint\/wp-json\/wp\/v2\/pages\/1895\/revisions"}],"predecessor-version":[{"id":4176,"href":"https:\/\/wordpress.nibis.de\/gs-klint\/wp-json\/wp\/v2\/pages\/1895\/revisions\/4176"}],"wp:attachment":[{"href":"https:\/\/wordpress.nibis.de\/gs-klint\/wp-json\/wp\/v2\/media?parent=1895"}],"curies":[{"name":"wp","href":"https:\/\/api.w.org\/{rel}","templated":true}]}}