{"id":1905,"date":"2017-10-28T22:31:36","date_gmt":"2017-10-28T21:31:36","guid":{"rendered":"http:\/\/wordpress.nibis.de\/gs-klint\/?page_id=1905"},"modified":"2026-03-05T08:30:17","modified_gmt":"2026-03-05T07:30:17","slug":"mittagessen","status":"publish","type":"page","link":"https:\/\/wordpress.nibis.de\/gs-klint\/mittagessen\/","title":{"rendered":"Mittagessen"},"content":{"rendered":"<p style=\"text-align: justify\">Das Mittagessen in der Mensa der Grundschule Klint<\/p>\n<p style=\"text-align: justify\">Es wird von &#8222;Apetito Catering&#8220; in unserer schuleigenen K\u00fcche zubereitet. In unserer Schulmensa essen alle Schulkinder, die f\u00fcr eine Ganztagsbetreuung angemeldet sind. An festen Tischgruppen von 4 &#8211; 8 Kindern wird gemeinsam unter Aufsicht und Begleitung von Betreuungskr\u00e4ften in der Mittagszeit nach Unterrichtsende und vor Beginn der Nachmittagsangebote gegessen:<\/p>\n<p>Die Jahrg\u00e4nge 1 und 2 essen im Zeitraum von 12 &#8211;\u00a0 13 Uhr (Jg. 2: Mi und Fr bis 14 Uhr).<\/p>\n<p>Die Jahrg\u00e4nge 3 und 4\u00a0 essen in der Zeit von 13 bis 14 Uhr.<\/p>\n<p style=\"text-align: justify\">Die Anmeldung und Abrechnung erfolgt online \u00fcber MensaMax bei der Stadt Braunschweig. Familien, die als Bedarfsgemeinschaften Leistungen nach dem SGB II, dem SGB XII oder dem Asylbewerberleistungsgesetz erhalten, k\u00f6nnen eine Erm\u00e4\u00dfigung der Beitr\u00e4ge beantragen.<\/p>\n<p style=\"text-align: justify\">Wenn Ihr Kind fehlt oder auf Klassenfahrt ist, k\u00f6nnen Sie Ihr Kind online \u00fcber die Zahlungsstelle &#8222;MensaMax&#8220; von der Teilnahme am Essen bis sp\u00e4testens 8 Uhr des jeweiligen Tages abmelden.<\/p>\n<p>Hier finden Sie weitere Hinweise zum Mittagessen:<\/p>\n<p><strong><a href=\"https:\/\/wordpress.nibis.de\/gs-klint\/files\/Mensaregeln_2024.pdf\">Mensaregeln<\/a><\/strong><\/p>\n<p><strong><a href=\"https:\/\/mensamax.de\/schulen\/allgemein\/mensamax-fuer-schulen\/\" target=\"_blank\" rel=\"noopener noreferrer\"><span style=\"color: #800000\">Mensa Max Homepage<\/span><\/a><\/strong><\/p>\n<p><a href=\"https:\/\/wordpress.nibis.de\/gs-klint\/files\/Handbuch_MensaMax_Eltern.pdf\" target=\"_blank\" rel=\"noopener noreferrer\"><span style=\"color: #800000\"><strong>Handbuch MensaMax<\/strong><\/span><\/a><\/p>\n<p><strong><a href=\"https:\/\/wordpress.nibis.de\/gs-klint\/files\/Stadt-BS_Umstellung_Zahlung_Mittagessen_Guthabenprinzip_2025.pdf\">Stadt BS_Umstellung_Zahlung_Mittagessen_Guthabenprinzip_2025<\/a><\/strong><\/p>\n<p><strong>Anleitung Anmeldung MensaMax:<\/strong><\/p>\n<p><a href=\"https:\/\/wordpress.nibis.de\/gs-klint\/files\/Anleitung-Erstellung-Mensa-Max-Konto_2024.pdf\">Anleitung Erstellung Mensa Max Konto_2024<\/a><\/p>\n<p><a href=\"https:\/\/wordpress.nibis.de\/gs-klint\/files\/Anleitung-Erstellung-Mensa-Max-Konto_UKRAINISCH.pdf\">Anleitung Erstellung Mensa Max Konto_UKRAINISCH<\/a><\/p>\n<p><a href=\"https:\/\/wordpress.nibis.de\/gs-klint\/files\/2020-01-17AdKurzantrag-BUT.odt\" target=\"_blank\" rel=\"noopener noreferrer\"><strong><span style=\"color: #800000\">Antrag auf Leistungen f\u00fcr Bildung und Teilhabe<\/span><\/strong><\/a><\/p>\n<p><span style=\"color: #800000\"><a style=\"color: #800000\" href=\"https:\/\/wordpress.nibis.de\/gs-klint\/files\/2019-03-21LEV-FB40.pdf\" target=\"_blank\" rel=\"noopener noreferrer\"><span style=\"color: #800000\"><strong>Datenschutzrechtliche Hinweise<\/strong><\/span><\/a><\/span><\/p>\n<p>&nbsp;<\/p>\n<p>&nbsp;<\/p>\n","protected":false},"excerpt":{"rendered":"<p>Das Mittagessen in der Mensa der Grundschule Klint Es wird von &#8222;Apetito Catering&#8220; in unserer schuleigenen K\u00fcche zubereitet. In unserer Schulmensa essen alle Schulkinder, die f\u00fcr eine Ganztagsbetreuung angemeldet sind. An festen Tischgruppen von 4 &#8211; 8 Kindern wird gemeinsam unter Aufsicht und Begleitung von Betreuungskr\u00e4ften in der Mittagszeit nach Unterrichtsende und vor Beginn der &hellip; <a href=\"https:\/\/wordpress.nibis.de\/gs-klint\/mittagessen\/\" class=\"more-link\"><span class=\"screen-reader-text\">Mittagessen<\/span> weiterlesen <span class=\"meta-nav\">&rarr;<\/span><\/a><\/p>\n","protected":false},"author":9192438,"featured_media":0,"parent":0,"menu_order":0,"comment_status":"closed","ping_status":"closed","template":"","meta":{"footnotes":""},"class_list":["post-1905","page","type-page","status-publish","hentry"],"_links":{"self":[{"href":"https:\/\/wordpress.nibis.de\/gs-klint\/wp-json\/wp\/v2\/pages\/1905","targetHints":{"allow":["GET"]}}],"collection":[{"href":"https:\/\/wordpress.nibis.de\/gs-klint\/wp-json\/wp\/v2\/pages"}],"about":[{"href":"https:\/\/wordpress.nibis.de\/gs-klint\/wp-json\/wp\/v2\/types\/page"}],"author":[{"embeddable":true,"href":"https:\/\/wordpress.nibis.de\/gs-klint\/wp-json\/wp\/v2\/users\/9192438"}],"replies":[{"embeddable":true,"href":"https:\/\/wordpress.nibis.de\/gs-klint\/wp-json\/wp\/v2\/comments?post=1905"}],"version-history":[{"count":35,"href":"https:\/\/wordpress.nibis.de\/gs-klint\/wp-json\/wp\/v2\/pages\/1905\/revisions"}],"predecessor-version":[{"id":4921,"href":"https:\/\/wordpress.nibis.de\/gs-klint\/wp-json\/wp\/v2\/pages\/1905\/revisions\/4921"}],"wp:attachment":[{"href":"https:\/\/wordpress.nibis.de\/gs-klint\/wp-json\/wp\/v2\/media?parent=1905"}],"curies":[{"name":"wp","href":"https:\/\/api.w.org\/{rel}","templated":true}]}}