{"id":1916,"date":"2017-10-28T22:54:44","date_gmt":"2017-10-28T21:54:44","guid":{"rendered":"http:\/\/wordpress.nibis.de\/gs-klint\/?page_id=1916"},"modified":"2023-08-18T10:20:42","modified_gmt":"2023-08-18T09:20:42","slug":"lesepaten","status":"publish","type":"page","link":"https:\/\/wordpress.nibis.de\/gs-klint\/lesepaten\/","title":{"rendered":"Lesepaten"},"content":{"rendered":"<p style=\"text-align: justify\">In vielen Klassen unserer Schule sind ehrenamtliche \u201eLesepaten\u201c im Einsatz. Sie werden uns \u00fcber die B\u00fcrgerstiftung vermittelt, gern k\u00f6nnen Sie sich aber auch direkt im Sekretariat melden, wenn Sie Interesse an diesem Ehrenamt haben. Sie lesen vor oder \u00fcben mit einzelnen Kindern gezielt das Lesen. Viele Kinder bekommen auf diese Weise zus\u00e4tzliche Unterst\u00fctzung beim Lesenlernen oder entwickeln ihre eigene \u201eLust auf Lesen\u201c.<br \/>\nViele Sch\u00fclerinnen und Sch\u00fcler der 3. und 4. Klassen sind selbst schon als Lesepaten t\u00e4tig. Sie besuchen zum Vorlesen den Kindergarten St. Magni.<\/p>\n","protected":false},"excerpt":{"rendered":"<p>In vielen Klassen unserer Schule sind ehrenamtliche \u201eLesepaten\u201c im Einsatz. Sie werden uns \u00fcber die B\u00fcrgerstiftung vermittelt, gern k\u00f6nnen Sie sich aber auch direkt im Sekretariat melden, wenn Sie Interesse an diesem Ehrenamt haben. Sie lesen vor oder \u00fcben mit einzelnen Kindern gezielt das Lesen. Viele Kinder bekommen auf diese Weise zus\u00e4tzliche Unterst\u00fctzung beim Lesenlernen &hellip; <a href=\"https:\/\/wordpress.nibis.de\/gs-klint\/lesepaten\/\" class=\"more-link\"><span class=\"screen-reader-text\">Lesepaten<\/span> weiterlesen <span class=\"meta-nav\">&rarr;<\/span><\/a><\/p>\n","protected":false},"author":9192438,"featured_media":0,"parent":0,"menu_order":0,"comment_status":"closed","ping_status":"closed","template":"","meta":{"footnotes":""},"class_list":["post-1916","page","type-page","status-publish","hentry"],"_links":{"self":[{"href":"https:\/\/wordpress.nibis.de\/gs-klint\/wp-json\/wp\/v2\/pages\/1916","targetHints":{"allow":["GET"]}}],"collection":[{"href":"https:\/\/wordpress.nibis.de\/gs-klint\/wp-json\/wp\/v2\/pages"}],"about":[{"href":"https:\/\/wordpress.nibis.de\/gs-klint\/wp-json\/wp\/v2\/types\/page"}],"author":[{"embeddable":true,"href":"https:\/\/wordpress.nibis.de\/gs-klint\/wp-json\/wp\/v2\/users\/9192438"}],"replies":[{"embeddable":true,"href":"https:\/\/wordpress.nibis.de\/gs-klint\/wp-json\/wp\/v2\/comments?post=1916"}],"version-history":[{"count":3,"href":"https:\/\/wordpress.nibis.de\/gs-klint\/wp-json\/wp\/v2\/pages\/1916\/revisions"}],"predecessor-version":[{"id":2767,"href":"https:\/\/wordpress.nibis.de\/gs-klint\/wp-json\/wp\/v2\/pages\/1916\/revisions\/2767"}],"wp:attachment":[{"href":"https:\/\/wordpress.nibis.de\/gs-klint\/wp-json\/wp\/v2\/media?parent=1916"}],"curies":[{"name":"wp","href":"https:\/\/api.w.org\/{rel}","templated":true}]}}